{"id":12091,"date":"2019-02-08T09:58:08","date_gmt":"2019-02-08T09:58:08","guid":{"rendered":"https:\/\/staging.nylawnet.com\/?page_id=12091"},"modified":"2020-12-23T19:05:57","modified_gmt":"2020-12-23T19:05:57","slug":"about-us","status":"publish","type":"page","link":"https:\/\/staging.nylawnet.com\/es\/about-us\/","title":{"rendered":"Qui\u00e9nes Somos"},"content":{"rendered":"<p>[vc_row][vc_column width=\u00bb1\/1&#8243;][vc_column_text]<\/p>\n<h1>Qui\u00e9nes Somos<\/h1>\n<p><script src=\"https:\/\/fast.wistia.com\/embed\/medias\/lxeifokbes.jsonp\" async><\/script><script src=\"https:\/\/fast.wistia.com\/assets\/external\/E-v1.js\" async><\/script><\/p>\n<div class=\"wistia_responsive_padding\" style=\"padding: 56.25% 0 0 0; position: relative;\">\n<div class=\"wistia_responsive_wrapper\" style=\"height: 100%; left: 0; position: absolute; top: 0; width: 100%;\">\n<div class=\"wistia_embed wistia_async_lxeifokbes videoFoam=true\" style=\"height: 100%; width: 100%;\"><\/div>\n<\/div>\n<\/div>\n<h3><strong>Los n\u00fameros no mienten<\/strong><\/h3>\n<ul>\n<li>Tenemos m\u00e1s de <strong>20 a\u00f1os de experiencia<\/strong> en derecho, experiencia que se suma hacia GANAR tu caso<\/li>\n<li>Durante ese tiempo, <strong>hemos ganado m\u00e1s de $50,000,000<\/strong> para nuestros clientes.<\/li>\n<li>Nos gusta ganar, y lo hacemos:<strong>el 98% de nuestros clientes reciben la compensaci\u00f3n que merecen<\/strong> por sus lesiones y p\u00e9rdidas.<\/li>\n<\/ul>\n<p>Con un historial como ese, no tiene sentido ir a otro lugar cuando necesitas un abogado de lesiones personales. Estamos aqu\u00ed, de tu lado.<\/p>\n<h2>Los accidentes pueden ser devastadores, pero podemos ayudar<\/h2>\n<p>Cuando has sido lesionado en un accidente, eso afecta todos los aspectos de tu vida. Con los crecientes gastos m\u00e9dicos, la p\u00e9rdida de ingresos y el trauma emocional, puedes sentir como si todo tu mundo se hubiera visto envuelto en un caos completo. Incluso lesiones menores pueden ser una interrupci\u00f3n, pero las lesiones graves pueden tener un impacto profundo a largo plazo en tu calidad de vida. Puedes sentirte como si estuvieras atrapado en un ciclo interminable de facturas y m\u00e9dicos sin salida.<\/p>\n<p>Cuando has sufrido lesiones a manos de otra persona, eso es a\u00fan m\u00e1s dif\u00edcil de manejar. La injusticia de tener que llevar la peor parte por la negligencia de otra persona, ya sea una lesi\u00f3n laboral, un accidente automovil\u00edstico, una responsabilidad por un producto, una negligencia m\u00e9dica o algo m\u00e1s, pone tu bienestar en manos de otro.<\/p>\n<h3>Abogados de lesiones personales en Long Island<\/h3>\n<p>En <a href=\"https:\/\/staging.nylawnet.com\">Siler &amp; Ingber<\/a>, entendemos por lo que est\u00e1s pasando y queremos ayudarte. Somos abogados expertos en lesiones personales de Long Island y estamos dedicados a ayudar a personas lesionadas, como t\u00fa, a obtener justicia y recuperar sus vidas. Si bien nuestro primer objetivo es asegurarnos de que recibas una compensaci\u00f3n total por tus lesiones, tambi\u00e9n nos preocupamos por tu bienestar f\u00edsico y emocional.<\/p>\n<p>Cuando est\u00e1s sin trabajo y las facturas se acumulan, puede parecer una situaci\u00f3n muy dif\u00edcil. Est\u00e1s tratando de protegerte f\u00edsica y mentalmente, as\u00ed como financieramente. Decir que puede ser abrumador es subestimarte. Perm\u00edtenos ayudarte a obtener la compensaci\u00f3n que mereces. Ya sea que se pelee la batalla en el juicio en una sala de tribunal o detr\u00e1s de puertas cerradas en una conciliaci\u00f3n, estaremos a tu disposici\u00f3n en cada paso del camino. Esa es nuestra promesa para ti.<\/p>\n<h4>Al servicio de la comunidad de Long Island por m\u00e1s de 20 a\u00f1os<\/h4>\n<p>Amamos al pueblo de Long Island y eso se nota en el apoyo a nuestra comunidad. Desde nuestra promoci\u00f3n de concientizaci\u00f3n del Mes de la salud del coraz\u00f3n hasta la distribuci\u00f3n de alimentos de Cops Who Care que financiamos para brindar comidas a familias desfavorecidas, hacemos todo lo posible para ayudar a la comunidad que es nuestro hogar. Tal vez eso signifique dar la mano y regalar algunas golosinas en Myrtle Avenue Street Fair in Queens, o simplemente escuchar con atenci\u00f3n y compasi\u00f3n a un cliente que ha salido herido en un accidente. Cualquiera que sea el caso, lo hacemos porque valoramos a la gente de Nueva York. En Siler &amp; Ingber, creemos en la importancia de retribuir.<\/p>\n<p>Nuestros abogados tambi\u00e9n se complacen hablando en eventos locales, foros comunitarios, escuelas locales o cualquier otra reuni\u00f3n de personas de buen car\u00e1cter. No dudes en llamarnos para que uno de <a href=\"https:\/\/staging.nylawnet.com\/contact\/request-a-speaker\/\"> nuestros abogados sea orador en tu evento.<\/a>.<\/p>\n<h3>Has la llamada y obt\u00e9n verdadera paz mental<\/h3>\n<p>Recuperarse de un accidente, incluso con lesiones leves, puede ser estresante. Presiona a los padres, a los hijos, a los esposos, a las esposas; es posible que sientas que tu familia se est\u00e1 desmoronando, que t\u00fa te est\u00e1s deshaciendo. Lo entendemos. Cuando llames a Siler &amp; Ingber, se te pondr\u00e1 en contacto con un abogado que no solo quiere ver que recibas la compensaci\u00f3n por las lesiones que mereces, sino que tambi\u00e9n se preocupa por ti y el bienestar de tu familia. Perm\u00edtenos quitar algo de preocupaci\u00f3n y ayudarte a superar este momento dif\u00edcil para que puedas concentrarte en cosas importantes: las personas que amas, tu recuperaci\u00f3n y la recuperaci\u00f3n de tu vida. Llama hoy y descubre lo bien que se siente tener una verdadera paz mental. Te lo mereces.[\/vc_column_text][\/vc_column][\/vc_row]<\/p>\n","protected":false},"excerpt":{"rendered":"<p>[vc_row][vc_column width=\u00bb1\/1&#8243;][vc_column_text] Qui\u00e9nes Somos Los n\u00fameros no mienten Tenemos m\u00e1s de 20 a\u00f1os de experiencia en derecho, experiencia que se suma hacia GANAR tu caso Durante ese tiempo, hemos ganado m\u00e1s de $50,000,000 para nuestros clientes. Nos gusta ganar, y lo hacemos:el 98% de nuestros clientes reciben la compensaci\u00f3n que merecen por sus lesiones y&#8230;<\/p>\n","protected":false},"author":10,"featured_media":0,"parent":0,"menu_order":0,"comment_status":"closed","ping_status":"closed","template":"","meta":[],"_links":{"self":[{"href":"https:\/\/staging.nylawnet.com\/es\/wp-json\/wp\/v2\/pages\/12091\/"}],"collection":[{"href":"https:\/\/staging.nylawnet.com\/es\/wp-json\/wp\/v2\/pages\/"}],"about":[{"href":"https:\/\/staging.nylawnet.com\/es\/wp-json\/wp\/v2\/types\/page\/"}],"author":[{"embeddable":true,"href":"https:\/\/staging.nylawnet.com\/es\/wp-json\/wp\/v2\/users\/10\/"}],"replies":[{"embeddable":true,"href":"https:\/\/staging.nylawnet.com\/es\/wp-json\/wp\/v2\/comments\/?post=12091"}],"version-history":[{"count":3,"href":"https:\/\/staging.nylawnet.com\/es\/wp-json\/wp\/v2\/pages\/12091\/revisions\/"}],"predecessor-version":[{"id":13512,"href":"https:\/\/staging.nylawnet.com\/es\/wp-json\/wp\/v2\/pages\/12091\/revisions\/13512\/"}],"wp:attachment":[{"href":"https:\/\/staging.nylawnet.com\/es\/wp-json\/wp\/v2\/media\/?parent=12091"}],"curies":[{"name":"wp","href":"https:\/\/api.w.org\/{rel}","templated":true}]}}