{"id":12095,"date":"2019-02-11T05:33:29","date_gmt":"2019-02-11T05:33:29","guid":{"rendered":"https:\/\/staging.nylawnet.com\/?page_id=12095"},"modified":"2019-06-11T15:15:59","modified_gmt":"2019-06-11T15:15:59","slug":"attorneys","status":"publish","type":"page","link":"https:\/\/staging.nylawnet.com\/es\/attorneys\/","title":{"rendered":"Abogados"},"content":{"rendered":"<p>[vc_row][vc_column][vc_column_text el_class=\u00bbpersonal-injury-lawyer-in-new-york\u00bb]<\/p>\n<h1>Abogados<\/h1>\n<div id=\"ronald-d-ingber\" class=\"one-of-the-top-car-accident-attorneys-in-new-york-city\">\n<p><img loading=\"lazy\" class=\"one-of-the-best-personal-injury-lawyers-in-new-york alignleft\" src=\"https:\/\/staging.nylawnet.com\/wp-content\/uploads\/2017\/05\/Ronald-D-Ingber-Attorney.jpg\" alt=\"One of the top Personal Injury Attorneys in New York\" width=\"400\" height=\"400\" \/><\/p>\n<h2 class=\"attorney-name\"><strong>RONALD D. INGBER<\/strong><\/h2>\n<h3 class=\"attorney-title\"><em>Socio Director<\/em><\/h3>\n<div class=\"profile-link-div\"><a class=\"profile-anchors attorneys-attorney1\" href=\"#\">Email<\/a><a class=\"profile-anchors\" href=\"https:\/\/www.linkedin.com\/in\/ringber\/\">LinkedIn<\/a><a class=\"profile-anchors\" href=\"https:\/\/www.avvo.com\/attorneys\/11501-ny-ronald-ingber-954957.html\">Avvo<\/a><\/div>\n<div class=\"attorney-bio text-block-hide\">\n<p>Ronald D. Ingber, socio director del bufete de abogados de Nueva York, Siler &amp; Ingber, es un<br \/>\nlitigante experimentado que pone todo su empe\u00f1o en mejorar la vida de quienes acuden a Siler &amp;<br \/>\nIngber por representaci\u00f3n legal. Con pasi\u00f3n por la ley, \u00e9l desea representar a las v\u00edctimas de<br \/>\naccidentes y corregir los males que se les presentan al luchar contra las poderosas compa\u00f1\u00edas de<br \/>\nseguros. Ronald ha litigado con \u00e9xito casos de lesiones personales en todo el estado de Nueva<br \/>\nYork, recuperando decenas de millones de d\u00f3lares para sus clientes. Es miembro vitalicio del<br \/>\nMulti-Million Dollar Advocates Forum, un honor disponible solo para los abogados que han<br \/>\nrecibido premios multimillonarios para sus clientes. Ronald tiene m\u00e1s de 20 a\u00f1os de experiencia<br \/>\nen la evaluaci\u00f3n de asuntos civiles complejos para sus clientes, trabajando en acuerdos de tarifas<br \/>\ncontingentes. S\u00f3lo gana si sus clientes ganan. Ser\u00eda dif\u00edcil encontrar un abogado que crea m\u00e1s en<br \/>\nlas causas de sus clientes que Ronald. Se enorgullece de ser un verdadero abogado litigante, no<br \/>\nsolo un abogado que se resuelve. Muchos de los casos de la firma han sido presentados en el New<br \/>\nYork Law Journal, donde Ronald fue el abogado principal. Ronald es miembro de la Asociaci\u00f3n de<br \/>\nAbogados de Juicio del Estado de Nueva York, la Asociaci\u00f3n de Abogados de Estados Unidos, la<br \/>\nAsociaci\u00f3n de Abogados del Condado de Nassau, la Asociaci\u00f3n de Justicia de los Estados Unidos, y<br \/>\nla Asociaci\u00f3n Nacional de Abogados de Lesiones Personales. <a class=\"readmore\" href=\"#\">Lee mas<\/a><\/p>\n<div class=\"readtext\">\n<p>He received his Juris Doctor from Touro College Jacob D. Fuchsberg Law Center where he was an editor for the Touro Law Review. While in law school, he was published and received numerous honors. Ronald is licensed to practice in New York State Courts, the United States District Court for the Eastern District of New York, and the United States District Court for the Southern District of New York. He earned his bachelor of arts in economics and political science from Boston University.<\/p>\n<p>When asked what it is Ronald enjoys most about being a lawyer, the answer is simple \u2013 Winning and helping accident victims get their just due. Ronald\u2019s clients become family and he feels blessed to represent them through difficult times and is passionate about achieving the best results possible. He empathizes with his clients, putting himself in their shoes<\/p>\n<p>In addition to his successful legal career, Ronald is involved in philanthropic endeavors that give back to the community, serving on the board of directors of various not-for profits and being an active participant in several charities.<\/p>\n<p>Ronald, his wife, and children live on Long Island. In his spare time, he enjoys spending time with his family, golf, travel, and is a passionate New York sports fan. <a class=\"readless\" href=\"#\">read less<\/a><\/p>\n<\/div>\n<\/div>\n<div id=\"jeffrey-b-siler\" class=\"one-of-the-top-car-accident-attorneys-in-new-york-city\">\n<p><img loading=\"lazy\" class=\"one-of-the-best-personal-injury-lawyers-in-new-york alignleft\" src=\"https:\/\/staging.nylawnet.com\/wp-content\/uploads\/2017\/06\/jeffrey-b-siler-attorney.jpg\" alt=\"One of the top Personal Injury Attorneys in New York\" width=\"400\" height=\"400\" \/><\/p>\n<h2 class=\"attorney-name\"><strong>JEFFREY B. SILER<\/strong><\/h2>\n<h3 class=\"attorney-title\"><em>Socio<\/em><\/h3>\n<div class=\"profile-link-div\"><a class=\"profile-anchors attorneys-attorney2\" href=\"#\">Email<\/a><a class=\"profile-anchors\" href=\"https:\/\/www.linkedin.com\/in\/jeff-siler-38a9833\/\">LinkedIn<\/a><a class=\"profile-anchors\" href=\"https:\/\/www.avvo.com\/attorneys\/11501-ny-jeffrey-siler-914700.html\">Avvo<\/a><\/div>\n<div class=\"attorney-bio text-block-hide\">\n<p>Jeffrey B. Siler, socio principal del bufete de abogados de Nueva York, Siler &amp; Ingber, tiene m\u00e1s de dos d\u00e9cadas de experiencia en el tratamiento de casos de lesiones personales. Jeffrey ha representado a clientes en m\u00e1s de 100 juicios con jurado en sus 25 a\u00f1os de carrera. \u00c9l es el principal abogado de juicios en Siler &amp; Ingber, que trabaja arduamente para que sus clientes obtengan el mayor premio monetario posible. Con un entendimiento de la forma en que funcionan las compa\u00f1\u00edas de seguros, hoy, como litigante experimentado, representa con \u00e9xito a las v\u00edctimas de accidentes y los derechos que las injusticias les deparan a los clientes. Jeffrey ha litigado con \u00e9xito casos de lesiones personales en Nueva York, incluyendo el Bronx, Manhattan, Brooklyn y Queens. Se enorgullece de ser un verdadero abogado litigante, no solo un abogado que se resuelve. <a class=\"readmore\" href=\"#\">Lee mas<\/a><\/p>\n<div class=\"readtext\">\n<p>Jeffrey\u2019s primary areas of practice include helping people injured in car accidents, truck accidents, and all types of trip and fall accidents. He also helps clients recover money for lost earnings and for medical bills while they are unable to work due to serious injuries. Jeffrey will listen to your needs and fight for you to put your life back together again after your accident.<\/p>\n<p>Jeffrey received his Juris Doctor from New York Law School in 1992, and was admitted to the bar the same year. While in law school, he was elected by the faculty to serve on the prestigious Law Journal based upon his superior grade point average. It was at the University of Rochester, where he earned his bachelor\u2019s degree, where his passion for helping accident victims was ignited.<\/p>\n<p>Jeffrey is a frequent lecturer at The Firemen\u2019s Association of the State of New York (FASNY), teaching people about the dangers of accidents and assisting them in avoiding lawsuits. He has been quoted by newspapers including <em>Newsday, The New York Times, <\/em>and TV news stations including ABC and CBS while representing clients involved in serious accidents.<\/p>\n<p>Giving back is important to Jeffrey, and he serves as a member of the Board of a local charity.<\/p>\n<p>Jeffrey, his wife, and two children live on Long Island. In his spare time, he is an avid tennis and golf player, and is a longtime Yankees and Giants fan. Jeffrey coaches his son\u2019s baseball and football teams and attends their travel baseball tournaments up and down the Eastern Seaboard. <a class=\"readless\" href=\"#\">read less<\/a><\/p>\n<\/div>\n<\/div>\n<\/div>\n<div id=\"gina-hatami\" class=\"one-of-the-top-car-accident-attorneys-in-new-york-city\">\n<p><img loading=\"lazy\" class=\"one-of-the-best-personal-injury-lawyers-in-new-york alignleft\" src=\"https:\/\/staging.nylawnet.com\/wp-content\/uploads\/2017\/06\/gina-hatami-attorney.jpg\" alt=\"One of the top Personal Injury Attorneys in New York\" width=\"400\" height=\"400\" \/><\/p>\n<h2 class=\"attorney-name\"><strong>GINA HATAMI<\/strong><\/h2>\n<h3 class=\"attorney-title\"><em>Asociado Senior<\/em><\/h3>\n<div class=\"profile-link-div\"><a class=\"profile-anchors attorneys-attorney3\" href=\"#\">Email<\/a><a class=\"profile-anchors\" href=\"https:\/\/www.linkedin.com\/in\/gina-hatami-aa5aa551\/\">LinkedIn<\/a><a class=\"profile-anchors\" href=\"https:\/\/www.avvo.com\/attorneys\/11050-ny-gina-hatami-951751.html\">Avvo<\/a><\/div>\n<div class=\"attorney-bio text-block-hide\">\n<p>Gina Hatami es una incorporaci\u00f3n reciente a la firma con una s\u00f3lida carrera en la litigaci\u00f3n de casos de lesiones personales desde su admisi\u00f3n en el colegio de abogados en 1998. Ha manejado una variedad de casos, incluidos accidentes automovil\u00edsticos, casos de locales, negligencia municipal y leyes laborales complejas. Casos de accidentes de construcci\u00f3n entre otras \u00e1reas de la ley. Gina tiene experiencia en todos los aspectos de los litigios y trabaja arduamente para obtener los mejores resultados para sus clientes. Gina es admitida para ejercer la abogac\u00eda en el estado de Nueva York. Se gradu\u00f3 Cum Laude de la Escuela de Derecho de Touro en 1997 con un doctorado (J.D.) donde fue miembro del personal de International Law Review y recibi\u00f3 el Premio de Instrucci\u00f3n Legal Asistido por Computadora a la Excelencia Acad\u00e9mica. Se gradu\u00f3 de la Universidad de Maryland, College Park en 1994 con un B.A. en la justicia penal. <a class=\"readmore\" href=\"#\">Lee mas<\/a><\/p>\n<div class=\"readtext\">\n<p>Gina is a member of the New York State Trial Lawyers Association. She previously worked for a New York City based personal injury plaintiffs&#8217; firm and began her personal injury career working as in-house counsel to a major insurance company. Gina was also selected to participate in a Judical Clerkship Clinic with the Honorable Denis R. Hurley of the U.S. District Court during her last year of law school where she gained invaluable insight to the inner workings of the litigation process. <a class=\"readless\" href=\"#\">read less<\/a><\/p>\n<\/div>\n<\/div>\n<\/div>\n<div id=\"chris\" class=\"one-of-the-top-car-accident-attorneys-in-new-york-city\">\n<p><img loading=\"lazy\" class=\"one-of-the-best-personal-injury-lawyers-in-new-york alignleft\" src=\"https:\/\/staging.nylawnet.com\/wp-content\/uploads\/2018\/04\/Chris-Longman-400.jpg\" alt=\"One of the top Personal Injury Attorneys in New York\" width=\"400\" height=\"400\" \/><\/p>\n<h2 class=\"attorney-name\"><strong>CHRISTOPHER LONGMAN<\/strong><\/h2>\n<h3 class=\"attorney-title\"><em>Abogado Litigante Senior<\/em><\/h3>\n<div class=\"profile-link-div\"><a class=\"profile-anchors attorneys-attorney6\" href=\"https:\/\/staging.nylawnet.com\/contact\/\">Email<\/a><a class=\"profile-anchors\" href=\"https:\/\/www.linkedin.com\/in\/christopherlongman1\/\">LinkedIn<\/a><\/div>\n<div class=\"attorney-bio\">\n<p>Christopher Longman es un abogado litigante senior con m\u00e1s de treinta a\u00f1os de experiencia. Practica en todo tipo de casos de lesiones personales, incluidos accidentes de construcci\u00f3n, accidentes de veh\u00edculos, da\u00f1os materiales, responsabilidad por productos y leyes laborales. Christopher gan\u00f3 uno de los premios por lesiones personales m\u00e1s grandes luego de obtener un veredicto de $37.119 millones con respecto a un cliente que fue golpeado por un taxi.<\/p>\n<p>Christopher recibi\u00f3 su t\u00edtulo de Doctor en Derecho de la New England School of Law en 1983, donde fue finalista de Honors Moot Court y se ubic\u00f3 entre el 15% m\u00e1s alto. Se gradu\u00f3 de la Universidad de Rhode Island en 1979 con un B.S. en Econom\u00eda de Recursos. Christopher fue admitido en el Colegio de Abogados de Nueva York en 1984 y en el Tribunal de Distrito de EE. UU., Distritos del Este y del Sur de Nueva York en 1991. Es miembro del Foro de Millones de Defensores de los D\u00f3lares, del Colegio de Abogados de los condados de Nueva York y Nassau, as\u00ed como del Asociaci\u00f3n de Abogados de Juicio del Estado de Nueva York.<\/p>\n<\/div>\n<\/div>\n<div id=\"jeffrey-miller\" class=\"one-of-the-top-car-accident-attorneys-in-new-york-city\">\n<p><img loading=\"lazy\" class=\"one-of-the-best-personal-injury-lawyers-in-new-york alignleft\" src=\"https:\/\/staging.nylawnet.com\/wp-content\/uploads\/2017\/06\/jeffrey-p-miller-attorney.jpg\" alt=\"One of the top Personal Injury Attorneys in New York\" width=\"400\" height=\"400\" \/><\/p>\n<h2 class=\"attorney-name\"><strong>JEFFREY MILLER<\/strong><\/h2>\n<h3 class=\"attorney-title\"><em>Socio<\/em><\/h3>\n<div class=\"profile-link-div\"><a class=\"profile-anchors attorneys-attorney6\" href=\"#\">Email<\/a><a class=\"profile-anchors\" href=\"https:\/\/www.linkedin.com\/in\/jeffreypmiller\/\">LinkedIn<\/a><a class=\"profile-anchors\" href=\"https:\/\/www.avvo.com\/attorneys\/11501-ny-jeffrey-miller-4539528.html \">Avvo<\/a><\/div>\n<div class=\"attorney-bio\">Jeffrey P. Miller es un abogado asociado de Siler &amp; Ingber, LLP, y tiene licencia para ejercer la abogac\u00eda en Nueva York, Nueva Jersey y el Tribunal de Distrito de los EE. UU. para el Distrito de Nueva Jersey. Jeffrey recibi\u00f3 su Bachillerato de Artes en Derecho y Sociedad de la American University y su Doctorado en Jurisprudencia de la Facultad de Derecho de la Universidad de Hofstra, donde fue becario de inter\u00e9s p\u00fablico de Charles H. Revson Law Student Fellow de la Fundaci\u00f3n de Justicia P\u00fablica, y obtuvo la m\u00e1s alta calificaci\u00f3n. Certificado en servicio p\u00fablico. Como miembro de Family Court Review, Jeffrey escribi\u00f3 \u00abEducaci\u00f3n f\u00edsica: enmienda a la Ley de educaci\u00f3n para personas con discapacidades para limitar la restricci\u00f3n y el aislamiento en escuelas p\u00fablicas y privadas[,]\u00bb un an\u00e1lisis de la necesidad de una legislaci\u00f3n federal para garantizar un est\u00e1ndar uniforme para la restricci\u00f3n y el aislamiento, y limitar su uso a los escenarios adecuados al tiempo que garantiza que se realicen de manera segura y adecuada de manera razonable. Mientras Jeffrey se enfoca en los casos de lesiones personales de los demandantes, su experiencia previa en el trabajo de defensa le da una idea de c\u00f3mo piensan los abogados defensores y le permite evitar o mitigar las trampas en el camino.<\/div>\n<\/div>\n<div id=\"janet-smitelli\" class=\"one-of-the-top-car-accident-attorneys-in-new-york-city\">\n<p><img loading=\"lazy\" class=\"one-of-the-best-personal-injury-lawyers-in-new-york alignleft\" style=\"margin: -20px 30px 30px 0px !important;\" src=\"\/wp-content\/uploads\/2017\/08\/janet-smitelli.jpg\" alt=\"One of the top Personal Injury Attorneys in New York\" width=\"400\" height=\"400\" \/><\/p>\n<h2 class=\"attorney-name\"><strong>JANET HELLER SMITELLI<\/strong><\/h2>\n<h3 class=\"attorney-title\"><em>Abogada<\/em><\/h3>\n<div class=\"profile-link-div\"><a class=\"profile-anchors attorneys-attorney5\" href=\"#\">Email<\/a><a class=\"profile-anchors\" href=\"https:\/\/www.avvo.com\/attorneys\/11501-ny-janet-smitelli-881353.html\">LinkedIn<\/a><\/div>\n<div class=\"attorney-bio text-block-hide\">\n<p>Janet Heller Smitelli ha sido una abogada experimentada y exitosa durante m\u00e1s de treinta a\u00f1os. Ella tiene un impresionante veredicto de juicio y registro de decisiones de movimiento y recibi\u00f3 uno de los Veredictos Principales en el estado de Nueva York. Recibi\u00f3 una doble licenciatura de la Universidad Estatal de Plattsburgh. Despu\u00e9s de graduarse, Janet trabaj\u00f3 como abogada de juicios asociados y luego como socia en la defensa de varios tipos de demandas por lesiones personales. Actualmente, Janet representa a los heridos graves como abogada litigante de Siler &amp; Ingber, LLP. <a class=\"readmore\" href=\"#\">Lee mas<\/a><\/p>\n<div class=\"readtext\">\n<p>In her spare time, Janet has given numerous public and teaching presentations in both litigation and non-law settings. She also has continued to volunteer in her community; most recently with the Boy Scouts of America as an Assistant Scout Master for the past thirteen years. Janet has also recently served on the vestry of her church for the past six years and co-managed their last two major renovation projects. Additionally, Janet is fluent in Spanish and can speak some French as well.<\/p>\n<p>Lastly, but certainly not least, Janet is also politically involved in her local community as a Committee Person with the Huntington Republican Committee since 2007, and an officer of the Republican Women of Huntington for the past three years. She may also, with a little luck and a lot of hard work, soon be even more involved.<a class=\"readless\" href=\"#\">read less<\/a><\/p>\n<\/div>\n<\/div>\n<\/div>\n<\/div>\n<p>[\/vc_column_text][\/vc_column][\/vc_row][vc_row el_class=\u00bbhidethisrow\u00bb][vc_column width=\u00bb1\/1&#8243;][vc_column_text][fc id=&#8217;8&#8242; type=&#8217;popup&#8217; button_color=&#8217;#4488ee&#8217; font_color=&#8217;white&#8217;]Schedule A Free Consultation[\/fc]<\/p>\n<p>[\/vc_column_text][\/vc_column][\/vc_row][vc_row el_class=\u00bbfirstform\u00bb][vc_column width=\u00bb1\/1&#8243;][vc_column_text el_class=\u00bbfirstformrow\u00bb]<\/p>\n<div class=\"contactf1\">[fc id=&#8217;9&#8242; type=&#8217;popup&#8217; button_color=&#8217;#4488ee&#8217; font_color=&#8217;white&#8217;]Schedule A Free Consultation[\/fc]<\/div>\n<p>[\/vc_column_text][\/vc_column][\/vc_row][vc_row el_class=\u00bbsecondform\u00bb][vc_column width=\u00bb1\/1&#8243;][vc_column_text el_class=\u00bbfirstformrow\u00bb]<\/p>\n<div class=\"contactf2\">[fc id=&#8217;10&#8217; type=&#8217;popup&#8217; button_color=&#8217;#4488ee&#8217; font_color=&#8217;white&#8217;]Schedule A Free Consultation[\/fc]<\/div>\n<p>[\/vc_column_text][\/vc_column][\/vc_row][vc_row el_class=\u00bbthirdform\u00bb][vc_column width=\u00bb1\/1&#8243;][vc_column_text el_class=\u00bbfirstformrow\u00bb]<\/p>\n<div class=\"contactf3\">[fc id=&#8217;11&#8217; type=&#8217;popup&#8217; button_color=&#8217;#4488ee&#8217; font_color=&#8217;white&#8217;]Schedule A Free Consultation[\/fc]<\/div>\n<p>[\/vc_column_text][\/vc_column][\/vc_row][vc_row el_class=\u00bbfourthform\u00bb][vc_column width=\u00bb1\/1&#8243;][vc_column_text el_class=\u00bbfirstformrow\u00bb]<\/p>\n<div class=\"contactf4\">[fc id=&#8217;12&#8217; type=&#8217;popup&#8217; button_color=&#8217;#4488ee&#8217; font_color=&#8217;white&#8217;]Schedule A Free Consultation[\/fc]<\/div>\n<p>[\/vc_column_text][\/vc_column][\/vc_row][vc_row el_class=\u00bbfifthform\u00bb][vc_column width=\u00bb1\/1&#8243;][vc_column_text el_class=\u00bbfirstformrow\u00bb]<\/p>\n<div class=\"contactf5\">[fc id=&#8217;14&#8217; type=&#8217;popup&#8217; button_color=&#8217;#4488ee&#8217; font_color=&#8217;white&#8217;]Schedule A Free Consultation[\/fc]<\/div>\n<p>[\/vc_column_text][\/vc_column][\/vc_row][vc_row el_class=\u00bbsixthform\u00bb][vc_column width=\u00bb1\/1&#8243;][vc_column_text el_class=\u00bbfirstformrow\u00bb]<\/p>\n<div class=\"contactf6\">[fc id=&#8217;13&#8217; type=&#8217;popup&#8217; button_color=&#8217;#4488ee&#8217; font_color=&#8217;white&#8217;]Schedule A Free Consultation[\/fc]<\/div>\n<p>[\/vc_column_text][\/vc_column][\/vc_row][vc_row][vc_column][vc_column_text]<\/p>\n<p>[\/vc_column_text][\/vc_column][\/vc_row]<\/p>\n","protected":false},"excerpt":{"rendered":"<p>[vc_row][vc_column][vc_column_text el_class=\u00bbpersonal-injury-lawyer-in-new-york\u00bb] Abogados RONALD D. INGBER Socio Director EmailLinkedInAvvo Ronald D. Ingber, socio director del bufete de abogados de Nueva York, Siler &amp; Ingber, es un litigante experimentado que pone todo su empe\u00f1o en mejorar la vida de quienes acuden a Siler &amp; Ingber por representaci\u00f3n legal. Con pasi\u00f3n por la ley, \u00e9l desea representar&#8230;<\/p>\n","protected":false},"author":10,"featured_media":0,"parent":0,"menu_order":0,"comment_status":"closed","ping_status":"closed","template":"","meta":[],"_links":{"self":[{"href":"https:\/\/staging.nylawnet.com\/es\/wp-json\/wp\/v2\/pages\/12095\/"}],"collection":[{"href":"https:\/\/staging.nylawnet.com\/es\/wp-json\/wp\/v2\/pages\/"}],"about":[{"href":"https:\/\/staging.nylawnet.com\/es\/wp-json\/wp\/v2\/types\/page\/"}],"author":[{"embeddable":true,"href":"https:\/\/staging.nylawnet.com\/es\/wp-json\/wp\/v2\/users\/10\/"}],"replies":[{"embeddable":true,"href":"https:\/\/staging.nylawnet.com\/es\/wp-json\/wp\/v2\/comments\/?post=12095"}],"version-history":[{"count":1,"href":"https:\/\/staging.nylawnet.com\/es\/wp-json\/wp\/v2\/pages\/12095\/revisions\/"}],"predecessor-version":[{"id":12096,"href":"https:\/\/staging.nylawnet.com\/es\/wp-json\/wp\/v2\/pages\/12095\/revisions\/12096\/"}],"wp:attachment":[{"href":"https:\/\/staging.nylawnet.com\/es\/wp-json\/wp\/v2\/media\/?parent=12095"}],"curies":[{"name":"wp","href":"https:\/\/api.w.org\/{rel}","templated":true}]}}