{"id":12111,"date":"2019-02-13T17:06:07","date_gmt":"2019-02-13T17:06:07","guid":{"rendered":"https:\/\/staging.nylawnet.com\/?page_id=12111"},"modified":"2020-12-23T18:58:28","modified_gmt":"2020-12-23T18:58:28","slug":"long-island-car-accident-lawyer","status":"publish","type":"page","link":"https:\/\/staging.nylawnet.com\/es\/long-island-car-accident-lawyer\/","title":{"rendered":"Abogados en Accidentes Automovil\u00edsticos"},"content":{"rendered":"<p>[vc_row][vc_column][vc_column_text]<\/p>\n<h1><strong>Abogados expertos en accidentes automovil\u00edsticos de Long Island<\/strong><\/h1>\n<blockquote><p><i><span style=\"font-weight: 400;\">Cuando sales lesionado en un accidente automovil\u00edstico, necesitas saber c\u00f3mo obtener la compensaci\u00f3n que pagar\u00e1 por tu recuperaci\u00f3n y volver a encarrilar tu vida. Trabaja con un abogado especializado en accidentes automovil\u00edsticos en Long Island para obtener toda la compensaci\u00f3n a la que tienes derecho.<\/span><\/i><\/p><\/blockquote>\n<p><script src=\"https:\/\/fast.wistia.com\/embed\/medias\/bgbrxsb6ij.jsonp\" async><\/script><script src=\"https:\/\/fast.wistia.com\/assets\/external\/E-v1.js\" async><\/script><\/p>\n<div class=\"wistia_responsive_padding\" style=\"padding: 56.25% 0 0 0; position: relative;\">\n<div class=\"wistia_responsive_wrapper\" style=\"height: 100%; left: 0; position: absolute; top: 0; width: 100%;\">\n<div class=\"wistia_embed wistia_async_bgbrxsb6ij videoFoam=true\" style=\"height: 100%; width: 100%;\"><\/div>\n<\/div>\n<\/div>\n<p>Un accidente automovil\u00edstico puede ser una interrupci\u00f3n importante en tu vida que pone todo en riesgo. En el mejor de los casos, terminar\u00e1s con un gran dolor de cabeza y facturas imprevistas por la reparaci\u00f3n de tu aut\u00f3movil. En el peor de los casos, t\u00fa o un ser querido pueden resultar gravemente heridos, incluso muertos. Un accidente automovil\u00edstico puede causar desaf\u00edos f\u00edsicos, financieros y emocionales que duran a\u00f1os despu\u00e9s del impacto inicial.<\/p>\n<p>Un abogado especializado en accidentes automovil\u00edsticos de Siler &amp; Ingber, LLP comprender\u00e1 la dif\u00edcil situaci\u00f3n que presenta tu accidente automovil\u00edstico y luchar\u00e1 para obtener un acuerdo que pueda restaurar tu tranquilidad y tu bienestar financiero. Nuestra firma puede ser un socio que te acompa\u00f1e en estos momentos dif\u00edciles, y puedes contar con nosotros para obtener el dinero que te mereces.<\/p>\n<h2>Leyes en Nueva York que pueden afectar tu caso<\/h2>\n<p>Cuando trabajas con un abogado de nuestra firma, especializado en accidentes automovil\u00edsticos en Long Island, lo primero que haremos ser\u00e1 revisar los hechos de tu caso y comenzar una investigaci\u00f3n para determinar qui\u00e9n fue el responsable y c\u00f3mo proceder.<\/p>\n<p>Nueva York es un estado de seguro de autom\u00f3vil \u00abno-fault\u00bb. Esto significa que no importa qui\u00e9n tuvo la culpa de tu accidente, ambas partes deben primero buscar una compensaci\u00f3n de su propia aseguradora antes de <a href=\"https:\/\/staging.nylawnet.com\/long-island-personal-injury-lawyer\/\">presentar una demanda por lesiones personales.<\/a>. Una parte lesionada es elegible para presentar una demanda m\u00e1s all\u00e1 del sistema no-fault y buscar una compensaci\u00f3n de los culpables si los da\u00f1os superan los $ 50,000; la parte lesionada muestra evidencia de lesiones graves, discapacidad o desfiguraci\u00f3n; o el accidente result\u00f3 en una muerte.<\/p>\n<p>Tu abogado de accidentes de Long Island sabr\u00e1 qu\u00e9 tan importante puede ser el da\u00f1o causado por tu colisi\u00f3n y c\u00f3mo las cuentas pueden acumularse y seguir llegando despu\u00e9s. Trabajaremos para asegurarnos de que todas las dificultades financieras impuestas por tu accidente se tengan en cuenta, y trabajaremos para obtener el acuerdo que mereces.<br \/>\nEl estatuto de limitaciones para casos de lesiones personales en Nueva York es de tres a\u00f1os. Si has sufrido lesiones debido a un accidente automovil\u00edstico causado por la negligencia de otra persona, es importante no dejar que el estatuto de limitaciones de tu demanda por lesiones expire.<\/p>\n<h2>Estad\u00edsticas de accidentes de veh\u00edculos motorizados<\/h2>\n<p>Los abogados de Siler &amp; Ingber compilaron datos de 2014 a 2016 sobre choques de veh\u00edculos motorizados en Long Island. El primer conjunto de tablas muestra el n\u00famero de accidentes y muertes de veh\u00edculos motorizados en los condados de Suffolk y Nassau durante el per\u00edodo de 3 a\u00f1os.<\/p>\n<h3>Motor Vehicle Accidents in Nassau and Suffolk Counties<\/h3>\n<p><iframe loading=\"lazy\" src=\"https:\/\/docs.google.com\/spreadsheets\/d\/e\/2PACX-1vRk9YN6HhTo6dWlyPCMxZiI47v513J1uuXXHX9p_pLtcWpH8rYzhuCxo-gdLeVfQBpilifO48lApkbo\/pubchart?oid=961440183&amp;format=image\" width=\"600\" height=\"400\"><\/iframe><\/p>\n<h3>Motor Vehicle Fatalities in Nassau and Suffolk Counties<\/h3>\n<p><iframe loading=\"lazy\" src=\"https:\/\/docs.google.com\/spreadsheets\/d\/e\/2PACX-1vRk9YN6HhTo6dWlyPCMxZiI47v513J1uuXXHX9p_pLtcWpH8rYzhuCxo-gdLeVfQBpilifO48lApkbo\/pubchart?oid=624130425&amp;format=image\" width=\"600\" height=\"400\"><\/iframe><br \/>\nComo puedes ver, la cantidad de accidentes no vari\u00f3 mucho entre 2014 y 2016, pero s\u00ed disminuy\u00f3. Esto podr\u00eda posiblemente atribuirse a las nuevas leyes sobre conducci\u00f3n distra\u00edda o a m\u00e1s agentes de la ley asignados a estas carreteras del condado. En cuanto al n\u00famero de v\u00edctimas mortales, hubo un gran aumento de 2014 a 2015, pero afortunadamente, la cantidad disminuy\u00f3 en 2016. Sin embargo, incluso una sola muerte es demasiado.<\/p>\n<h3>Comparison: Total Number of Motor Vehicle Accidents and Fatalities in Suffolk and Nassau<\/h3>\n<p><iframe loading=\"lazy\" src=\"https:\/\/docs.google.com\/spreadsheets\/d\/e\/2PACX-1vRk9YN6HhTo6dWlyPCMxZiI47v513J1uuXXHX9p_pLtcWpH8rYzhuCxo-gdLeVfQBpilifO48lApkbo\/pubchart?oid=661266082&amp;format=image\" width=\"600\" height=\"400\"><\/iframe><\/p>\n<h3>Accidentes y muertes por accidentes automovil\u00edsticos en Long Island por d\u00eda de la semana<\/h3>\n<p>Los siguientes dos cuadros muestran el n\u00famero de accidentes y muertes por accidentes automovil\u00edsticos en los condados de Suffolk y Nassau por d\u00eda de la semana. Puede que te sorprendan algunos de los resultados que encontramos..<\/p>\n<p><iframe loading=\"lazy\" src=\"https:\/\/docs.google.com\/spreadsheets\/d\/e\/2PACX-1vRk9YN6HhTo6dWlyPCMxZiI47v513J1uuXXHX9p_pLtcWpH8rYzhuCxo-gdLeVfQBpilifO48lApkbo\/pubchart?oid=1593683707&amp;format=image\" width=\"650\" height=\"450\"><\/iframe><br \/>\n<iframe loading=\"lazy\" src=\"https:\/\/docs.google.com\/spreadsheets\/d\/e\/2PACX-1vRk9YN6HhTo6dWlyPCMxZiI47v513J1uuXXHX9p_pLtcWpH8rYzhuCxo-gdLeVfQBpilifO48lApkbo\/pubchart?oid=2105371607&amp;format=image\" width=\"650\" height=\"450\"><\/iframe><\/p>\n<h2>Tipos de accidentes automovil\u00edsticos<\/h2>\n<p>Cualquier tipo de accidente puede ser extremadamente inquietante. Un abogado experto en accidentes automovil\u00edsticos de Long Island de nuestra oficina tendr\u00e1 experiencia representando v\u00edctimas de todo tipo de accidentes e identificando fallas, incluyendo cualquiera de las siguientes:<\/p>\n<ul>\n<li><a href=\"https:\/\/staging.nylawnet.com\/long-island-car-accident-lawyer\/what-to-do-if-you-get-rear-ended\/\"><strong>Colisiones Traseras:<\/strong> <\/a> las colisiones en traseras a menudo ocurren cuando un autom\u00f3vil sigue a otro muy de cerca, o cuando el autom\u00f3vil en la parte delantera se detiene repentinamente. Estos accidentes pueden causar un da\u00f1o significativo a los veh\u00edculos, y los conductores suelen sufrir latigazos.<\/li>\n<li><strong>Accidente lateral:<\/strong> los accidentes de impacto lateral ocurren cuando la parte delantera de un veh\u00edculo golpea a un lado del otro. Los sitios comunes de accidentes laterales son intersecciones donde un veh\u00edculo no logr\u00f3 detenerse adecuadamente.<\/li>\n<li><a href=\"https:\/\/staging.nylawnet.com\/blog\/sideswipe-accidents\/\"><strong>Choque lado con lado:<\/strong><\/a> los accidentes de choques de lado con lado ocurren cuando los lados de dos autos chocan. Esto puede suceder si, por ejemplo, un conductor desatento se desplaza a otro carril. Es com\u00fan que la conducci\u00f3n distra\u00edda tenga que ver en estos accidentes, aunque muchos otros factores, como las malas condiciones de la carretera, pueden ser culpables.<\/li>\n<li><strong>Colisiones frontales:<\/strong> estas colisiones ocurren cuando las partes delanteras de dos veh\u00edculos chocan, y son especialmente peligrosas. Las colisiones de frente con frecuencia dan como resultado lesiones importantes, como la m\u00e9dula espinal o una lesi\u00f3n cerebral traum\u00e1tica, o incluso la muerte.<\/li>\n<li><strong>Accidentes de vuelco:<\/strong> es m\u00e1s probable que un autom\u00f3vil con un centro de gravedad alto, como una camioneta o un SUV, experimente un accidente de vuelco, durante el cual un veh\u00edculo pierde su agarre en la carretera y se da vuelta, posiblemente varias veces. Si bien el dise\u00f1o defectuoso de un veh\u00edculo o una carretera es a veces el culpable, un vuelco podr\u00eda ser causado por un conductor que obliga a otro a salirse de la carretera.<\/li>\n<\/ul>\n<h2>Estad\u00edsticas de accidentes de veh\u00edculos: descriptores de accidentes<\/h2>\n<p>La tabla a continuaci\u00f3n muestra los porcentajes de cada tipo de accidente: accidente de lesi\u00f3n, accidente fatal, da\u00f1o a la propiedad y accidente de lesi\u00f3n y da\u00f1o a la propiedad. La mayor\u00eda de los choques automovil\u00edsticos en los condados de Suffolk y Nassau solo ocasionaron da\u00f1os a la propiedad.<\/p>\n<p><iframe loading=\"lazy\" src=\"https:\/\/docs.google.com\/spreadsheets\/d\/e\/2PACX-1vRk9YN6HhTo6dWlyPCMxZiI47v513J1uuXXHX9p_pLtcWpH8rYzhuCxo-gdLeVfQBpilifO48lApkbo\/pubchart?oid=1127543864&amp;format=image\" width=\"600\" height=\"400\"><\/iframe><\/p>\n<h2>Identificando qu\u00e9 caus\u00f3 tu accidente automovil\u00edstico<\/h2>\n<p>No importa el tipo de accidente que hayas sufrido, no deber\u00edas tener que lidiar con las consecuencias f\u00edsicas, emocionales y financieras solo si la negligencia de otra persona caus\u00f3 tu accidente y lesiones posteriores. Tu abogado experto en accidentes automovil\u00edsticos de Long Island identificar\u00e1 a todas las partes negligentes involucradas en tu accidente. Este es un paso crucial, ya que recuperar la compensaci\u00f3n total requiere nombrarlos a todos en tu demanda.<\/p>\n<p>Todas las causas potenciales deber\u00e1n considerarse durante la investigaci\u00f3n, como las que se describen a continuaci\u00f3n:<\/p>\n<ul>\n<li><a href=\"https:\/\/staging.nylawnet.com\/long-island-car-accident-lawyer\/long-island-drunk-driving-accident-lawyer\/\"><strong>Conducir ebrio:<\/strong><\/a> en Nueva York, <a href=\"https:\/\/www.cdc.gov\/motorvehiclesafety\/pdf\/impaired_driving\/drunk_driving_in_ny.pdf\" target=\"_blank\" rel=\"noopener noreferrer\">el 1.4 por ciento de las personas<\/a> reportan haber conducido despu\u00e9s de consumir demasiado alcohol. Manejar en estado de ebriedad es un comportamiento muy negligente y podr\u00eda calificarlo para recibir da\u00f1os punitivos para poder castigar al conductor intoxicado.<\/li>\n<li><strong>Conducci\u00f3n distra\u00edda:<\/strong> cualquier conductor que se vea involucrado en un comportamiento que lo distraiga de la carretera es un conductor distra\u00eddo. Estos comportamientos pueden incluir comer, enviar mensajes de texto, cambiar la estaci\u00f3n de radio, discutir con los pasajeros y muchas otras cosas.<\/li>\n<li><a href=\"https:\/\/staging.nylawnet.com\/blog\/drowsy-driving-an-underrated-danger\/\"><strong>Conducci\u00f3n con sue\u00f1o: <\/strong><\/a> aunque conducir con sue\u00f1o es indudablemente peligroso, es alarmantemente com\u00fan y suele estar presente en <a href=\"https:\/\/staging.nylawnet.com\/long-island-truck-accident-lawyer\/\">accidentes que involucran camiones comerciales.<\/a>.<\/li>\n<li><strong>Conducci\u00f3n a alta velocidad:<\/strong> Conducir a alta velocidad es otro comportamiento com\u00fan pero innegablemente peligroso. Tambi\u00e9n es una decisi\u00f3n tomada por el otro conductor, lo que significa que demostrarlo ayudar\u00e1 en gran medida a probar tu caso.<\/li>\n<\/ul>\n<h2>Obt\u00e9n una indemnizaci\u00f3n por tus lesiones y da\u00f1os<\/h2>\n<p>Si bien una oferta de liquidaci\u00f3n inicial de la compa\u00f1\u00eda de seguros puede cubrir solo tus necesidades inmediatas, tu abogado de accidentes automovil\u00edsticos en Long Island comprender\u00e1 tus necesidades a largo plazo y el dinero necesario para tu atenci\u00f3n.<\/p>\n<p>Al valorar tu demanda, nos aseguraremos de que la compensaci\u00f3n que recibas cubra todos los gastos financieros incurridos por el accidente y el da\u00f1o causado a tu calidad de vida:<\/p>\n<ul>\n<li>Facturas m\u00e9dicas actuales y futuras.<\/li>\n<li>Costos de reparaci\u00f3n o reemplazo de autom\u00f3viles.<\/li>\n<li>Terapia f\u00edsica o emocional.<\/li>\n<li>P\u00e9rdida de salarios e ingresos.<\/li>\n<li>Dolor y sufrimiento<\/li>\n<li>Angustia emocional y desfiguraci\u00f3n.<\/li>\n<li>Perdi\u00f3 el goce de la vida.<\/li>\n<\/ul>\n<h2><strong>Preguntas para hacerle a un abogado despu\u00e9s de un accidente automovil\u00edstico<\/strong><\/h2>\n<p><span style=\"font-weight: 400;\">Cuando ha estado involucrado en una colisi\u00f3n autom\u00e1tica, es normal sentirse confundido. Es probable que tengas muchas preguntas y desees hacer todo lo posible para obtener la ayuda financiera que mereces. <\/span><\/p>\n<p><span style=\"font-weight: 400;\">Trabajar con un abogado es una de las mejores maneras de optimizar tus esfuerzos despu\u00e9s de tu accidente. \u00bfPero cu\u00e1les son algunas buenas preguntas para hacerle a un abogado despu\u00e9s de un accidente automovil\u00edstico? <\/span><\/p>\n<p><span style=\"font-weight: 400;\">Los abogados de Siler &amp; Ingber, LLP tienen un gran conocimiento en esta \u00e1rea de la ley, y estamos aqu\u00ed para ofrecerte nuestra asistencia. A continuaci\u00f3n, destacamos algunos temas cruciales para cubrir con tu abogado. <\/span><\/p>\n<h3><strong>\u00bfQu\u00e9 piezas de evidencia necesito?<\/strong><\/h3>\n<p><span style=\"font-weight: 400;\">Esta es una de las preguntas m\u00e1s importantes que debe hacer un abogado despu\u00e9s de un accidente automovil\u00edstico. Recopilar evidencia es una parte crucial del proceso de demanda. Con la evidencia correcta, tu abogado podr\u00e1 demostrar tu falta de responsabilidad en tu accidente, lo que no le dar\u00e1 a la compa\u00f1\u00eda de seguros otra opci\u00f3n que ofrecerte el monto m\u00e1ximo de compensaci\u00f3n.<\/span><\/p>\n<p><span style=\"font-weight: 400;\">Como tal, tu abogado puede necesitar fotograf\u00edas de la escena del accidente, registros m\u00e9dicos, declaraciones de testigos y una declaraci\u00f3n de tu m\u00e9dico que describa la gravedad de tus lesiones, si es que sufriste alguna.<\/span><\/p>\n<h3><strong>\u00bfCu\u00e1l es el valor de mi demanda?<\/strong><\/h3>\n<p><span style=\"font-weight: 400;\">Muchas v\u00edctimas est\u00e1n preocupadas por recuperar una compensaci\u00f3n despu\u00e9s de sus colisiones y por una buena raz\u00f3n. Entre las facturas m\u00e9dicas, los da\u00f1os a la propiedad y el hecho de que se vean obligados a tomar tiempo para recuperarse, su colisi\u00f3n podr\u00eda dejarlo en un estado financiero gravemente comprometido. <\/span><\/p>\n<p><span style=\"font-weight: 400;\">Si bien es posible que tu abogado no pueda darle una cantidad exacta durante las fases iniciales de presentaci\u00f3n, podemos ayudarte a determinar qu\u00e9 beneficios son elegibles para recuperar, como dolor y sufrimiento, p\u00e9rdida de capacidad de ingresos y atenci\u00f3n m\u00e9dica. Tambi\u00e9n haremos todo lo que est\u00e9 a nuestro alcance para obtener la m\u00e1xima compensaci\u00f3n de la compa\u00f1\u00eda de seguros, incluso si eso significa acudir a los tribunales. <\/span><\/p>\n<h3><strong>\u00bfTengo un caso viable?<\/strong><\/h3>\n<p><span style=\"font-weight: 400;\">Nueva York es un <\/span><span style=\"font-weight: 400;\">estado no-fault<\/span><span style=\"font-weight: 400;\">, lo que significa que no buscar\u00e1 una compensaci\u00f3n del otro conductor a menos que sus da\u00f1os o lesiones superen ciertos l\u00edmites. <\/span><\/p>\n<p><span style=\"font-weight: 400;\">Sin embargo, hay muchos casos en los que la compa\u00f1\u00eda de seguros no est\u00e1 dispuesta a cooperar con las v\u00edctimas y proporcionarles el dinero que merecen. En estos casos, ciertamente tiene derecho a solicitar los servicios de un abogado y llevar a la compa\u00f1\u00eda de seguros a los tribunales.<\/span><\/p>\n<h3>\u00bfQui\u00e9n es responsable si las peligrosas condiciones de la carretera causaron mi accidente?<\/h3>\n<p>Si algo como un bache, un desnivel mal hecho o un carril irregular caus\u00f3 tu accidente, entonces la agencia gubernamental a cargo de mantener la carretera podr\u00eda ser responsable. Dependiendo de las circunstancias, una empresa de construcci\u00f3n de carreteras tambi\u00e9n podr\u00eda tener la culpa.<\/p>\n<h3>\u00bfDe qui\u00e9n busco una compensaci\u00f3n si fui golpeado por un conductor de viaje compartido?<\/h3>\n<p><a href=\"https:\/\/staging.nylawnet.com\/long-island-car-accident-lawyer\/long-island-uber-accident-lawyer\/\">Los casos que involucran a los conductores de Uber y Lyft<\/a> pueden ser complicados porque es posible que debas presentar tu demanda contra el conductor o la compa\u00f1\u00eda de viaje compartido, pero cu\u00e1l depender\u00e1 del estado de la aplicaci\u00f3n de viaje compartido en el momento del accidente y si el conductor tuvo una pagando viaje en progreso<\/p>\n<h3>\u00bfQu\u00e9 sucede cuando me he lesionado en un accidente con un conductor sin seguro?<\/h3>\n<p>Si tiene la cobertura adecuada,<a href=\"https:\/\/staging.nylawnet.com\/long-island-car-accident-lawyer\/long-island-uninsured-accident-lawyer\/\"> una demanda de conductor no asegurado<\/a> puede proporcionarte una compensaci\u00f3n por algunos de tus da\u00f1os. Esto requiere precauci\u00f3n ya que incluso tu propia compa\u00f1\u00eda de seguros intentar\u00e1 reducir el monto de tu liquidaci\u00f3n. Tambi\u00e9n puede tener la opci\u00f3n de demandar directamente al otro conductor, pero primero deberemos determinar si el conductor tiene los activos para proporcionarle una compensaci\u00f3n.<\/p>\n<h3>\u00bfCu\u00e1nto tiempo tengo que presentar?<\/h3>\n<p>Varios factores pueden afectar el tiempo que tiene para presentar una demanda de compensaci\u00f3n despu\u00e9s de un accidente automovil\u00edstico en Long Island, pero generalmente tendr\u00e1 tres a\u00f1os a partir de la fecha del accidente para presentar tu demanda por lesiones personales.<\/p>\n<h3>\u00bfQu\u00e9 significa que Nueva York es un estado no-fault?<\/h3>\n<p>Significa que el estado de Nueva York les pide a los conductores que tengan un seguro no-fault, que est\u00e1 dise\u00f1ado para cubrir sus cuentas m\u00e9dicas y la p\u00e9rdida de salarios despu\u00e9s de su accidente automovil\u00edstico, independientemente de qui\u00e9n tuvo la culpa.<\/p>\n<p>Tambi\u00e9n significa que tendr\u00e1s que <a href=\"https:\/\/staging.nylawnet.com\/long-island-personal-injury-lawyer\/\">demostrar que tuviste una lesi\u00f3n grave<\/a> si necesitas presentar una demanda de compensaci\u00f3n adicional. Estas demanda pueden cubrir da\u00f1os intangibles como el dolor y el sufrimiento.<\/p>\n<h3>\u00bfTengo la culpa de un accidente automovil\u00edstico?<\/h3>\n<p>No necesariamente. Si bien inicialmente puede parecer que no hay nadie a quien culpar sino a ti mismo, otras partes podr\u00edan ser responsables de tu accidente de un solo autom\u00f3vil en Long Island.<\/p>\n<p>Por ejemplo, si la carretera no era segura y caus\u00f3 tu accidente, podr\u00edas demandar a la agencia responsable del mantenimiento de esa carretera. Del mismo modo, puedes nombrar a un fabricante de piezas en tu demanda si una <a href=\"https:\/\/staging.nylawnet.com\/long-island-product-liability-lawyer\/\">pieza defectuosa en tu autom\u00f3vil caus\u00f3 tu accidente.<\/a>.<\/p>\n<h3>\u00bfQu\u00e9 debo decirle a la compa\u00f1\u00eda de seguros despu\u00e9s de un accidente?<\/h3>\n<p>Debe informar a la compa\u00f1\u00eda de seguros lo menos posible hasta que haya tenido la oportunidad de contactar a un abogado de accidentes de autom\u00f3viles en Long Island. Esto te ayudar\u00e1 a evitar que te veas responsable. D\u00edle a la compa\u00f1\u00eda de seguros que se comunique con tu abogado.<\/p>\n<h3>\u00bfQu\u00e9 pasa si el otro conductor no ten\u00eda seguro?<\/h3>\n<p>La mayor\u00eda de las p\u00f3lizas de seguro brindan cobertura para conductores sin seguro.<\/p>\n<p>Si bien tu compa\u00f1\u00eda de seguros puede prometer que te compensar\u00e1 por los accidentes en los que el otro conductor no tiene seguro, puedes encontrar que la compa\u00f1\u00eda de seguros est\u00e1 tratando de ofrecerte poco o incluso negarse a pagarte. Por eso es importante ponerse en contacto con un abogado de accidentes automovil\u00edsticos de Long Island.<\/p>\n<h3>\u00bfQu\u00e9 pasa si tengo m\u00e1s preguntas?<\/h3>\n<p>Si tienes m\u00e1s preguntas, los abogados de <a href=\"https:\/\/staging.nylawnet.com\/\">Siler &amp; Ingber, LLP<\/a> tienen m\u00e1s respuestas. Para ponerse en contacto con un abogado de accidentes automovil\u00edsticos en Long Island, ll\u00e1manos al <a href=\"tel:18777186079\">1-877-718-6079<\/a> o complets el formulario a continuaci\u00f3n.<\/p>\n<h2>P\u00f3nte en contacto con un abogado de accidente de auto de Long Island<\/h2>\n<p>Si bien los d\u00edas y las semanas posteriores a un accidente automovil\u00edstico pueden ser abrumadores, hay esperanza. Comun\u00edcate hoy mismo con un abogado especializado en accidentes automovil\u00edsticos en Long Island con <a href=\"https:\/\/staging.nylawnet.com\/\">Siler &amp; Ingber, LLP<\/a> y comienza el proceso de obtener la compensaci\u00f3n que mereces. Llama al <a href=\"tel:18777186079\">1-877-718-6079<\/a>, o usa el formulario de contacto en l\u00ednea en esta p\u00e1gina para programar una consulta gratuita y sin compromiso.<\/p>\n<p>&nbsp;<\/p>\n<p>[\/vc_column_text][\/vc_column][\/vc_row][vc_row el_class=\u00bbhidethisrow\u00bb][vc_column width=\u00bb1\/1&#8243;][vc_column_text][fc id=&#8217;8&#8242; type=&#8217;popup&#8217; button_color=&#8217;#4488ee&#8217; font_color=&#8217;white&#8217;]Schedule A Free Consultation[\/fc]<\/p>\n<p>[\/vc_column_text][\/vc_column][\/vc_row]<\/p>\n","protected":false},"excerpt":{"rendered":"<p>[vc_row][vc_column][vc_column_text] Abogados expertos en accidentes automovil\u00edsticos de Long Island Cuando sales lesionado en un accidente automovil\u00edstico, necesitas saber c\u00f3mo obtener la compensaci\u00f3n que pagar\u00e1 por tu recuperaci\u00f3n y volver a encarrilar tu vida. Trabaja con un abogado especializado en accidentes automovil\u00edsticos en Long Island para obtener toda la compensaci\u00f3n a la que tienes derecho. Un&#8230;<\/p>\n","protected":false},"author":10,"featured_media":0,"parent":0,"menu_order":0,"comment_status":"closed","ping_status":"closed","template":"","meta":[],"_links":{"self":[{"href":"https:\/\/staging.nylawnet.com\/es\/wp-json\/wp\/v2\/pages\/12111\/"}],"collection":[{"href":"https:\/\/staging.nylawnet.com\/es\/wp-json\/wp\/v2\/pages\/"}],"about":[{"href":"https:\/\/staging.nylawnet.com\/es\/wp-json\/wp\/v2\/types\/page\/"}],"author":[{"embeddable":true,"href":"https:\/\/staging.nylawnet.com\/es\/wp-json\/wp\/v2\/users\/10\/"}],"replies":[{"embeddable":true,"href":"https:\/\/staging.nylawnet.com\/es\/wp-json\/wp\/v2\/comments\/?post=12111"}],"version-history":[{"count":2,"href":"https:\/\/staging.nylawnet.com\/es\/wp-json\/wp\/v2\/pages\/12111\/revisions\/"}],"predecessor-version":[{"id":13507,"href":"https:\/\/staging.nylawnet.com\/es\/wp-json\/wp\/v2\/pages\/12111\/revisions\/13507\/"}],"wp:attachment":[{"href":"https:\/\/staging.nylawnet.com\/es\/wp-json\/wp\/v2\/media\/?parent=12111"}],"curies":[{"name":"wp","href":"https:\/\/api.w.org\/{rel}","templated":true}]}}