{"id":12116,"date":"2019-02-14T05:21:46","date_gmt":"2019-02-14T05:21:46","guid":{"rendered":"https:\/\/staging.nylawnet.com\/?page_id=12116"},"modified":"2019-06-11T17:44:28","modified_gmt":"2019-06-11T17:44:28","slug":"long-island-personal-injury-lawsuits","status":"publish","type":"page","link":"https:\/\/staging.nylawnet.com\/es\/long-island-personal-injury-lawsuits\/","title":{"rendered":"Long Island Demandas por Lesiones Personales"},"content":{"rendered":"<p>[vc_row][vc_column][vc_column_text]<\/p>\n<h1>Long Island<br \/>\nDemandas por Lesiones Personales<\/h1>\n<blockquote><p><i>\u00bfSaliste herido en un accidente causado por la negligencia de otra persona? Si es as\u00ed, puedes tener motivos para buscar una compensaci\u00f3n financiera por tus p\u00e9rdidas, y un abogado experto en lesiones personales de Long Island puede ayudarte a obtener la mayor cantidad de dinero posible.<\/i><\/p><\/blockquote>\n<p>Le puede pasar a cualquiera y en cualquier momento: vas por la vida cuando, de repente, ocurre un accidente. Tal vez te resbales y caigas en una zona de hielo en la acera fuera de un negocio, o tal vez un auto te atropelle en un cruce. Incluso podr\u00eda ser que un aparato electrodom\u00e9stico funcione mal y te lastime. No importa lo cuidadoso que seas, simplemente nunca sabes cu\u00e1ndo un descuido de otra persona te podr\u00e1 herir.<\/p>\n<p>El costo para la parte lesionada despu\u00e9s de un accidente por lesiones personales puede ser significativo. Despu\u00e9s de un accidente, no solo quedas con la carga financiera causada por las facturas m\u00e9dicas y la p\u00e9rdida de salarios, sino tambi\u00e9n con los costos f\u00edsicos y mentales al lidiar con el trauma que has sufrido.<\/p>\n<p>Si has salido herido en un accidente causado por la negligencia de otra persona, no deber\u00edas tener que enfrentarlo solo. Un abogado experto en lesiones personales en Long Island de Siler &#038; Ingber, LLP, puede ser un socio invaluable que te ayudar\u00e1 a obtener la cantidad total de compensaci\u00f3n que se te debe.<\/p>\n<div class=\"red-divider\"><\/div>\n<h2><strong>Tipos de casos de lesiones catastr\u00f3ficas<\/strong><\/h2>\n<p>Los casos de lesiones personales var\u00edan y son \u00fanicos para cada persona despu\u00e9s de un accidente. Manejamos muchos tipos diferentes de lesiones, desde da\u00f1os en tejidos blandos hasta lesiones catastr\u00f3ficas. Un abogado experto en lesiones personales de Long Island de nuestra firma podr\u00e1 evaluar tu caso y brindarte la m\u00e1xima recuperaci\u00f3n sin importar el tipo de lesi\u00f3n que hayas sufrido. Estamos en esto para ganar tu caso, sin importar en qu\u00e9 tipo de accidente hayas resultado herido:[\/vc_column_text][\/vc_column][\/vc_row][vc_row el_class=\u00bbfeatures-location\u00bb][vc_column width=\u00bb1\/3&#8243;][vc_raw_html]JTNDZGl2JTIwY2xhc3MlM0QlMjJsb2NhdGlvbi1pbWFnZSUyMiUzRSUzQ2ltZyUyMHNyYyUzRCUyMmh0dHBzJTNBJTJGJTJGaW5nYmVyc2lsZXIuc3RhZ2luZy53cGVuZ2luZS5jb20lMkZ3cC1jb250ZW50JTJGdXBsb2FkcyUyRjIwMTglMkYwNiUyRnZlaGljbGUtYWNjLWljb24ucG5nJTIyJTIwd2lkdGglM0QlMjIxNjUlMjIlMjBoZWlnaHQlM0QlMjI4NyUyMiUyMGFsdCUzRCUyMnZlaGljbGUtYWNjaWRlbnQlMjIlMkYlM0UlM0MlMkZkaXYlM0U=[\/vc_raw_html][vc_column_text]<\/p>\n<h4 style=\"text-align: center;\">Accidentes de veh\u00edculos<\/h4>\n<div class=\"red-divider-center1\"><\/div>\n<p style=\"text-align: center;\"><span style=\"font-weight: 400;\">Independientemente del tipo de veh\u00edculo en el que te encontrabas cuando sufriste un accidente, ya sea un autom\u00f3vil, autob\u00fas, avi\u00f3n, bote, motocicleta, veh\u00edculo de 18 ruedas o cualquier otra cosa, si tu lesi\u00f3n fue causada por la negligencia de otra persona, puede ser derecho de indemnizaci\u00f3n.<\/span><\/p>\n<p>[\/vc_column_text][\/vc_column][vc_column width=\u00bb1\/3&#8243;][vc_raw_html]JTNDZGl2JTIwY2xhc3MlM0QlMjJsb2NhdGlvbi1pbWFnZSUyMiUzRSUzQ2ltZyUyMHNyYyUzRCUyMmh0dHBzJTNBJTJGJTJGaW5nYmVyc2lsZXIuc3RhZ2luZy53cGVuZ2luZS5jb20lMkZ3cC1jb250ZW50JTJGdXBsb2FkcyUyRjIwMTglMkYwNiUyRnByZW1pc2lzLWxpYWItaWNvbi5wbmclMjIlMjB3aWR0aCUzRCUyMjE2NSUyMiUyMGhlaWdodCUzRCUyMjg3JTIyJTIwYWx0JTNEJTIydmVoaWNsZS1hY2NpZGVudCUyMiUyRiUzRSUzQyUyRmRpdiUzRQ==[\/vc_raw_html][vc_column_text]<\/p>\n<h4 style=\"text-align: center;\">Responsabilidad de los locales<\/h4>\n<div class=\"red-divider-center1\"><\/div>\n<p style=\"text-align: center;\"><span style=\"font-weight: 400;\">Las empresas y due\u00f1os de propiedades est\u00e1n sujetos a leyes estatales y federales que les exigen mantener instalaciones seguras para los visitantes. Si saliste lesionado porque un propietario no manten\u00eda un entorno seguro, podr\u00eda ser financieramente responsable.<\/span><\/p>\n<p>[\/vc_column_text][\/vc_column][vc_column width=\u00bb1\/3&#8243;][vc_raw_html]JTNDZGl2JTIwY2xhc3MlM0QlMjJsb2NhdGlvbi1pbWFnZSUyMiUzRSUzQ2ltZyUyMHNyYyUzRCUyMmh0dHBzJTNBJTJGJTJGaW5nYmVyc2lsZXIuc3RhZ2luZy53cGVuZ2luZS5jb20lMkZ3cC1jb250ZW50JTJGdXBsb2FkcyUyRjIwMTglMkYwNiUyRndyb25nZnVsLWRlYXRoLWljb24ucG5nJTIyJTIwd2lkdGglM0QlMjIxNjUlMjIlMjBoZWlnaHQlM0QlMjI4NyUyMiUyMGFsdCUzRCUyMnZlaGljbGUtYWNjaWRlbnQlMjIlMkYlM0UlM0MlMkZkaXYlM0U=[\/vc_raw_html][vc_column_text]<\/p>\n<h4 style=\"text-align: center;\">Muerte por negligencia<\/h4>\n<div class=\"red-divider-center1\"><\/div>\n<p style=\"text-align: center;\"><span style=\"font-weight: 400;\">Cualquier accidente fatal causado por la negligencia de otra persona puede caer en la categor\u00eda de <\/span><a href=\"https:\/\/staging.nylawnet.com\/long-island-wrongful-death-lawyer\/\"><span style=\"font-weight: 400;\">muerte por negligencia<\/span><\/a><span style=\"font-weight: 400;\">. Esto puede incluir muertes que resultan de <\/span><a href=\"https:\/\/staging.nylawnet.com\/long-island-construction-accident-lawyer\/\"><span style=\"font-weight: 400;\">accidentes de construcci\u00f3n<\/span><\/a><span style=\"font-weight: 400;\">, actividad criminal, accidentes de veh\u00edculos y casi cualquier otro escenario.<\/span><\/p>\n<p>[\/vc_column_text][\/vc_column][\/vc_row][vc_row el_class=\u00bbfeatures-location\u00bb][vc_column width=\u00bb1\/3&#8243;][vc_raw_html]JTNDZGl2JTIwY2xhc3MlM0QlMjJsb2NhdGlvbi1pbWFnZSUyMiUzRSUzQ2ltZyUyMHNyYyUzRCUyMmh0dHBzJTNBJTJGJTJGaW5nYmVyc2lsZXIuc3RhZ2luZy53cGVuZ2luZS5jb20lMkZ3cC1jb250ZW50JTJGdXBsb2FkcyUyRjIwMTglMkYwNiUyRnByb2R1Y3QtbWFsZnVuY3Rpb24taWNvbi5wbmclMjIlMjB3aWR0aCUzRCUyMjE2NSUyMiUyMGhlaWdodCUzRCUyMjg3JTIyJTIwYWx0JTNEJTIydmVoaWNsZS1hY2NpZGVudCUyMiUyRiUzRSUzQyUyRmRpdiUzRQ==[\/vc_raw_html][vc_column_text]<\/p>\n<h4 style=\"text-align: center;\">Desperfecto de un producto<\/h4>\n<div class=\"red-divider-center1\"><\/div>\n<p style=\"text-align: center;\"><span style=\"font-weight: 400;\">Los fabricantes de productos tienen la responsabilidad de producir productos seguros para el consumo p\u00fablico. Si un  <\/span><a href=\"https:\/\/staging.nylawnet.com\/long-island-product-liability-lawyer\/\"><span style=\"font-weight: 400;\">producto resulta ser defectuoso<\/span><\/a><span style=\"font-weight: 400;\"> y, como resultado, te lastima, podr\u00edas tener motivos para una demanda de responsabilidad de producto.<\/span><\/p>\n<p>[\/vc_column_text][\/vc_column][vc_column width=\u00bb1\/3&#8243;][vc_raw_html]JTNDZGl2JTIwY2xhc3MlM0QlMjJsb2NhdGlvbi1pbWFnZSUyMiUzRSUzQ2ltZyUyMHNyYyUzRCUyMmh0dHBzJTNBJTJGJTJGaW5nYmVyc2lsZXIuc3RhZ2luZy53cGVuZ2luZS5jb20lMkZ3cC1jb250ZW50JTJGdXBsb2FkcyUyRjIwMTglMkYwNiUyRmRvZy1iaXRlcy1pY29uLnBuZyUyMiUyMHdpZHRoJTNEJTIyMTY1JTIyJTIwaGVpZ2h0JTNEJTIyODclMjIlMjBhbHQlM0QlMjJ2ZWhpY2xlLWFjY2lkZW50JTIyJTJGJTNFJTNDJTJGZGl2JTNF[\/vc_raw_html][vc_column_text]<\/p>\n<h4 style=\"text-align: center;\">Mordidas de perro<\/h4>\n<div class=\"red-divider-center1\"><\/div>\n<p style=\"text-align: center;\"><span style=\"font-weight: 400;\">Nueva York sigue la regla de \u00abun s\u00f3lo mordisco\u00bb en relaci\u00f3n con las mordeduras de perro. Esto significa que un <\/span><a href=\"https:\/\/staging.nylawnet.com\/long-island-dog-bite-lawyer\/\"><span style=\"font-weight: 400;\">ataque de un perro<\/span><\/a><span style=\"font-weight: 400;\"> con un historial agresivo aumenta tus posibilidades de compensaci\u00f3n. Sin embargo, incluso si has sido herido por la primera mordida de un perro, todav\u00eda podr\u00edas tener derecho a una demanda si la evidencia est\u00e1 a tu favor.<\/span><\/p>\n<p>[\/vc_column_text][\/vc_column][vc_column width=\u00bb1\/3&#8243;][vc_raw_html]JTNDZGl2JTIwY2xhc3MlM0QlMjJsb2NhdGlvbi1pbWFnZSUyMiUzRSUzQ2ltZyUyMHNyYyUzRCUyMmh0dHBzJTNBJTJGJTJGaW5nYmVyc2lsZXIuc3RhZ2luZy53cGVuZ2luZS5jb20lMkZ3cC1jb250ZW50JTJGdXBsb2FkcyUyRjIwMTglMkYwNiUyRm1lZGljYWwtbWFscHJhY3RpY2UtaWNvbi5wbmclMjIlMjB3aWR0aCUzRCUyMjE2NSUyMiUyMGhlaWdodCUzRCUyMjg3JTIyJTIwYWx0JTNEJTIydmVoaWNsZS1hY2NpZGVudCUyMiUyRiUzRSUzQyUyRmRpdiUzRQ==[\/vc_raw_html][vc_column_text]<\/p>\n<h4 style=\"text-align: center;\">Mala praxis m\u00e9dica<\/h4>\n<div class=\"red-divider-center1\"><\/div>\n<p style=\"text-align: center;\"><a href=\"https:\/\/staging.nylawnet.com\/long-island-medical-malpractice-lawyer\/\"><span style=\"font-weight: 400;\">Si un profesional m\u00e9dico es negligente<\/span><\/a><span style=\"font-weight: 400;\"> en su deber de brindarte atenci\u00f3n de la m\u00e1s alta calidad, podr\u00edas ser v\u00edctima de mala praxis profesional. Si sufriste debido a una falla en el diagn\u00f3stico, un diagn\u00f3stico err\u00f3neo, un error quir\u00fargico, una infecci\u00f3n, un error de receta o algo similar, podemos ayudarte a recuperar los da\u00f1os.<\/span><\/p>\n<p>[\/vc_column_text][\/vc_column][\/vc_row][vc_row][vc_column][vc_column_text]Tu abogado experto en lesiones personales en Long Island comprender\u00e1 que, si has sufrido una lesi\u00f3n grave, toda tu vida puede verse al rev\u00e9s. Si tus finanzas, tu salud y tus emociones han quedado en un estado de caos por las acciones de otro, puede ser dif\u00edcil saber qu\u00e9 hacer a continuaci\u00f3n.<\/p>\n<div><\/div>\n<h2>Determinar la culpa de tus lesiones<\/h2>\n<p>Al contactar a un abogado experto en lesiones personales en Long Island de nuestra firma, lo primero que debemos hacer es revisar los hechos de tu caso para determinar la culpa.<\/p>\n<p>Si se determina que fuiste parcialmente culpable de tu accidente, es posible que aun as\u00ed tengas derecho a una indemnizaci\u00f3n. Nueva York sigue las leyes de negligencia comparativa para demandas por lesiones personales. Esto significa que cualquiera que sea el porcentaje de culpa del que se encuentre responsable, reducir\u00e1 tu compensaci\u00f3n potencial en ese mismo porcentaje.<\/p>\n<p>Por ejemplo, si se te otorga una compensaci\u00f3n monetaria de $ 500,000 para cubrir tus p\u00e9rdidas, pero se te considera culpable del 10 por ciento, solo recibir\u00e1s el 90 por ciento de tu premio. Esto te dejar\u00e1 con una indemnizaci\u00f3n de $ 450,000, lo que subraya la importancia de trabajar con un abogado que puede presentar un caso que limite tu porcentaje de culpa tanto como sea posible.<\/p>\n<div><\/div>\n<h2>Estatuto de limitaciones para demandas por lesiones personales<\/h2>\n<p>Cuando has salido lesionado en un accidente, es importante que no esperes demasiado tiempo antes de presentar una demanda en busca de una indemnizaci\u00f3n. El estatuto de limitaciones de Nueva York para accidentes de lesiones personales es de <a href=\"https:\/\/www.nycourts.gov\/courthelp\/GoingToCourt\/SOLchart.shtml\" target=\"_blank\" rel=\"noopener noreferrer\">tres a\u00f1os<\/a> fa partir de la fecha de la lesi\u00f3n. Si intentas presentar una demanda despu\u00e9s de que haya transcurrido este per\u00edodo de tiempo, tu caso ser\u00e1 desestimado.<\/p>\n<p>Si est\u00e1s presentando una demanda contra una entidad gubernamental, tienes a\u00fan menos tiempo para presentar. Tienes solo noventa d\u00edas para presentar una demanda contra una ciudad o pueblo en el estado de Nueva York. Estas limitaciones de tiempo tambi\u00e9n se mantienen si deseas presentar una demanda contra un condado en Nueva York. Si deseas presentar una demanda contra el propio Estado de Nueva York, tambi\u00e9n se mantiene el plazo de prescripci\u00f3n de noventa d\u00edas.<\/p>\n<div><\/div>\n<h2>Cobrando indemnizaci\u00f3n por tus lesiones<\/h2>\n<p>Despu\u00e9s de sufrir una lesi\u00f3n en un accidente, es posible que se te ofrezca un acuerdo con una compa\u00f1\u00eda de seguros. Sin embargo, es altamente improbable que un acuerdo de este tipo sea justo para ti. Las compa\u00f1\u00edas de seguros son empresas interesadas en proteger sus propios resultados, no en brindar a las v\u00edctimas acuerdos completos y justos para pagar su recuperaci\u00f3n.<br \/>\nTu abogado experto en lesiones personales en Long Island entiende que tus lesiones pueden ocasionar costos financieros, f\u00edsicos y emocionales duraderos. Tomamos en cuenta el impacto negativo que tus lesiones causan en tu vida. Con la ayuda de testigos, documentaci\u00f3n m\u00e9dica, expertos e investigadores, nuestro equipo legal determinar\u00e1 el valor de tu caso y la compensaci\u00f3n necesaria. Esto incluye los costos de todo lo siguiente que se aplica a tu caso:<\/p>\n<ul>\n<li>Facturas m\u00e9dicas actuales y futuras para cirug\u00edas, tratamientos, medicamentos y gastos relacionados<\/li>\n<li>Salarios perdidos y capacidad reducida para generar ingresos<\/li>\n<li>Reparaci\u00f3n de veh\u00edculos y bienes.<\/li>\n<li>Terapia f\u00edsica y emocional para el trauma.<\/li>\n<li>Dolor y sufrimiento<\/li>\n<li>P\u00e9rdida de consorcio<\/li>\n<li>P\u00e9rdida de calidad de vida<\/li>\n<\/ul>\n<div><\/div>\n<h2>Preguntas frecuentes sobre lesiones personales en Long Island<\/h2>\n<p>Sabemos que vas a tener preguntas despu\u00e9s de pasar por tu accidente. Esto es perfectamente normal, y con eso en mente, proporcionamos respuestas a algunas preguntas comunes aqu\u00ed. Para obtener informaci\u00f3n m\u00e1s detallada, comun\u00edcate con nosotros para programar un horario para hablar directamente con un abogado experto en lesiones personales de Long Island.<\/p>\n<h3>\u00bfTendr\u00e9 que ir a la corte por una demanda por lesiones personales?<\/h3>\n<p>La mayor\u00eda de las demandas por lesiones se pueden resolver fuera de la sala del tribunal a trav\u00e9s del proceso de negociaci\u00f3n. Tu demanda por lesiones solo tendr\u00e1 que ir a juicio si la parte culpable se niega a hacer una oferta razonable que compense completamente todos tus da\u00f1os financieros y no econ\u00f3micos.<\/p>\n<h3>\u00bfQu\u00e9 significa que los abogados expertos en lesiones trabajan con una tarifa de contingencia?<\/h3>\n<p>Un acuerdo de honorarios de contingencia significa que no tienes que pagar a tu abogado por adelantado. En su lugar, los honorarios del abogado salen de tu compensaci\u00f3n una vez que tu caso se resuelva. Si no recibes un acuerdo o sentencia favorable, entonces no pagas.<\/p>\n<h3>La aseguradora dice que o bien acepto su oferta o no obtengo nada. \u00bfEs eso cierto?<\/h3>\n<p>\u00a1NO! Nunca permitas que una aseguradora te intimide al aceptar una oferta de compensaci\u00f3n. Es probable que haya una gran cantidad de compensaci\u00f3n que pueda reunir los requisitos que no haya incluido en la oferta inicial. Siempre y cuando alguien m\u00e1s haya cometido una falta y t\u00fa no hayas excedido el estatuto de limitaciones, no perder\u00e1s tu derecho a buscar compensaci\u00f3n.n.<\/p>\n<h3>\u00bfCu\u00e1nto tiempo tengo que presentar?<\/h3>\n<p>En Nueva York, el estatuto de limitaciones para presentar una demanda por lesiones personales generalmente es de tres a\u00f1os a partir de la fecha en que ocurri\u00f3 la lesi\u00f3n. Dentro de este tiempo, debes presentar una demanda por lesiones personales contra quienes son responsables de tu accidente.<br \/>\nSi pierdes esta oportunidad, es muy probable que el tribunal se niegue a escuchar tu caso en cualquier momento en el futuro.<\/p>\n<h3>\u00bfPuedo buscar una indemnizaci\u00f3n si yo fui parcialmente culpable?<\/h3>\n<p>Para la mayor\u00eda de las demandas por lesiones personales, Nueva York practica <a href=\"https:\/\/www.nysenate.gov\/search\/global\/comparative%2520negligence\" target=\"_blank\" rel=\"noopener noreferrer\">negligencia comparativa pura<\/a>. Eso significa que m\u00faltiples partes pueden compartir la culpa por un accidente que lesiona a alguien.<\/p>\n<p>A\u00fan puedes buscar una indemnizaci\u00f3n si fuiste parcialmente culpable por tus lesiones, pero tu indemnizaci\u00f3n se reducir\u00e1 seg\u00fan el porcentaje de culpa que se encuentre en posesi\u00f3n. Por ejemplo, si se te considera responsable en un 10 por ciento, recibir\u00e1s solo el 90 por ciento de la compensaci\u00f3n que se te otorg\u00f3.<\/p>\n<h3>\u00bfTengo que conformarme con la indemnizaci\u00f3n laboral si sal\u00ed herido en el trabajo?<\/h3>\n<p>Si bien la mayor\u00eda de las lesiones en el lugar de trabajo est\u00e1n cubiertas por una indemnizaci\u00f3n laboral, si saliste lesionado en el trabajo como resultado de un equipo defectuoso, debido a las acciones de un tercero que no es tu empleador, o debido a las acciones deliberadas de tu empleador, puedes ser elegible a presentar una demanda por lesiones personales en lugar de depender de la indemnizaci\u00f3n laboral. <\/p>\n<h3>\u00bfTendr\u00e9 que ir a la corte por una demanda por lesiones personales?<\/h3>\n<p>Una gran cantidad de demandas por lesiones personales se resuelven fuera del tribunal, pero tu abogado llevar\u00e1 tu caso a juicio si es necesario. Tal vez una compa\u00f1\u00eda de seguros no haga una oferta de liquidaci\u00f3n justa y no ceda. Esta podr\u00eda ser una situaci\u00f3n en la que acudir a los tribunales ser\u00eda la \u00fanica opci\u00f3n para obtener la compensaci\u00f3n que necesitas.<\/p>\n<h3>\u00bfC\u00f3mo funciona una tarifa de contingencia?<\/h3>\n<p>Los abogados expertos en lesiones personales generalmente trabajan de acuerdo con tarifas de contingencia. Esto significa que solo tienes que pagar los honorarios de abogado si tu abogado gana tu caso y t\u00fa recuperas la compensaci\u00f3n por tus da\u00f1os. Los honorarios del abogado se deducen de la indemnizaci\u00f3n definitiva.<\/p>\n<h2>Elegir al mejor abogado<\/h2>\n<p>Si recientemente sufriste lesiones en un accidente provocado por la negligencia o imprudencia de otra parte, es probable que est\u00e9s ansioso por obtener una indemnizaci\u00f3n. Para hacer eso, deber\u00e1s presentar una demanda, y eso puede requerir la ayuda de un abogado.<\/p>\n<p>El equipo de Siler &#038; Ingber, LLP entiende que, si nunca has buscado una representaci\u00f3n legal, saber qu\u00e9 buscar en un abogado puede ser dif\u00edcil. Para facilitar tu b\u00fasqueda, te ofrecemos algunos factores que debes considerar al tratar de encontrar el mejor abogado experto en lesiones personales de Long Island para tu caso.<\/p>\n<h4>F\u00e1cil de alcanzar<\/h4>\n<p>Si eres como la mayor\u00eda de las personas, es probable que no hayas tenido muchas razones para aprender a <a href=\"https:\/\/www.nysenate.gov\/legislation\/laws\/CVP\" target=\"_blank\" rel=\"noopener noreferrer\">presentar demandas por lesiones personales<\/a>. Es por eso que querr\u00e1s seleccionar un abogado que est\u00e9 siempre disponible para responder cualquier pregunta o resolver cualquier inquietud que tengas. Tu abogado debe estar listo y dispuesto a hacer que el proceso sea lo m\u00e1s sencillo posible para ti.<\/p>\n<p>Es por eso que nuestro equipo coloca la comunicaci\u00f3n con el cliente tan alto en nuestra lista de prioridades. Queremos que nuestros clientes sepan que estamos aqu\u00ed por ellos, y nos aseguramos de que estemos disponibles para ayudar con la mayor frecuencia posible.<\/p>\n<h4>Conocedor de la ley local<\/h4>\n<p>Cada estado tiene reglas y estatutos diferentes con respecto a la presentaci\u00f3n de demandas por lesiones personales. Para obtener los mejores resultados, debes buscar un abogado que tenga un gran conocimiento de la ley de Nueva York y lo que se necesita para encontrar el \u00e9xito.<\/p>\n<p>Es por eso que nuestra firma centra su atenci\u00f3n en casos de Nueva York, particularmente en Long Island. Esto puede dar a nuestros clientes una ventaja porque reduce el riesgo de que los aspectos t\u00e9cnicos legales da\u00f1en tu caso.<\/p>\n<h4>Historia exitosa<\/h4>\n<p>Para encontrar al mejor abogado experto en lesiones personales de Long Island, forma un equipo con una firma que haya demostrado que tiene las habilidades para realizar el trabajo. Buscar una pr\u00e1ctica que tenga pruebas tangibles de lo que sus servicios han hecho por clientes anteriores le dar\u00e1 la confianza de que puede lograr los mismos resultados.<\/p>\n<p>Los abogados de Siler &#038; Ingber, LLP tienen una larga lista de casos exitosos a los que podemos recurrir. Hemos ganado a nuestros clientes anteriores m\u00e1s de $ 50,000,000.<\/p>\n<h3><\/h3>\n<h2>Ponte en contacto con un abogado experto en lesiones de Long Island<\/h2>\n<p>Si has sufrido una lesi\u00f3n personal debido a la negligencia de otra persona, hay ayuda disponible. Ponte en contacto con un abogado experto en lesiones personales de Long Island con  <a href=\"https:\/\/staging.nylawnet.com\/\">Siler &amp; Ingber, LLP<\/a> hoy. Llama al <a href=\"tel:18777186079\">1-877-718-6079<\/a>, o usa el formulario de contacto en l\u00ednea en esta p\u00e1gina. Tu consulta es gratuita y no hay obligaci\u00f3n de continuar m\u00e1s all\u00e1 de nuestra discusi\u00f3n inicia[\/vc_column_text][\/vc_column][\/vc_row][vc_row el_class=\u00bbhidethisrow\u00bb][vc_column width=\u00bb1\/1&#8243;][vc_column_text][fc id=&#8217;8&#8242; type=&#8217;popup&#8217; button_color=&#8217;#4488ee&#8217; font_color=&#8217;white&#8217;]Schedule A Free Consultation[\/fc]<\/p>\n<p>[\/vc_column_text][\/vc_column][\/vc_row]<\/p>\n","protected":false},"excerpt":{"rendered":"<p>[vc_row][vc_column][vc_column_text] Long Island Demandas por Lesiones Personales \u00bfSaliste herido en un accidente causado por la negligencia de otra persona? Si es as\u00ed, puedes tener motivos para buscar una compensaci\u00f3n financiera por tus p\u00e9rdidas, y un abogado experto en lesiones personales de Long Island puede ayudarte a obtener la mayor cantidad de dinero posible. Le puede&#8230;<\/p>\n","protected":false},"author":10,"featured_media":0,"parent":0,"menu_order":0,"comment_status":"closed","ping_status":"closed","template":"","meta":[],"_links":{"self":[{"href":"https:\/\/staging.nylawnet.com\/es\/wp-json\/wp\/v2\/pages\/12116\/"}],"collection":[{"href":"https:\/\/staging.nylawnet.com\/es\/wp-json\/wp\/v2\/pages\/"}],"about":[{"href":"https:\/\/staging.nylawnet.com\/es\/wp-json\/wp\/v2\/types\/page\/"}],"author":[{"embeddable":true,"href":"https:\/\/staging.nylawnet.com\/es\/wp-json\/wp\/v2\/users\/10\/"}],"replies":[{"embeddable":true,"href":"https:\/\/staging.nylawnet.com\/es\/wp-json\/wp\/v2\/comments\/?post=12116"}],"version-history":[{"count":0,"href":"https:\/\/staging.nylawnet.com\/es\/wp-json\/wp\/v2\/pages\/12116\/revisions\/"}],"wp:attachment":[{"href":"https:\/\/staging.nylawnet.com\/es\/wp-json\/wp\/v2\/media\/?parent=12116"}],"curies":[{"name":"wp","href":"https:\/\/api.w.org\/{rel}","templated":true}]}}