{"id":12126,"date":"2019-02-20T13:26:57","date_gmt":"2019-02-20T13:26:57","guid":{"rendered":"https:\/\/staging.nylawnet.com\/?page_id=12126"},"modified":"2019-06-11T17:54:55","modified_gmt":"2019-06-11T17:54:55","slug":"long-island-hit-and-run-lawyer","status":"publish","type":"page","link":"https:\/\/staging.nylawnet.com\/es\/long-island-car-accident-lawyer\/long-island-hit-and-run-lawyer\/","title":{"rendered":"Abogados expertos en colisiones con fuga"},"content":{"rendered":"<p>[vc_row][vc_column][vc_column_text]<\/p>\n<h1><strong>Abogados expertos en colisiones con fuga de Long Island<br \/>\n<\/strong><\/h1>\n<blockquote><p><i><span style=\"font-weight: 400;\">Despu\u00e9s de una colisi\u00f3n, ver al otro conductor huir de la escena puede ser algo indignante aparte de las lesiones que puedas sufrir. Para tener ayuda al obtener la compensaci\u00f3n que mereces, debes trabajar con un abogado experto en colisiones con fuga de Long Island.<\/span><\/i><\/p><\/blockquote>\n<p><span style=\"font-weight: 400;\">Como conductor, probablemente haces todo lo posible para mantenerte a salvo en carretera. Y si alguna vez sufres un accidente, ser\u00edas lo suficientemente responsable para quedarte y asegurarte de que las cosas se manejen de forma legal y \u00e9tica. <\/span><\/p>\n<p><span style=\"font-weight: 400;\">Desafortunadamente, no todos tienen la misma moral. Cuando tu <\/span><a href=\"https:\/\/staging.nylawnet.com\/long-island-car-accident-lawyer\/\"><span style=\"font-weight: 400;\">auto es golpeado pero el conductor culpable no se queda<\/span><\/a><span style=\"font-weight: 400;\">, puede que te preguntes c\u00f3mo debes proceder. La ley est\u00e1 de tu lado en estos casos, y tienes todo el derecho de presentar una demanda ante tu compa\u00f1\u00eda de seguros para cubrir los da\u00f1os. <\/span><\/p>\n<p><span style=\"font-weight: 400;\">Pero como las aseguradoras son dif\u00edciles de tratar, puedes necesitar la ayuda de un abogado calificado. Un abogado de Long Island experto en colisiones con fuga de Siler &#038; Ingber, LLP est\u00e1 aqu\u00ed para ti.<\/span><\/p>\n<h2><strong>Presentando una demanda de motorista sin seguro<\/strong><\/h2>\n<p><span style=\"font-weight: 400;\">No hubo otro conductor con quien intercambiar informaci\u00f3n de seguros despu\u00e9s de tu colisi\u00f3n, por lo que deber\u00e1s confiar en tu propia compa\u00f1\u00eda de seguros para cubrir los costos de cualquier da\u00f1o si no deseas pagar de tu bolsillo. <\/span><\/p>\n<p><span style=\"font-weight: 400;\">Sin embargo, no deber\u00edas sorprenderte si tu <\/span><a href=\"https:\/\/dmv.ny.gov\/insurance\/insurance-requirements\" target=\"_blank\" rel=\"noopener noreferrer\"><span style=\"font-weight: 400;\">compa\u00f1\u00eda de seguros<\/span><\/a><span style=\"font-weight: 400;\"> se opone y se niega a compensarte. La aseguradora puede intentar ponerte una trampa con una declaraci\u00f3n grabada que de alg\u00fan modo mitiga su responsabilidad de cobertura. O puede intentar insinuar que se presentaron pruebas insuficientes para sugerir que el da\u00f1o no fue preexistente.<\/span><\/p>\n<p><span style=\"font-weight: 400;\">Tu abogado experto en colisiones con de fuga Long Island estar\u00e1 all\u00ed para evitar tales resultados. Al utilizar nuestra experiencia y capacidad para compilar evidencia, haremos todo lo posible para que la compa\u00f1\u00eda de seguros te brinde una compensaci\u00f3n de acuerdo con los l\u00edmites de tu p\u00f3liza. <\/span><\/p>\n<h2><strong>C\u00f3mo encontrar al otro conductor<\/strong><\/h2>\n<p><span style=\"font-weight: 400;\">Ya que Nueva York es un estado de seguro no-fault, es probable que un accidente menor de colisi\u00f3n con fuga en Long Island no requiera que ubiques al otro conductor. Esto se debe a que tu propia compa\u00f1\u00eda de seguros deber\u00eda cubrir tus da\u00f1os hasta un cierto l\u00edmite.<\/span><\/p>\n<p><span style=\"font-weight: 400;\">Sin embargo, si excedes ese l\u00edmite relativamente bajo, o el l\u00edmite establecido por el estado, tu \u00fanico recurso puede ser buscar una compensaci\u00f3n por lesiones personales por parte del conductor culpable o su compa\u00f1\u00eda de seguros. Como puedes imaginar, hacerlo es dif\u00edcil cuando el accidente fue una colisi\u00f3n con fuga.<\/span><\/p>\n<p><span style=\"font-weight: 400;\">Tu abogado experto en colisiones con fuga de Long Island te ayudar\u00e1 a encontrar a la parte responsable. Probablemente <\/span><a href=\"https:\/\/dmv.ny.gov\/get-accident-report\" target=\"_blank\" rel=\"noopener noreferrer\"><span style=\"font-weight: 400;\">involucraremos a la polic\u00eda <\/span><\/a><span style=\"font-weight: 400;\"> para simplificar la b\u00fasqueda. Tambi\u00e9n podemos pedir testigos que pinten una imagen del autom\u00f3vil y del conductor para que la parte responsable sea m\u00e1s f\u00e1cil de encontrar. Si corresponde, podemos solicitar fotograf\u00edas o secuencias de video de c\u00e1maras cercanas para determinar mejor qui\u00e9n fue el responsable de tu accidente. <\/span><\/p>\n<h3><strong>Habla con un abogado experto en colisiones con fuga de Long Island<\/strong><\/h3>\n<p><span style=\"font-weight: 400;\">Si recientemente sufriste <\/span><a href=\"https:\/\/staging.nylawnet.com\/long-island-personal-injury-lawyer\/\"><span style=\"font-weight: 400;\">da\u00f1os a la propiedad o lesiones f\u00edsicas<\/span><\/a><span style=\"font-weight: 400;\"> a causa de un accidente de colisi\u00f3n con fuga, los abogados de <\/span><a href=\"https:\/\/staging.nylawnet.com\/\"><span style=\"font-weight: 400;\">Siler &amp; Ingber, LLP<\/span><\/a><span style=\"font-weight: 400;\"> est\u00e1n aqu\u00ed para ayudarte a arreglar las cosas. Te ayudaremos a localizar a la parte responsable y lograr que la compa\u00f1\u00eda de seguros coopere contigo. <\/span><\/p>\n<p><span style=\"font-weight: 400;\">Para programar una consulta inicial con un abogado de Long Island, llama a nuestro equipo al  <a href=\"tel:18777186079\">1-877-718-6079<\/a> o completa el formulario de contacto en l\u00ednea al final de esta p\u00e1gina.<\/span><br \/>\n[\/vc_column_text][\/vc_column][\/vc_row]<\/p>\n","protected":false},"excerpt":{"rendered":"<p>[vc_row][vc_column][vc_column_text] Abogados expertos en colisiones con fuga de Long Island Despu\u00e9s de una colisi\u00f3n, ver al otro conductor huir de la escena puede ser algo indignante aparte de las lesiones que puedas sufrir. Para tener ayuda al obtener la compensaci\u00f3n que mereces, debes trabajar con un abogado experto en colisiones con fuga de Long Island&#8230;.<\/p>\n","protected":false},"author":10,"featured_media":0,"parent":12111,"menu_order":0,"comment_status":"closed","ping_status":"closed","template":"","meta":[],"_links":{"self":[{"href":"https:\/\/staging.nylawnet.com\/es\/wp-json\/wp\/v2\/pages\/12126\/"}],"collection":[{"href":"https:\/\/staging.nylawnet.com\/es\/wp-json\/wp\/v2\/pages\/"}],"about":[{"href":"https:\/\/staging.nylawnet.com\/es\/wp-json\/wp\/v2\/types\/page\/"}],"author":[{"embeddable":true,"href":"https:\/\/staging.nylawnet.com\/es\/wp-json\/wp\/v2\/users\/10\/"}],"replies":[{"embeddable":true,"href":"https:\/\/staging.nylawnet.com\/es\/wp-json\/wp\/v2\/comments\/?post=12126"}],"version-history":[{"count":0,"href":"https:\/\/staging.nylawnet.com\/es\/wp-json\/wp\/v2\/pages\/12126\/revisions\/"}],"up":[{"embeddable":true,"href":"https:\/\/staging.nylawnet.com\/es\/wp-json\/wp\/v2\/pages\/12111\/"}],"wp:attachment":[{"href":"https:\/\/staging.nylawnet.com\/es\/wp-json\/wp\/v2\/media\/?parent=12126"}],"curies":[{"name":"wp","href":"https:\/\/api.w.org\/{rel}","templated":true}]}}