{"id":12127,"date":"2019-02-20T13:49:17","date_gmt":"2019-02-20T13:49:17","guid":{"rendered":"https:\/\/staging.nylawnet.com\/?page_id=12127"},"modified":"2019-06-11T17:59:30","modified_gmt":"2019-06-11T17:59:30","slug":"how-to-get-an-accident-report-in-long-island","status":"publish","type":"page","link":"https:\/\/staging.nylawnet.com\/es\/long-island-car-accident-lawyer\/how-to-get-an-accident-report-in-long-island\/","title":{"rendered":"C\u00f3mo obtener un informe de accidente en Long Island"},"content":{"rendered":"<p>[vc_row][vc_column][vc_column_text]<\/p>\n<h1><strong>C\u00f3mo obtener un informe de accidente en Long Island<\/strong><\/h1>\n<p><span style=\"font-weight: 400;\">Hay algunas razones por las que puedes necesitar saber c\u00f3mo obtener un informe de accidente en Long Island luego del accidente de tu veh\u00edculo. Lo primero y m\u00e1s probable es que necesites el informe para presentar una demanda a tu compa\u00f1\u00eda de seguros. <\/span><\/p>\n<p><span style=\"font-weight: 400;\">En el caso de una colisi\u00f3n grave, es posible que necesites el <\/span><a href=\"https:\/\/staging.nylawnet.com\/long-island-car-accident-lawyer\/\"><span style=\"font-weight: 400;\">informe de la polic\u00eda para presentar una demanda<\/span><\/a><span style=\"font-weight: 400;\">. por lesiones personales contra un conductor negligente. Este documento puede ayudar a probar que el otro conductor tuvo la culpa de la colisi\u00f3n. Tambi\u00e9n puedes usar el informe del accidente para demostrar la gravedad del accidente y tus lesiones ante la corte.<\/span><\/p>\n<p><span style=\"font-weight: 400;\">Si este proceso parece demasiado complicado mientras ya est\u00e1s lidiando con lesiones, o si deseas aumentar tus posibilidades de recibir la compensaci\u00f3n que mereces, un abogado experto en accidentes automovil\u00edsticos en Long Island puede ayudarte a obtener tu informe y presentar tu demanda.<\/span><\/p>\n<h2><strong>Solicitando una copia de un informe de accidente en Long Island<\/strong><\/h2>\n<p><span style=\"font-weight: 400;\">Las dos formas de <\/span><a href=\"https:\/\/dmv.ny.gov\/org\/get-accident-report\" target=\"_blank\" rel=\"noopener noreferrer\"><span style=\"font-weight: 400;\">solicitar una copia de tu informe de accidente autom\u00e1tico en Long Island<\/span><\/a><span style=\"font-weight: 400;\"> son por correo y en l\u00ednea.\u00a0<\/span><\/p>\n<h3><strong>Por correo<\/strong><\/h3>\n<p><span style=\"font-weight: 400;\">Completa y env\u00eda por correo este formulario: <\/span><a href=\"https:\/\/dmv.ny.gov\/forms\/mv198c.pdf\" target=\"_blank\" rel=\"noopener noreferrer\"><span style=\"font-weight: 400;\">Solicitud de copia del informe de accidente.<\/span><\/a><span style=\"font-weight: 400;\">. El formulario debe contener la fecha y hora del accidente y el lugar donde se produjo el accidente, as\u00ed como al menos uno de los siguientes:<\/span><\/p>\n<ul>\n<li style=\"font-weight: 400;\"><span style=\"font-weight: 400;\">Un n\u00famero de placa de uno de los veh\u00edculos involucrados.<\/span><\/li>\n<li style=\"font-weight: 400;\"><span style=\"font-weight: 400;\">El n\u00famero de licencia de conducir de una de las personas involucradas en la colisi\u00f3n.<\/span><\/li>\n<li style=\"font-weight: 400;\"><span style=\"font-weight: 400;\">El nombre y la fecha de nacimiento de una de las personas involucradas en el accidente<\/span><\/li>\n<\/ul>\n<h3><strong>En l\u00ednea<\/strong><\/h3>\n<p><span style=\"font-weight: 400;\">Completa y env\u00eda este formulario en l\u00ednea: <\/span><a href=\"https:\/\/transact2.dmv.ny.gov\/AccidentSales\/\" target=\"_blank\" rel=\"noopener noreferrer\"><span style=\"font-weight: 400;\">Solicite y acceda a los informes de accidentes de veh\u00edculos motorizados<\/span><\/a><span style=\"font-weight: 400;\">. Tambi\u00e9n necesitar\u00e1s la informaci\u00f3n anterior o el n\u00famero de caso de nueve d\u00edgitos de tu accidente para completar este proceso.<\/span><\/p>\n<h2><strong>\u00bfCu\u00e1ndo estar\u00e1 disponible mi informe de accidente?<\/strong><\/h2>\n<p><span style=\"font-weight: 400;\">Cuando la polic\u00eda responde a tu accidente, debe haber presentado un informe, ya sea electr\u00f3nicamente o en papel. Si la polic\u00eda present\u00f3 su informe en papel, espera hasta treinta d\u00edas antes de buscarlo. Si la polic\u00eda present\u00f3 el informe electr\u00f3nicamente, debe estar disponible en catorce d\u00edas.<\/span><\/p>\n<p><span style=\"font-weight: 400;\">Si solicitas una versi\u00f3n electr\u00f3nica de tu informe de accidente, debes poder acceder a \u00e9l a los siete d\u00edas de tu solicitud<\/span><\/p>\n<h2><strong>P\u00f3nte en contacto con un abogado experto en accidentes de auto de Long Island<\/strong><\/h2>\n<p><span style=\"font-weight: 400;\">Saber c\u00f3mo obtener un informe de accidente en Long Island es un excelente primer paso para presentar tu demanda de seguro o demanda de lesiones personales. Si has salido lesionado seriamente en un accidente automovil\u00edstico en Long Island, un abogado experto en colisi\u00f3n de autom\u00f3viles puede ayudarte a presentar una demanda para recuperar una indemnizaci\u00f3n.<\/span><\/p>\n<p><span style=\"font-weight: 400;\">Completa el formulario a continuaci\u00f3n para comunicarte con <\/span><a href=\"https:\/\/staging.nylawnet.com\/\"><span style=\"font-weight: 400;\">Siler &amp; Ingber, LLP<\/span><\/a><span style=\"font-weight: 400;\">, o ll\u00e1manos al  <\/span><span style=\"font-weight: 400;\"><a href=\"tel:18777186079\">1-877-718-6079<\/a> para hablar, sin cargo alguno, sobre tu caso con un abogado experto en accidentes de autom\u00f3viles de Long Island.<\/span><br \/>\n[\/vc_column_text][\/vc_column][\/vc_row]<\/p>\n","protected":false},"excerpt":{"rendered":"<p>[vc_row][vc_column][vc_column_text] C\u00f3mo obtener un informe de accidente en Long Island Hay algunas razones por las que puedes necesitar saber c\u00f3mo obtener un informe de accidente en Long Island luego del accidente de tu veh\u00edculo. Lo primero y m\u00e1s probable es que necesites el informe para presentar una demanda a tu compa\u00f1\u00eda de seguros. En el&#8230;<\/p>\n","protected":false},"author":10,"featured_media":12128,"parent":12111,"menu_order":0,"comment_status":"closed","ping_status":"closed","template":"","meta":[],"_links":{"self":[{"href":"https:\/\/staging.nylawnet.com\/es\/wp-json\/wp\/v2\/pages\/12127\/"}],"collection":[{"href":"https:\/\/staging.nylawnet.com\/es\/wp-json\/wp\/v2\/pages\/"}],"about":[{"href":"https:\/\/staging.nylawnet.com\/es\/wp-json\/wp\/v2\/types\/page\/"}],"author":[{"embeddable":true,"href":"https:\/\/staging.nylawnet.com\/es\/wp-json\/wp\/v2\/users\/10\/"}],"replies":[{"embeddable":true,"href":"https:\/\/staging.nylawnet.com\/es\/wp-json\/wp\/v2\/comments\/?post=12127"}],"version-history":[{"count":0,"href":"https:\/\/staging.nylawnet.com\/es\/wp-json\/wp\/v2\/pages\/12127\/revisions\/"}],"up":[{"embeddable":true,"href":"https:\/\/staging.nylawnet.com\/es\/wp-json\/wp\/v2\/pages\/12111\/"}],"wp:featuredmedia":[{"embeddable":true,"href":"https:\/\/staging.nylawnet.com\/es\/wp-json\/wp\/v2\/media\/12128\/"}],"wp:attachment":[{"href":"https:\/\/staging.nylawnet.com\/es\/wp-json\/wp\/v2\/media\/?parent=12127"}],"curies":[{"name":"wp","href":"https:\/\/api.w.org\/{rel}","templated":true}]}}