{"id":12131,"date":"2019-02-22T19:11:48","date_gmt":"2019-02-22T19:11:48","guid":{"rendered":"https:\/\/staging.nylawnet.com\/?page_id=12131"},"modified":"2019-06-11T17:55:52","modified_gmt":"2019-06-11T17:55:52","slug":"new-york-statute-of-limitations-for-personal-injury-claims","status":"publish","type":"page","link":"https:\/\/staging.nylawnet.com\/es\/long-island-personal-injury-lawsuits\/new-york-statute-of-limitations-for-personal-injury-claims\/","title":{"rendered":"Estatuto de limitaciones de Nueva York para demandas por lesiones personales"},"content":{"rendered":"<p>[vc_row][vc_column][vc_column_text]<\/p>\n<h1><strong>Estatuto de limitaciones de Nueva York para demandas por lesiones personales<br \/>\n<\/strong><\/h1>\n<p><span style=\"font-weight: 400;\">Si estuviste involucrado recientemente en un accidente que fue provocado por la negligencia o descuido de otra parte, es probable que quieras obtener una compensaci\u00f3n para cubrir los da\u00f1os que has sufrido. Y si bien este es un curso de acci\u00f3n viable y altamente recomendado, hay algunas cosas que debes tener en cuenta. <\/span><\/p>\n<p><span style=\"font-weight: 400;\">Parte de eso es comprender los plazos y las normas que debes cumplir. Nuestro equipo en Siler &#038; Ingber, LLP quiere ayudarte a garantizar que no tengas dificultades innecesarias al presentar tu demanda. A continuaci\u00f3n, te ofrecemos la informaci\u00f3n que necesitas saber sobre el estatuto de limitaciones de Nueva York. <\/span><\/p>\n<h2><strong>Estatuto de limitaciones de Nueva York<\/strong><\/h2>\n<p><span style=\"font-weight: 400;\">Cada estado tiene pautas estrictas con respecto a cu\u00e1nto tiempo tienen las v\u00edctimas para presentar una demanda por lesiones personales. Pero \u00bfcu\u00e1l es el  <\/span><a href=\"https:\/\/www.nycourts.gov\/courthelp\/GoingToCourt\/SOLchart.shtml\" target=\"_blank\" rel=\"noopener noreferrer\"><span style=\"font-weight: 400;\">estatuto de limitaciones<\/span><\/a><span style=\"font-weight: 400;\"> de Nueva York para demandas por lesiones personales? En este estado, tienes un m\u00e1ximo de tres a\u00f1os a partir de la fecha de tu lesi\u00f3n para presentar una demanda contra la parte responsable. <\/span><\/p>\n<p><span style=\"font-weight: 400;\">En t\u00e9rminos generales, una vez que haya vencido este plazo, tu demanda dejar\u00e1 de ser v\u00e1lida. Sin embargo, algunas circunstancias podr\u00edan extender el tiempo disponible para ciertas v\u00edctimas <\/span><\/p>\n<p><span style=\"font-weight: 400;\">Por ejemplo, si tu demanda por lesiones personales se presenta por mala praxis m\u00e9dica y t\u00fa eras menor de edad en el momento del accidente, el estado puede extender el estatuto de limitaciones para darte m\u00e1s tiempo de tomar las acciones legales necesarias para procurar la indemnizaci\u00f3n.<br \/>\n<span style=\"font-weight: 400;\">A la inversa, hay algunas situaciones en las que se acorta el estatuto de limitaciones. Por ejemplo, los adultos que presenten una demanda por<\/span><a href=\"https:\/\/www.ncbi.nlm.nih.gov\/pmc\/articles\/PMC2628513\/\" target=\"_blank\" rel=\"noopener noreferrer\"><span style=\"font-weight: 400;\">mala praxis m\u00e9dica<\/span><\/a><span style=\"font-weight: 400;\"> deber\u00e1n comenzar el proceso de presentaci\u00f3n a los dos a\u00f1os y medio posteriores a la fecha de la lesi\u00f3n. Si est\u00e1s presentando una demanda contra una entidad gubernamental, solo tienes tres meses a partir de la fecha de tus lesiones para presentarla. <\/span><\/p>\n<h2><strong>No pierdas tu oportunidad<\/strong><\/h2>\n<p><span style=\"font-weight: 400;\">Como puedes ver, esperar para presentar una demanda por lesiones personales podr\u00eda tener efectos desastrosos en tu capacidad para recuperar la compensaci\u00f3n que leg\u00edtimamente te mereces. Es por eso que recomendamos encarecidamente programar una consulta con <\/span><a href=\"https:\/\/staging.nylawnet.com\/\"><span style=\"font-weight: 400;\">Siler &amp; Ingber, LLP<\/span><\/a><span style=\"font-weight: 400;\"> de inmediato. Nos aseguraremos de que no pierdas ning\u00fan plazo, y lucharemos por todo lo que se te debe.<\/span><\/p>\n<p><span style=\"font-weight: 400;\">Para hablar con un miembro de nuestra firma sobre tu caso, completa nuestro formulario de contacto en l\u00ednea al final de la p\u00e1gina o llama a nuestra oficina al <a href=\"tel:18777186079\">1-877-718-6079<\/a>. <\/span><br \/>\n[\/vc_column_text][\/vc_column][\/vc_row]<\/p>\n","protected":false},"excerpt":{"rendered":"<p>[vc_row][vc_column][vc_column_text] Estatuto de limitaciones de Nueva York para demandas por lesiones personales Si estuviste involucrado recientemente en un accidente que fue provocado por la negligencia o descuido de otra parte, es probable que quieras obtener una compensaci\u00f3n para cubrir los da\u00f1os que has sufrido. Y si bien este es un curso de acci\u00f3n viable y&#8230;<\/p>\n","protected":false},"author":10,"featured_media":12132,"parent":12116,"menu_order":0,"comment_status":"closed","ping_status":"closed","template":"","meta":[],"_links":{"self":[{"href":"https:\/\/staging.nylawnet.com\/es\/wp-json\/wp\/v2\/pages\/12131\/"}],"collection":[{"href":"https:\/\/staging.nylawnet.com\/es\/wp-json\/wp\/v2\/pages\/"}],"about":[{"href":"https:\/\/staging.nylawnet.com\/es\/wp-json\/wp\/v2\/types\/page\/"}],"author":[{"embeddable":true,"href":"https:\/\/staging.nylawnet.com\/es\/wp-json\/wp\/v2\/users\/10\/"}],"replies":[{"embeddable":true,"href":"https:\/\/staging.nylawnet.com\/es\/wp-json\/wp\/v2\/comments\/?post=12131"}],"version-history":[{"count":0,"href":"https:\/\/staging.nylawnet.com\/es\/wp-json\/wp\/v2\/pages\/12131\/revisions\/"}],"up":[{"embeddable":true,"href":"https:\/\/staging.nylawnet.com\/es\/wp-json\/wp\/v2\/pages\/12116\/"}],"wp:featuredmedia":[{"embeddable":true,"href":"https:\/\/staging.nylawnet.com\/es\/wp-json\/wp\/v2\/media\/12132\/"}],"wp:attachment":[{"href":"https:\/\/staging.nylawnet.com\/es\/wp-json\/wp\/v2\/media\/?parent=12131"}],"curies":[{"name":"wp","href":"https:\/\/api.w.org\/{rel}","templated":true}]}}