{"id":12133,"date":"2019-02-22T19:32:17","date_gmt":"2019-02-22T19:32:17","guid":{"rendered":"https:\/\/staging.nylawnet.com\/?page_id=12133"},"modified":"2020-12-23T19:22:57","modified_gmt":"2020-12-23T19:22:57","slug":"long-island-motorcycle-accident-lawyer","status":"publish","type":"page","link":"https:\/\/staging.nylawnet.com\/es\/long-island-motorcycle-accident-lawyer\/","title":{"rendered":"Abogado de Accidentes de Moto"},"content":{"rendered":"<p>[vc_row][vc_column][vc_column_text]<\/p>\n<h1><strong>Abogado experto en accidentes de motocicleta en Long Island<br \/>\n<\/strong><\/h1>\n<blockquote><p><i><span style=\"font-weight: 400;\">Las lesiones sufridas durante un accidente de motocicleta pueden ser graves y requieren atenci\u00f3n m\u00e9dica costosa. Un abogado experto en accidentes de motocicleta en Long Island puede ayudarte a obtener la compensaci\u00f3n que tu recuperaci\u00f3n requiere de la parte culpable.<\/span><\/i><\/p><\/blockquote>\n<p><script src=\"https:\/\/fast.wistia.com\/embed\/medias\/j5hnu5v4ko.jsonp\" async><\/script><script src=\"https:\/\/fast.wistia.com\/assets\/external\/E-v1.js\" async><\/script><\/p>\n<div class=\"wistia_responsive_padding\" style=\"padding: 56.25% 0 0 0; position: relative;\">\n<div class=\"wistia_responsive_wrapper\" style=\"height: 100%; left: 0; position: absolute; top: 0; width: 100%;\">\n<div class=\"wistia_embed wistia_async_j5hnu5v4ko videoFoam=true\" style=\"height: 100%; width: 100%;\"><\/div>\n<\/div>\n<\/div>\n<p><span style=\"font-weight: 400;\">Junto con un esp\u00edritu aventurero, los motociclistas deben tener altas habilidades de conducci\u00f3n. Operar un veh\u00edculo tan peque\u00f1o <\/span><a href=\"https:\/\/staging.nylawnet.com\/long-island-car-accident-lawyer\/\"><span style=\"font-weight: 400;\">entre autos m\u00e1s grandes<\/span><\/a><span style=\"font-weight: 400;\"> con conductores mejor protegidos significa que los motociclistas deben estar conscientes de su entorno en todo momento, siendo muy vigilantes y defensivos. Desafortunadamente, muchos otros automovilistas no tratan a los motociclistas como si tuvieran derecho a estar en la carretera.<\/span><\/p>\n<p><span style=\"font-weight: 400;\">Los conductores de veh\u00edculos m\u00e1s grandes a menudo no tienen en cuenta los derechos de los motociclistas en la carretera. Esta falta de atenci\u00f3n y negligencia puede provocar colisiones, lo que puede tener un impacto significativo y duradero en los motociclistas involucrados.<\/span><\/p>\n<p><span style=\"font-weight: 400;\">Si has salido herido en un <\/span><a href=\"http:\/\/www.iii.org\/issue-update\/motorcycle-crashes\" target=\"_blank\" rel=\"noopener noreferrer\"><span style=\"font-weight: 400;\">accidente de motocicleta<\/span><\/a><span style=\"font-weight: 400;\"> causado por otra persona, es importante contar con un representante legal que luchar\u00e1 para obtener la compensaci\u00f3n que mereces. Un abogado experto en accidentes de motocicleta en Long Island con Siler &amp; Ingber, LLP puede ser un socio invaluable en este momento.<\/span><\/p>\n<h2><strong>\u00bfQui\u00e9n es el culpable por tu accidente?<\/strong><\/h2>\n<p><span style=\"font-weight: 400;\">Despu\u00e9s de un accidente, los motociclistas a menudo se enfrentan a estereotipos negativos por parte de los profesionales de seguros y abogados que se oponen. Hay una narrativa popular sobre el motociclista con respecto a que \u00e9l o ella es un imprudente que no tiene en cuenta las reglas o la seguridad de otros conductores. Es una posibilidad desafortunada, pero es probable que una compa\u00f1\u00eda de seguros te explote en un intento por reducir el monto de tu compensaci\u00f3n.<\/span><\/p>\n<p><span style=\"font-weight: 400;\">Tu abogado experto en accidentes de motocicleta en Long Island entender\u00e1 c\u00f3mo las compa\u00f1\u00edas de seguros implementan este estereotipo popular, y sabr\u00e1 c\u00f3mo enfrentarlo. Un abogado de nuestra oficina luchar\u00e1 para asegurarte que la parte responsable de tu accidente sea responsable.<\/span><\/p>\n<h2><strong>Cada causa potencial debe ser considerada<\/strong><\/h2>\n<p><span style=\"font-weight: 400;\">Existen muchos escenarios en los que otro conductor o un tercero puede haber sido responsable de tu accidente, incluidos los siguientes:<\/span><\/p>\n<ul>\n<li style=\"font-weight: 400;\"><b>Conductor demasiado cerca: <\/b><span style=\"font-weight: 400;\"> seguir demasiado cerca es siempre un comportamiento de conducci\u00f3n inseguro. Se vuelve m\u00e1s peligroso cuando el autom\u00f3vil que participa en el seguimiento supera a la motocicleta de forma significativa, y el motociclista carece de las protecciones de un autom\u00f3vil.<\/span><\/li>\n<li style=\"font-weight: 400;\"><b>Conductor ebrio o distra\u00eddo: <\/b><span style=\"font-weight: 400;\"> conducir en estado de ebriedad es un comportamiento seriamente imprudente, y conducir distra\u00eddo puede ser igual de peligroso. Un conductor distra\u00eddo es cualquier conductor cuya atenci\u00f3n no est\u00e1 en la carretera, ya sea que se centre en el uso del tel\u00e9fono celular, comer, aplicar maquillaje o cualquier otra cosa. <\/span><\/li>\n<li style=\"font-weight: 400;\"><b>Conductor hizo un cambio de carril inadecuado: <\/b><span style=\"font-weight: 400;\"> cada a\u00f1o ocurren cientos de accidentes simplemente porque el conductor de otro veh\u00edculo no vio a un motociclista cuando giraba a la izquierda o cambiaba de carril. Desafortunadamente, los conductores a menudo pasan por alto a las motocicletas en la carretera.<\/span><\/li>\n<li style=\"font-weight: 400;\"><b>Condiciones peligrosas de la carretera: <\/b><span style=\"font-weight: 400;\">debido a que los motociclistas carecen de las protecciones proporcionadas por un veh\u00edculo cerrado de cuatro ruedas, son m\u00e1s susceptibles de verse afectados por los peligros en la carretera. Adem\u00e1s, su dise\u00f1o de dos ruedas hace que sean susceptibles de voltearse o perder el control cuando golpean baches o carriles desiguales.<\/span><\/li>\n<\/ul>\n<p><span style=\"font-weight: 400;\">Tu abogado experto en accidentes de motocicleta en Long Island trabajar\u00e1 para representarte justamente en la corte y romper el estereotipo de \u00abmotociclista temerario\u00bb para que puedas obtener el acuerdo completo que mereces.<\/span><\/p>\n<h2><strong>Leyes de Nueva York que afectan tu demanda por accidente<\/strong><\/h2>\n<p><span style=\"font-weight: 400;\">Si bien Nueva York es un estado no-fault para el seguro de autom\u00f3vil, <\/span><span style=\"font-weight: 400;\">la regla de no-fault no se aplica a los motociclistas<\/span><span style=\"font-weight: 400;\">. El umbral de lesiones graves en el seguro de veh\u00edculos motorizados que dificulta a los automovilistas cobrar da\u00f1os despu\u00e9s de un accidente no es v\u00e1lido para los ciclistas. Si otro conductor caus\u00f3 el accidente de tu motocicleta, tienes derecho a presentar una <\/span><a href=\"https:\/\/staging.nylawnet.com\/long-island-personal-injury-lawyer\/\"><span style=\"font-weight: 400;\">demanda por lesiones personales<\/span><\/a><span style=\"font-weight: 400;\"> incluso por lesiones menores sufridas.<\/span><\/p>\n<p><span style=\"font-weight: 400;\">Sin embargo, la negligencia sigue siendo una consideraci\u00f3n importante. Nueva York sigue las leyes de negligencia comparativa. Esto significa que, si se descubre que has tenido parte de culpa en tu accidente, el monto de tu liquidaci\u00f3n se reducir\u00e1 por el porcentaje por el que se te considera culpable. Un abogado experto en accidentes de motocicleta de Long Island de nuestra oficina puede trabajar para asegurarte que tu nivel de culpa sea el menor posible.<\/span><\/p>\n<p><span style=\"font-weight: 400;\">Finalmente, el plazo de prescripci\u00f3n para presentar una demanda despu\u00e9s de un accidente de motocicleta en Nueva York es de tres a\u00f1os. Este estatuto es v\u00e1lido para cualquier caso potencial de lesiones personales. Es importante no esperar demasiado tiempo despu\u00e9s de tu accidente, ya que cualquier caso presentado despu\u00e9s de que el estatuto haya caducado casi seguramente ser\u00e1 desestimado.<\/span><\/p>\n<h2><strong>\u00bfCu\u00e1l es el valor de mi demanda por lesiones de motocicleta?<\/strong><\/h2>\n<p><span style=\"font-weight: 400;\">Los efectos negativos de un accidente de motocicleta pueden durar mucho tiempo despu\u00e9s de que el choque de la colisi\u00f3n inicial haya desaparecido. Las dificultades f\u00edsicas pueden dejarlo al margen durante semanas, meses o incluso el resto de tu vida. Las facturas m\u00e9dicas pueden acumularse aparentemente durante la noche. El trauma emocional puede dejarte lidiando con las r\u00e9plicas del accidente hasta que sientas que nunca volver\u00e1s a saber lo \u00abnormal\u00bb.<\/span><\/p>\n<p><span style=\"font-weight: 400;\">Tu abogado especializado en accidentes de motocicleta en Long Island comprender\u00e1 c\u00f3mo acabar con un accidente de motocicleta y qu\u00e9 tan ca\u00f3tico puede sentirse tu vida despu\u00e9s del evento. Trabajaremos para conseguirle un acuerdo que represente todas las dificultades que puedes enfrentar ahora despu\u00e9s de tu colisi\u00f3n. Estos pueden incluir cualquiera de los siguientes da\u00f1os que se aplican a tu caso:<\/span><\/p>\n<ul>\n<li style=\"font-weight: 400;\"><span style=\"font-weight: 400;\">Gastos m\u00e9dicos actuales y futuros.<\/span><\/li>\n<li style=\"font-weight: 400;\"><span style=\"font-weight: 400;\">P\u00e9rdida de salarios y potencial de ganancias.<\/span><\/li>\n<li style=\"font-weight: 400;\"><span style=\"font-weight: 400;\">Reparaci\u00f3n o sustituci\u00f3n de motocicletas.<\/span><\/li>\n<li style=\"font-weight: 400;\"><span style=\"font-weight: 400;\">Terapia emocional o f\u00edsica.<\/span><\/li>\n<li style=\"font-weight: 400;\"><span style=\"font-weight: 400;\">Disminuci\u00f3n de la calidad de vida.<\/span><\/li>\n<li style=\"font-weight: 400;\"><span style=\"font-weight: 400;\">Dolor y sufrimiento<\/span><\/li>\n<li style=\"font-weight: 400;\"><span style=\"font-weight: 400;\">Coste de pr\u00f3tesis o equipos de movilidad.<\/span><\/li>\n<\/ul>\n<p><span style=\"font-weight: 400;\">Despu\u00e9s de un accidente, es importante saber a qu\u00e9 te enfrentas. Incluso es probable que el motociclista m\u00e1s cuidadoso sea un objetivo de los prejuicios de las compa\u00f1\u00edas de seguros contra los ciclistas.<\/span><\/p>\n<p><span style=\"font-weight: 400;\">Ponerse en contacto con Siler &amp; Ingber, LLP puede ser un primer paso importante despu\u00e9s de la calamidad causada por un choque. Descansar\u00e1s m\u00e1s tranquilo sabiendo que lucharemos para asegurarnos de que est\u00e9s representado de manera justa y trabajar duro para conseguirte cada centavo que se te debe.<\/span><\/p>\n<h2><strong>Preguntas frecuentes sobre el accidente de motocicleta en Long Island<\/strong><\/h2>\n<p><span style=\"font-weight: 400;\">Es probable que el proceso de b\u00fasqueda de compensaci\u00f3n genere una serie de preguntas para las que necesites respuestas. Tu abogado de accidentes de motocicleta de Long Island estar\u00e1 all\u00ed para brindarte la informaci\u00f3n necesaria. Para ello, hemos respondido algunas preguntas a continuaci\u00f3n.<\/span><\/p>\n<h3><strong>Si no estuviera usando un casco en el accidente de la motocicleta, \u00bfpodr\u00e9 recibir una compensaci\u00f3n?<\/strong><\/h3>\n<p><span style=\"font-weight: 400;\">\u00a1S\u00cd! Si otra persona fue responsable de causar el accidente de la motocicleta, es probable que a\u00fan puedas presentar una reclamaci\u00f3n contra ellos. Sin embargo, no usar un casco puede hacerte parcialmente responsable y reducir tu premio financiero, especialmente si hubo lesiones cerebrales, en la cabeza o en la cara.<\/span><\/p>\n<h3><strong>\u00bfQu\u00e9 hago si era un pasajero de motocicleta y el conductor caus\u00f3 el accidente?<\/strong><\/h3>\n<p><span style=\"font-weight: 400;\">Si bien es probable que el motociclista con el que viajaba fuera un amigo o incluso un familiar, a\u00fan puede solicitar una indemnizaci\u00f3n a trav\u00e9s de una demanda por lesiones personales. Trabajar con un abogado puede ser a\u00fan m\u00e1s importante en estas circunstancias, ya que podemos ayudarte a difundir las emociones involucradas actuando como intermediarios.<\/span><\/p>\n<h3><strong>\u00bfTengo la culpa si estaba invadiendo el carril cuando ocurri\u00f3 el accidente?<\/strong><\/h3>\n<p><span style=\"font-weight: 400;\">La invasi\u00f3n de carriles es ilegal en Nueva York, por lo que es muy probable que sea al menos parcialmente responsable. Sin embargo, el otro conductor a\u00fan puede asumir una gran parte de la responsabilidad, lo que te da derecho a una compensaci\u00f3n, por lo que sin duda vale la pena explorar tus opciones.<\/span><\/p>\n<h2><strong>P\u00f3nte en contacto con un abogado experto en accidente de motocicleta de Long Island <\/strong><\/h2>\n<p><span style=\"font-weight: 400;\">Si alguien m\u00e1s caus\u00f3 el accidente de tu motocicleta, no deber\u00edas soportar la carga financiera de tu recuperaci\u00f3n. <\/span><a href=\"https:\/\/staging.nylawnet.com\/\"><span style=\"font-weight: 400;\">Siler &amp; Ingber, LLP<\/span><\/a><span style=\"font-weight: 400;\"> evitar\u00e1 que la compa\u00f1\u00eda de seguros te culpe injustamente por el accidente y ser\u00e1 un defensor invaluable, luchando por la compensaci\u00f3n que mereces.<\/span><\/p>\n<p><span style=\"font-weight: 400;\">Programa hoy mismo una consulta gratuita con un abogado experto en accidentes de motocicleta de Long Island llamando al <a href=\"tel:18777186079\">1-877-718-6079<\/a>, o simplemente usa el formulario de contacto en l\u00ednea en esta p\u00e1gina para comunicarte con nosotros. <\/span>[\/vc_column_text][\/vc_column][\/vc_row][vc_row el_class=\u00bbhidethisrow\u00bb][vc_column width=\u00bb1\/1&#8243;][vc_column_text][fc id=&#8217;8&#8242; type=&#8217;popup&#8217; button_color=&#8217;#4488ee&#8217; font_color=&#8217;white&#8217;]Schedule A Free Consultation[\/fc]<\/p>\n<p>[\/vc_column_text][\/vc_column][\/vc_row]<\/p>\n","protected":false},"excerpt":{"rendered":"<p>[vc_row][vc_column][vc_column_text] Abogado experto en accidentes de motocicleta en Long Island Las lesiones sufridas durante un accidente de motocicleta pueden ser graves y requieren atenci\u00f3n m\u00e9dica costosa. Un abogado experto en accidentes de motocicleta en Long Island puede ayudarte a obtener la compensaci\u00f3n que tu recuperaci\u00f3n requiere de la parte culpable. Junto con un esp\u00edritu aventurero,&#8230;<\/p>\n","protected":false},"author":10,"featured_media":12134,"parent":0,"menu_order":0,"comment_status":"closed","ping_status":"closed","template":"","meta":[],"_links":{"self":[{"href":"https:\/\/staging.nylawnet.com\/es\/wp-json\/wp\/v2\/pages\/12133\/"}],"collection":[{"href":"https:\/\/staging.nylawnet.com\/es\/wp-json\/wp\/v2\/pages\/"}],"about":[{"href":"https:\/\/staging.nylawnet.com\/es\/wp-json\/wp\/v2\/types\/page\/"}],"author":[{"embeddable":true,"href":"https:\/\/staging.nylawnet.com\/es\/wp-json\/wp\/v2\/users\/10\/"}],"replies":[{"embeddable":true,"href":"https:\/\/staging.nylawnet.com\/es\/wp-json\/wp\/v2\/comments\/?post=12133"}],"version-history":[{"count":2,"href":"https:\/\/staging.nylawnet.com\/es\/wp-json\/wp\/v2\/pages\/12133\/revisions\/"}],"predecessor-version":[{"id":13523,"href":"https:\/\/staging.nylawnet.com\/es\/wp-json\/wp\/v2\/pages\/12133\/revisions\/13523\/"}],"wp:featuredmedia":[{"embeddable":true,"href":"https:\/\/staging.nylawnet.com\/es\/wp-json\/wp\/v2\/media\/12134\/"}],"wp:attachment":[{"href":"https:\/\/staging.nylawnet.com\/es\/wp-json\/wp\/v2\/media\/?parent=12133"}],"curies":[{"name":"wp","href":"https:\/\/api.w.org\/{rel}","templated":true}]}}