{"id":12135,"date":"2019-02-23T10:03:19","date_gmt":"2019-02-23T10:03:19","guid":{"rendered":"https:\/\/staging.nylawnet.com\/?page_id=12135"},"modified":"2019-06-11T17:42:14","modified_gmt":"2019-06-11T17:42:14","slug":"long-island-pedestrian-accident-lawyer","status":"publish","type":"page","link":"https:\/\/staging.nylawnet.com\/es\/long-island-pedestrian-accident-lawyer\/","title":{"rendered":"Abogado experto en Accidentes de Peatones"},"content":{"rendered":"<p>[vc_row][vc_column][vc_column_text]<\/p>\n<h1><strong>Abogado experto en Accidentes de Peatones en Long Island<br \/>\n<\/strong><\/h1>\n<blockquote><p><i><span style=\"font-weight: 400;\">No es f\u00e1cil recuperarse f\u00edsica, emocional y financieramente despu\u00e9s de ser atropellado por un autom\u00f3vil, pero un abogado experto en accidentes de peatones en Long Island puede ayudarte a recuperar la compensaci\u00f3n que mereces del conductor culpable.<\/span><\/i><\/p><\/blockquote>\n<p><span style=\"font-weight: 400;\">En muchos sentidos, debe haber una confianza t\u00e1cita entre los automovilistas y los peatones. Se espera que los conductores con las protecciones de un veh\u00edculo tengan en cuenta a los que van a pie y les cedan la v\u00eda cuando sea apropiado. <\/span><\/p>\n<p><span style=\"font-weight: 400;\">Cuando los conductores violan esta confianza, los resultados pueden ser desastrosos para el peat\u00f3n. Un accidente entre un autom\u00f3vil y una persona a pie puede causar lesiones particularmente devastadoras, a menudo fatales. Si has sido golpeado por un conductor negligente, puede ser dif\u00edcil saber c\u00f3mo obtener una indemnizaci\u00f3n completa y justa.<\/span><\/p>\n<p><span style=\"font-weight: 400;\">Un acuerdo por lesiones personales puede hacer mucho para aliviar la carga financiera de tu recuperaci\u00f3n y darte un poco de tranquilidad mental. Un abogado experto en accidentes de peatones en Long Island d eSiler &#038; Ingber, LLP trabajar\u00e1 para obtener la compensaci\u00f3n completa que mereces.<\/span><\/p>\n<h2><strong>Estad\u00edsticas de accidentes de peatones en Long Island<\/strong><\/h2>\n<p><span style=\"font-weight: 400;\">El Departamento de Salud del Estado de Nueva York ofrece informaci\u00f3n sobre los accidentes de peatones en Long Island y en Nueva York en general. <\/span><\/p>\n<ul>\n<li><span style=\"font-weight: 400;\">En Nueva York, hubo 1,098 muertes y 136.913 traslados a sala de emergencia relacionados con accidentes automovil\u00edsticos.<\/span><\/li>\n<li><span style=\"font-weight: 400;\">De esas, 312 muertes fueron peatones golpeados por un veh\u00edculo motorizado.<\/span><\/li>\n<li><span style=\"font-weight: 400;\">Al usar estas cifras, dos muertes de peatones por cada 100,000 neoyorquinos son resultado de un accidente automovil\u00edstico.<br \/>\n<\/span><\/li>\n<\/ul>\n<p><span style=\"font-weight: 400;\">Long Island es una de las \u00e1reas de mayor riesgo para accidentes relacionados con peatones por parte de veh\u00edculos motorizados. El Departamento de Transporte del Estado de Nueva York informa que 732 peatones perdieron la vida en accidentes relacionados con veh\u00edculos en el \u00e1rea del estado bajo entre 2011 a 2013. En Nueva York, 1,266 peatones estuvieron involucrados en tales incidentes. Esto indica claramente un alto nivel de riesgo en el \u00e1rea de Long Island para los peatones.<\/span><\/p>\n<p><span style=\"font-weight: 400;\">Adem\u00e1s de las muertes, Long Island tiene un n\u00famero significativo de incidentes adicionales que conllevan a lesiones, limitaciones f\u00edsicas debilitantes y angustia mental.<\/span><\/p>\n<p><a href=\"http:\/\/www.nytimes.com\/2008\/12\/28\/nyregion\/long-island\/28pedestriansli.html\"><span style=\"font-weight: 400;\">La evidencia apunta <\/span><\/a><span style=\"font-weight: 400;\"> a que la misma regi\u00f3n en Nueva York sufri\u00f3 los mismos tipos de p\u00e9rdidas devastadoras desde 2008 sin una gran mejora para los peatones.<\/span><\/p>\n<h2><strong>Determinando la culpa en accidentes de coche de peatones<\/strong><\/h2>\n<p><span style=\"font-weight: 400;\">Lo primero que t\u00fa y tu abogado experto en accidentes de peatones de Long Island har\u00e1n es revisar todos los detalles de tu caso para determinar la culpa. Revisaremos relatos de testigos presenciales, videos de tr\u00e1fico, informes policiales y cualquier otra evidencia disponible.<\/span><\/p>\n<p><span style=\"font-weight: 400;\">Puedes confiar en que nuestra empresa trabajar\u00e1 arduamente para responsabilizar al conductor negligente que te golpe\u00f3. Entre los ejemplos de conductas de conducci\u00f3n negligentes que podr\u00edan necesitar considerarse durante la investigaci\u00f3n se incluyen los siguientes:<\/span><\/p>\n<ul>\n<li style=\"font-weight: 400;\"><span style=\"font-weight: 400;\">Saltarse luces rojas<\/span><\/li>\n<li style=\"font-weight: 400;\"><span style=\"font-weight: 400;\">No ceder el paso a los peatones en los pasos de peatones.<\/span><\/li>\n<li style=\"font-weight: 400;\"><span style=\"font-weight: 400;\">Conducci\u00f3n distraida<\/span><\/li>\n<li style=\"font-weight: 400;\"><span style=\"font-weight: 400;\">Conducci\u00f3n temeraria a trav\u00e9s de estacionamientos.<\/span><\/li>\n<li style=\"font-weight: 400;\"><span style=\"font-weight: 400;\">Conducir ebrio<\/span><\/li>\n<li style=\"font-weight: 400;\"><span style=\"font-weight: 400;\">Aparcamiento ilegal que oculta la visi\u00f3n de los peatones.<\/span><\/li>\n<\/ul>\n<p><span style=\"font-weight: 400;\">Un conductor peligroso es un riesgo para todos los dem\u00e1s conductores en carretera. Para un peat\u00f3n, el peligro se amplifica. Ser golpeado en un cruce de peatones, en una acera o en cualquier otro lugar, por un conductor negligente, puede ocasionar dificultades en su vida que pueden parecer insuperables. Tu abogado experto en accidentes de peatones en Long Island te ayudar\u00e1 a recuperarte al hacer responsable al conductor descuidado.<br \/>\n<\/span><\/p>\n<h2><strong>Las leyes de tr\u00e1nsito peatonal de Nueva York y tu demanda<\/strong><\/h2>\n<p><span style=\"font-weight: 400;\">La ciudad de Nueva York es la ciudad m\u00e1s mort\u00edfera en Estados Unidos para peatones.  <\/span><a href=\"https:\/\/crashstats.nhtsa.dot.gov\/Api\/Public\/ViewPublication\/812124\" target=\"_blank\" rel=\"noopener noreferrer\"><span style=\"font-weight: 400;\">Casi 300 peatones <\/span><\/a><span style=\"font-weight: 400;\"> murieron en accidentes solo en 2013. Nueva York tiene leyes vigentes para garantizar la seguridad de peatones y motoristas, y si el conductor que lo golpe\u00f3 viol\u00f3 una de estas leyes en el proceso, podr\u00edamos incluirla como evidencia para respaldar tu reclamo de compensaci\u00f3n.<\/span><\/p>\n<p><span style=\"font-weight: 400;\">Algunas de estas leyes son las siguientes:<\/span><\/p>\n<ul>\n<li style=\"font-weight: 400;\"><span style=\"font-weight: 400;\">Los conductores no tienen permitido pasar veh\u00edculos en los cruces para que los peatones puedan cruzar.<\/span><\/li>\n<li style=\"font-weight: 400;\"><span style=\"font-weight: 400;\">Los conductores deben ejercer el debido cuidado para evitar accidentes con peatones. <\/span><\/li>\n<li style=\"font-weight: 400;\"><span style=\"font-weight: 400;\">Los conductores deben ceder el paso a los peatones cuando la se\u00f1al de \u00abcaminar\u00bb est\u00e1 parpadeando.<\/span><\/li>\n<li style=\"font-weight: 400;\"><span style=\"font-weight: 400;\">Los conductores deben ceder a los peatones cuando el signo de \u00abcaminar\u00bb se convierte en una mano parpadeante u otro s\u00edmbolo.<\/span><\/li>\n<\/ul>\n<p><span style=\"font-weight: 400;\">Tu abogado de accidentes de peatones en Long Island revisar\u00e1 todas las pruebas para obtener el mayor valor para tu caso. Es importante buscar ayuda legal lo antes posible, especialmente mientras los eventos a\u00fan est\u00e1n frescos en tu mente y la evidencia de respaldo est\u00e1 disponible.<\/span><\/p>\n<h2><strong>Leyes de Nueva York que protegen a los peatones<\/strong><\/h2>\n<p><span style=\"font-weight: 400;\">Hay varias leyes en Nueva York que protegen a los peatones:<\/span><\/p>\n<p><a href=\"https:\/\/dmv.ny.gov\/about-dmv\/nys-vehicle-and-traffic-law-information\"><span style=\"font-weight: 400;\">Ley de veh\u00edculos y tr\u00e1nsito del estado de Nueva York<\/span><\/a><span style=\"font-weight: 400;\"> : esta es la legislaci\u00f3n oficial de tr\u00e1nsito y veh\u00edculos del estado. Si un peat\u00f3n es lesionado por un motorista que viola esta ley, a menudo se lo encontrar\u00e1 negligente en una demanda civil<\/span><\/p>\n<p><a href=\"http:\/\/www.nytimes.com\/2010\/08\/31\/nyregion\/31bigcity.html\"><span style=\"font-weight: 400;\">Ley de Elle<\/span><\/a><span style=\"font-weight: 400;\"> : conforme a esta ley, cualquier automovilista que cometa una infracci\u00f3n de tr\u00e1nsito y en el proceso hiere gravemente a una persona que recibe una suspensi\u00f3n autom\u00e1tica de su licencia durante seis meses. Si tienen otro incidente que viola la Ley de Elle dentro de un per\u00edodo de cinco a\u00f1os, su licencia ser\u00e1 suspendida por un a\u00f1o completo.<\/span><\/p>\n<p><a href=\"http:\/\/chekpeds.com\/hayley-and-diegos-law-goes-into-effect-careless-drivers-will-now-face-jail-time-for-injuring-pedestrians\"><span style=\"font-weight: 400;\">Ley de Hayley y Diego<\/span><\/a><span style=\"font-weight: 400;\"> : esta ley cre\u00f3 una infracci\u00f3n de \u00abconducci\u00f3n descuidada\u00bb que provoca sanciones espec\u00edficas cuando un conductor no tiene cuidado al operar un veh\u00edculo motorizado y, como resultado, un peat\u00f3n o un ciclista resulta lesionado. Act\u00faa como una brecha legal para detenerse cuando se ha producido una lesi\u00f3n debido a la negligencia del conductor, pero no es probable que se presente un cargo penal. La primera ofensa se acumula ya sea:<\/span><\/p>\n<ul>\n<li style=\"font-weight: 400;\"><span style=\"font-weight: 400;\">Una multa de $ 750, o<\/span><\/li>\n<li style=\"font-weight: 400;\"><span style=\"font-weight: 400;\">15 d\u00edas en la c\u00e1rcel, o<\/span><\/li>\n<li style=\"font-weight: 400;\"><span style=\"font-weight: 400;\">Finalizaci\u00f3n de un curso de formaci\u00f3n de conducci\u00f3n.<\/span><\/li>\n<\/ul>\n<p><span style=\"font-weight: 400;\">En una segunda ofensa, el conductor es acusado de un delito menor.<\/span><\/p>\n<p><a href=\"https:\/\/nextcity.org\/daily\/entry\/new-york-will-install-1500-bollards-to-protect-pedestrians\">Instalaci\u00f3n de barreras en muchas \u00e1reas p\u00fablicas de alto perfil<\/a><span style=\"font-weight: 400;\"> : a principios de 2018, la ciudad de Nueva York tom\u00f3 la decisi\u00f3n de gastar $ 50 millones de d\u00f3lares para instalar aproximadamente 1,500 bolardos de metal y sembradores para actuar como barreras que evitar\u00e1n que los automovilistas ingresen a espacios p\u00fablicos como aceras y partes de Times Square. Si bien esto no es una ley todav\u00eda, est\u00e1 abriendo el piso para la propuesta de m\u00e1s leyes para proteger a los peatones, lo que incluye hacer de Times Square una zona libre de autom\u00f3viles.<\/span><\/p>\n<h2><strong>Evaluando el valor de tu demanda de accidente peatonal<\/strong><\/h2>\n<p><span style=\"font-weight: 400;\">El estatuto de limitaciones en <\/span><a href=\"https:\/\/staging.nylawnet.com\/long-island-personal-injury-lawyer\/\"><span style=\"font-weight: 400;\">casos de lesiones personales<\/span><\/a><span style=\"font-weight: 400;\"> en Nueva York es de tres a\u00f1os a partir de la fecha del accidente. Querr\u00e1s ponerte en contacto con un abogado experto en accidentes de peatones de Long Island mucho antes de que se cumpla el estatuto. Cuanto antes de un accidente busques representaci\u00f3n legal, m\u00e1s aumentar\u00e1 sus posibilidades de una demanda exitosa, ya que las pruebas seguir\u00e1n siendo nuevas.<\/span><\/p>\n<p><span style=\"font-weight: 400;\">Debes tener cuidado si la compa\u00f1\u00eda de seguros del conductor hace una oferta para resolver tu demanda, ya que estas ofertas iniciales son casi siempre montos bajos. Su objetivo es lograr que resuelvas tu demanda con el menor gasto posible para ellos. En vez de eso, luchemos por una compensaci\u00f3n que justifique todos tus da\u00f1os, incluyendo cualquiera de los siguientes que aplican:<\/span><\/p>\n<ul>\n<li style=\"font-weight: 400;\"><span style=\"font-weight: 400;\">Facturas m\u00e9dicas actuales y futuras.<\/span><\/li>\n<li style=\"font-weight: 400;\"><span style=\"font-weight: 400;\">Salarios perdidos e ingresos futuros<\/span><\/li>\n<li style=\"font-weight: 400;\"><span style=\"font-weight: 400;\">Gastos de transporte<\/span><\/li>\n<li style=\"font-weight: 400;\"><span style=\"font-weight: 400;\">Dolor y sufrimiento<\/span><\/li>\n<li style=\"font-weight: 400;\"><span style=\"font-weight: 400;\">Estr\u00e9s emocional<\/span><\/li>\n<li style=\"font-weight: 400;\"><span style=\"font-weight: 400;\">Disminuci\u00f3n de la calidad de vida.<\/span><\/li>\n<\/ul>\n<p><span style=\"font-weight: 400;\">Despu\u00e9s de un accidente en un carro de peatones, es posible que tengas que lidiar con dolor f\u00edsico severo, facturas m\u00e9dicas que siguen llegando y traumas emocionales significativos. No creemos que debas soportar la carga financiera cuando no fuiste el culpable de lo ocurrido, y nos aseguraremos de que recibas toda la compensaci\u00f3n para la que eres elegible. <\/span><\/p>\n<h2>Accidentes de peatones demandas y acuerdos<\/h2>\n<p><span style=\"font-weight: 400;\">Cuando un peat\u00f3n es lesionado por un veh\u00edculo en movimiento, \u00e9l o ella puede presentar una  <\/span><a href=\"https:\/\/staging.nylawnet.com\/long-island-personal-injury-settlement-calculator\/\"><span style=\"font-weight: 400;\">demanda por lesiones personales<\/span><\/a><span style=\"font-weight: 400;\"> por cualquier p\u00e9rdida o da\u00f1o. Los juicios por accidentes de peatones y los montos de liquidaci\u00f3n var\u00edan ampliamente con mayor frecuencia como resultado de la extensi\u00f3n del da\u00f1o. Un accidente de auto a peat\u00f3n puede crear consecuencias potencialmente mortales y necesidades de rehabilitaci\u00f3n m\u00e9dica a largo plazo.<\/span><\/p>\n<h3><strong>Factores clave en la determinaci\u00f3n de demandas y asentamientos en accidentes de peatones<\/strong><\/h3>\n<p><span style=\"font-weight: 400;\">Una variedad de factores juega un papel en la determinaci\u00f3n del monto promedio de liquidaci\u00f3n para accidentes de peatones y autom\u00f3viles. Algunos factores clave incluyen los siguientes:<\/span><\/p>\n<ul>\n<li style=\"font-weight: 400;\"><span style=\"font-weight: 400;\">La extensi\u00f3n de las lesiones, incluidas las necesidades de atenci\u00f3n inmediata ya largo plazo.<\/span><\/li>\n<li style=\"font-weight: 400;\"><span style=\"font-weight: 400;\">La cantidad de tratamiento necesario para la rehabilitaci\u00f3n, como la atenci\u00f3n quiropr\u00e1ctica, los acupunturistas y otros proveedores no m\u00e9dicos<\/span><\/li>\n<li style=\"font-weight: 400;\"><span style=\"font-weight: 400;\">La cantidad de tiempo que una persona no puede trabajar, lo que lleva a la p\u00e9rdida de ingresos<\/span><\/li>\n<li style=\"font-weight: 400;\"><span style=\"font-weight: 400;\">La cantidad de impacto que el accidente tiene en la vida diaria de una persona, as\u00ed como en su vida con otras personas, como los asentamientos para el dolor y el sufrimiento.<\/span><\/li>\n<li style=\"font-weight: 400;\"><span style=\"font-weight: 400;\">P\u00e9rdidas que no se pueden recuperar, como la incapacidad para volver al trabajo o la p\u00e9rdida del uso de una extremidad, y el impacto que esto tiene en el futuro de una persona.<\/span><\/li>\n<li style=\"font-weight: 400;\"><span style=\"font-weight: 400;\">La posibilidad de que una persona pueda regresar a alg\u00fan trabajo en alg\u00fan momento de su futuro.<\/span><\/li>\n<\/ul>\n<p><span style=\"font-weight: 400;\">La indemnizaci\u00f3n por demandas y liquidaciones por accidentes de peatones puede abarcar desde solo la cobertura de facturas m\u00e9dicas menores hasta sumas extensas para cubrir p\u00e9rdidas a largo plazo. Incluso las demandas por muerte injusta pueden aplicarse si la persona muere como resultado de sus lesiones.<\/span><\/p>\n<h2><strong>P\u00f3nte en contacto con un abogado experto en accidentes de coche de peatones de Long Island<\/strong><\/h2>\n<p><span style=\"font-weight: 400;\">Si bien los resultados de tu accidente no se pueden cambiar, <\/span><a href=\"https:\/\/staging.nylawnet.com\/\"><span style=\"font-weight: 400;\">Siler &amp; Ingber, LLP<\/span><\/a><span style=\"font-weight: 400;\"> trabajar\u00e1 arduamente para obtener la compensaci\u00f3n que merece y te ayudar\u00e1n a recuperarte en la mayor medida posible.<\/span><\/p>\n<p><span style=\"font-weight: 400;\">Ll\u00e1manos hoy al <a href=\"tel:18777186079\">1-877-718-6079<\/a> o cont\u00e1ctanos a trav\u00e9s de nuestro formulario en l\u00ednea en esta p\u00e1gina para programar una consulta gratuita con un abogado experto en accidentes de peatones en Long Island. No hay ninguna obligaci\u00f3n involucrada, por lo que puedes sentirse completamente libre para explorar tus opciones.<\/span>[\/vc_column_text][\/vc_column][\/vc_row][vc_row el_class=\u00bbhidethisrow\u00bb][vc_column width=\u00bb1\/1&#8243;][vc_column_text][fc id=&#8217;8&#8242; type=&#8217;popup&#8217; button_color=&#8217;#4488ee&#8217; font_color=&#8217;white&#8217;]Schedule A Free Consultation[\/fc]<\/p>\n<p>[\/vc_column_text][\/vc_column][\/vc_row]<\/p>\n","protected":false},"excerpt":{"rendered":"<p>[vc_row][vc_column][vc_column_text] Abogado experto en Accidentes de Peatones en Long Island No es f\u00e1cil recuperarse f\u00edsica, emocional y financieramente despu\u00e9s de ser atropellado por un autom\u00f3vil, pero un abogado experto en accidentes de peatones en Long Island puede ayudarte a recuperar la compensaci\u00f3n que mereces del conductor culpable. En muchos sentidos, debe haber una confianza t\u00e1cita&#8230;<\/p>\n","protected":false},"author":10,"featured_media":0,"parent":0,"menu_order":0,"comment_status":"closed","ping_status":"closed","template":"","meta":[],"_links":{"self":[{"href":"https:\/\/staging.nylawnet.com\/es\/wp-json\/wp\/v2\/pages\/12135\/"}],"collection":[{"href":"https:\/\/staging.nylawnet.com\/es\/wp-json\/wp\/v2\/pages\/"}],"about":[{"href":"https:\/\/staging.nylawnet.com\/es\/wp-json\/wp\/v2\/types\/page\/"}],"author":[{"embeddable":true,"href":"https:\/\/staging.nylawnet.com\/es\/wp-json\/wp\/v2\/users\/10\/"}],"replies":[{"embeddable":true,"href":"https:\/\/staging.nylawnet.com\/es\/wp-json\/wp\/v2\/comments\/?post=12135"}],"version-history":[{"count":1,"href":"https:\/\/staging.nylawnet.com\/es\/wp-json\/wp\/v2\/pages\/12135\/revisions\/"}],"predecessor-version":[{"id":13504,"href":"https:\/\/staging.nylawnet.com\/es\/wp-json\/wp\/v2\/pages\/12135\/revisions\/13504\/"}],"wp:attachment":[{"href":"https:\/\/staging.nylawnet.com\/es\/wp-json\/wp\/v2\/media\/?parent=12135"}],"curies":[{"name":"wp","href":"https:\/\/api.w.org\/{rel}","templated":true}]}}