{"id":12136,"date":"2019-02-22T20:08:16","date_gmt":"2019-02-22T20:08:16","guid":{"rendered":"https:\/\/staging.nylawnet.com\/?page_id=12136"},"modified":"2019-06-11T17:43:00","modified_gmt":"2019-06-11T17:43:00","slug":"long-island-slip-and-fall-lawyer","status":"publish","type":"page","link":"https:\/\/staging.nylawnet.com\/es\/long-island-slip-and-fall-lawyer\/","title":{"rendered":"Abogado experto en resbalones y ca\u00eddas"},"content":{"rendered":"<p>[vc_row][vc_column][vc_column_text]<\/p>\n<h1><strong>Abogado experto en resbalones y ca\u00eddas de Long Island<br \/>\n<\/strong><\/h1>\n<blockquote><p><i><span style=\"font-weight: 400;\">Cuando te caes y te lesionas por condiciones negligentes en una propiedad, puedes tener derecho legal a una compensaci\u00f3n monetaria. Averig\u00fca trabajando con un abogado experto en resbalones y ca\u00eddas de Long Island.<\/span><\/i><\/p><\/blockquote>\n<p style=\"text-align: center;\"><script src=\"https:\/\/fast.wistia.com\/embed\/medias\/s4nggjt1mh.jsonp\" async><\/script><script src=\"https:\/\/fast.wistia.com\/assets\/external\/E-v1.js\" async><\/script><\/p>\n<div class=\"wistia_responsive_padding\" style=\"padding: 56.25% 0 0 0; position: relative;\">\n<div class=\"wistia_responsive_wrapper\" style=\"height: 100%; left: 0; position: absolute; top: 0; width: 100%;\">\n<div class=\"wistia_embed wistia_async_s4nggjt1mh videoFoam=true\" style=\"height: 100%; width: 100%;\"><\/div>\n<\/div>\n<\/div>\n<p><span style=\"font-weight: 400;\">Cada propietario, ya sea residencial o comercial, tiene la obligaci\u00f3n legal de mantener sus terrenos libres de peligros y seguros para los visitantes. Este requisito incluye riesgos de resbalones y tropiezos que pueden provocar ca\u00eddas que causan lesiones. Cuando estos peligros no se resuelven, cualquier persona en la propiedad que ignore el peligro puede f\u00e1cilmente sufrir lesiones graves, a menudo con una <\/span><a href=\"https:\/\/staging.nylawnet.com\/long-island-broken-bone-lawyer\/\"><span style=\"font-weight: 400;\">fractura de hueso<\/span><\/a><span style=\"font-weight: 400;\"> o una <\/span><a href=\"https:\/\/staging.nylawnet.com\/long-island-brain-injury-lawyer\/\"><span style=\"font-weight: 400;\">lesi\u00f3n cerebral traum\u00e1tica.<\/span><\/a><span style=\"font-weight: 400;\">.<\/span><\/p>\n<p><span style=\"font-weight: 400;\">Si has salido herido por un resbal\u00f3n y ca\u00edda, podr\u00edas tener <\/span><a href=\"https:\/\/staging.nylawnet.com\/long-island-personal-injury-lawyer\/\"><span style=\"font-weight: 400;\">motivos para una demanda por lesiones personales<\/span><\/a><span style=\"font-weight: 400;\"> contra el propietario de la propiedad donde fue herido. Sin embargo, estas demandas pueden ser dif\u00edciles de resolver con \u00e9xito, ya que se debe demostrar tanto la causa de tu lesi\u00f3n como tu estado como visitante. Para recuperar una indemnizaci\u00f3n completa por tus lesiones y p\u00e9rdidas, querr\u00e1s a un abogado experto en resbalones y ca\u00eddas de Long Island de Siler &#038; Ingber, LLP a tu lado.<\/span><\/p>\n<h2><strong>Dificultades en casos de accidentes por resbalones y ca\u00eddas<\/strong><\/h2>\n<p><span style=\"font-weight: 400;\">Hay tres desaf\u00edos principales que tu caso debe abordar para que puedas cobrar una indemnizaci\u00f3n en un <\/span><a href=\"https:\/\/staging.nylawnet.com\/long-island-premises-liability-lawyer\/\"><span style=\"font-weight: 400;\">caso de responsabilidad local:<\/span><\/a><span style=\"font-weight: 400;\">:<\/span><\/p>\n<ul>\n<li style=\"font-weight: 400;\"><span style=\"font-weight: 400;\">Fuiste un visitante legal en la propiedad<\/span><\/li>\n<li style=\"font-weight: 400;\"><span style=\"font-weight: 400;\">El due\u00f1o de la propiedad sab\u00eda o deber\u00eda haber sabido sobre el peligro que caus\u00f3 tu ca\u00edda y no lo abord\u00f3 adecuadamente<\/span><\/li>\n<li style=\"font-weight: 400;\"><span style=\"font-weight: 400;\">Esta negligencia fue la causa de tu ca\u00edda.<\/span><\/li>\n<\/ul>\n<p><span style=\"font-weight: 400;\">Por ejemplo, si visitas una tienda despu\u00e9s de que un empleado limpi\u00f3 el piso recientemente sin colocar un letrero de \u00abpiso mojado\u00bb, es posible que no te des cuenta de que el piso est\u00e1 mojado y al pisarlo te resbalas y te caes. La ca\u00edda podr\u00eda f\u00e1cilmente causar una lesi\u00f3n grave, ocasion\u00e1ndote un dolor extremo, lo que hace que necesites atenci\u00f3n m\u00e9dica. <\/span><\/p>\n<p><span style=\"font-weight: 400;\">En esta situaci\u00f3n, la tienda debe ser responsable de tu resbal\u00f3n y ca\u00edda. El empleado deber\u00eda haber recibido la capacitaci\u00f3n adecuada para colocar se\u00f1ales de advertencia y la gerencia deber\u00eda haber estado supervisando adecuadamente. Su incapacidad para poner un letrero es claramente lo que condujo a tu ca\u00edda y lesi\u00f3n, haci\u00e9ndolos responsables de lo que sucedi\u00f3.<\/span><\/p>\n<h2><strong>Indemnizaci\u00f3n por lesiones de ca\u00edda<\/strong><\/h2>\n<p><span style=\"font-weight: 400;\">Un abogado experto en resbalones y ca\u00eddas de Long Island de nuestra firma te asegurar\u00e1 de que recibas el valor total de tu demanda. Incluso si el due\u00f1o de la propiedad o su aseguradora ofrecen cubrir sus facturas m\u00e9dicas, no debes aceptar una oferta inicial, sin importar cu\u00e1n generosa pueda parecer. Aceptar esta oferta probablemente dejar\u00e1 dinero en la mesa que podr\u00eda haberse recuperado de sus otros da\u00f1os y p\u00e9rdidas.<\/span><\/p>\n<p><span style=\"font-weight: 400;\">T\u00fa mereces ser compensado por todos los costos financieros y p\u00e9rdida de la calidad de vida causada por la ca\u00edda, tanto actual como futura:<\/span><\/p>\n<ul>\n<li style=\"font-weight: 400;\"><span style=\"font-weight: 400;\">Costo de la atenci\u00f3n m\u00e9dica, incluyendo medicamentos y <\/span><a href=\"https:\/\/medlineplus.gov\/mobilityaids.html\" target=\"_blank\" rel=\"noopener noreferrer\"><span style=\"font-weight: 400;\">equipos de movilidad.<\/span><\/a><\/li>\n<li style=\"font-weight: 400;\"><span style=\"font-weight: 400;\">P\u00e9rdida de ingresos y potencial de ganancias futuras<\/span><\/li>\n<li style=\"font-weight: 400;\"><span style=\"font-weight: 400;\">Costos de transporte<\/span><\/li>\n<li style=\"font-weight: 400;\"><a href=\"https:\/\/staging.nylawnet.com\/blog\/pain-and-suffering-compensation\/\"><span style=\"font-weight: 400;\">Dolor y sufrimiento<\/span><\/a><\/li>\n<li style=\"font-weight: 400;\"><span style=\"font-weight: 400;\">Perdida de disfrute de la vida<\/span><\/li>\n<\/ul>\n<h2><strong>Trabajar con un abogado experto en resbalones y ca\u00eddas de Long Island<\/strong><\/h2>\n<p><span style=\"font-weight: 400;\">Cuando te resbalas y te caes debido a un propietario o negocio negligente, no debes ser t\u00fa quien pague las cuentas m\u00e9dicas resultantes y otras p\u00e9rdidas. En su lugar, permite que un abogado experto en resbalones y ca\u00eddas de Long Island de <\/span><a href=\"https:\/\/staging.nylawnet.com\/\"><span style=\"font-weight: 400;\">Siler &amp; Ingber, LLP<\/span><\/a><span style=\"font-weight: 400;\"> te ayude a obtener una compensaci\u00f3n completa. Para comenzar con una consulta gratuita sin presi\u00f3n, llama al  <a href=\"tel:18777186079\">1-877-718-6079<\/a> o completa el formulario de contacto en esta p\u00e1gina.<\/span><br \/>\n[\/vc_column_text][\/vc_column][\/vc_row]<\/p>\n","protected":false},"excerpt":{"rendered":"<p>[vc_row][vc_column][vc_column_text] Abogado experto en resbalones y ca\u00eddas de Long Island Cuando te caes y te lesionas por condiciones negligentes en una propiedad, puedes tener derecho legal a una compensaci\u00f3n monetaria. Averig\u00fca trabajando con un abogado experto en resbalones y ca\u00eddas de Long Island. Cada propietario, ya sea residencial o comercial, tiene la obligaci\u00f3n legal de&#8230;<\/p>\n","protected":false},"author":10,"featured_media":0,"parent":0,"menu_order":0,"comment_status":"closed","ping_status":"closed","template":"","meta":[],"_links":{"self":[{"href":"https:\/\/staging.nylawnet.com\/es\/wp-json\/wp\/v2\/pages\/12136\/"}],"collection":[{"href":"https:\/\/staging.nylawnet.com\/es\/wp-json\/wp\/v2\/pages\/"}],"about":[{"href":"https:\/\/staging.nylawnet.com\/es\/wp-json\/wp\/v2\/types\/page\/"}],"author":[{"embeddable":true,"href":"https:\/\/staging.nylawnet.com\/es\/wp-json\/wp\/v2\/users\/10\/"}],"replies":[{"embeddable":true,"href":"https:\/\/staging.nylawnet.com\/es\/wp-json\/wp\/v2\/comments\/?post=12136"}],"version-history":[{"count":0,"href":"https:\/\/staging.nylawnet.com\/es\/wp-json\/wp\/v2\/pages\/12136\/revisions\/"}],"wp:attachment":[{"href":"https:\/\/staging.nylawnet.com\/es\/wp-json\/wp\/v2\/media\/?parent=12136"}],"curies":[{"name":"wp","href":"https:\/\/api.w.org\/{rel}","templated":true}]}}