{"id":12137,"date":"2019-02-22T19:50:20","date_gmt":"2019-02-22T19:50:20","guid":{"rendered":"https:\/\/staging.nylawnet.com\/?page_id=12137"},"modified":"2019-06-11T17:48:31","modified_gmt":"2019-06-11T17:48:31","slug":"contact","status":"publish","type":"page","link":"https:\/\/staging.nylawnet.com\/es\/contact\/","title":{"rendered":"Contacto"},"content":{"rendered":"<p>[vc_row][vc_column width=\u00bb1\/1&#8243;][vc_column_text]<\/p>\n<h1>Contacto para revisi\u00f3n de caso gratis<\/h1>\n<p>Siler &amp; Ingber est\u00e1 aqu\u00ed para representar tus intereses. Llama a cualquier hora del d\u00eda o de la noche para una consulta gratuita de tus derechos legales.<\/p>\n<h4>La oficina legal de Siler &amp; Ingber, LLP<\/h4>\n<p>301 Mineola Blvd.<br \/>\nMineola, NY 11501<br \/>\n<a href=\"tel:15162942666\">1.516.294.2666<\/a><\/p>\n<h3>Consulta legal gratuita de casos<\/h3>\n<p><script type=\"text\/javascript\">var gform;gform||(document.addEventListener(\"gform_main_scripts_loaded\",function(){gform.scriptsLoaded=!0}),window.addEventListener(\"DOMContentLoaded\",function(){gform.domLoaded=!0}),gform={domLoaded:!1,scriptsLoaded:!1,initializeOnLoaded:function(o){gform.domLoaded&&gform.scriptsLoaded?o():!gform.domLoaded&&gform.scriptsLoaded?window.addEventListener(\"DOMContentLoaded\",o):document.addEventListener(\"gform_main_scripts_loaded\",o)},hooks:{action:{},filter:{}},addAction:function(o,n,r,t){gform.addHook(\"action\",o,n,r,t)},addFilter:function(o,n,r,t){gform.addHook(\"filter\",o,n,r,t)},doAction:function(o){gform.doHook(\"action\",o,arguments)},applyFilters:function(o){return gform.doHook(\"filter\",o,arguments)},removeAction:function(o,n){gform.removeHook(\"action\",o,n)},removeFilter:function(o,n,r){gform.removeHook(\"filter\",o,n,r)},addHook:function(o,n,r,t,i){null==gform.hooks[o][n]&&(gform.hooks[o][n]=[]);var e=gform.hooks[o][n];null==i&&(i=n+\"_\"+e.length),gform.hooks[o][n].push({tag:i,callable:r,priority:t=null==t?10:t})},doHook:function(n,o,r){var t;if(r=Array.prototype.slice.call(r,1),null!=gform.hooks[n][o]&&((o=gform.hooks[n][o]).sort(function(o,n){return o.priority-n.priority}),o.forEach(function(o){\"function\"!=typeof(t=o.callable)&&(t=window[t]),\"action\"==n?t.apply(null,r):r[0]=t.apply(null,r)})),\"filter\"==n)return r[0]},removeHook:function(o,n,t,i){var r;null!=gform.hooks[o][n]&&(r=(r=gform.hooks[o][n]).filter(function(o,n,r){return!!(null!=i&&i!=o.tag||null!=t&&t!=o.priority)}),gform.hooks[o][n]=r)}});<\/script>\n                <div class='gf_browser_gecko gform_wrapper gform_legacy_markup_wrapper' id='gform_wrapper_5' >\n                        <div class='gform_heading'>\n                            <h3 class=\"gform_title\">Contact Us Today<\/h3>\n                        <\/div><form method='post' enctype='multipart\/form-data'  id='gform_5'  action='\/es\/wp-json\/wp\/v2\/pages\/12137' > \r\n <input type='hidden' class='gforms-pum' value='{\"closepopup\":false,\"closedelay\":0,\"openpopup\":false,\"openpopup_id\":0}' \/>\n                        <div class='gform_body gform-body'><ul id='gform_fields_5' class='gform_fields top_label form_sublabel_below description_below'><li id=\"field_5_1\" class=\"gfield gfield_contains_required field_sublabel_below field_description_below gfield_visibility_visible\" ><label class='gfield_label gfield_label_before_complex'  >NOMBRE<span class=\"gfield_required\"><span class=\"gfield_required gfield_required_asterisk\">*<\/span><\/span><\/label><div class='ginput_complex ginput_container no_prefix has_first_name no_middle_name has_last_name no_suffix gf_name_has_2 ginput_container_name' id='input_5_1'>\n                            \n                            <span id='input_5_1_3_container' class='name_first' >\n                                                    <input type='text' name='input_1.3' id='input_5_1_3' value=''   aria-required='true'   placeholder='First Name'  \/>\n                                                    <label for='input_5_1_3' >Nombre<\/label>\n                                                <\/span>\n                            \n                            <span id='input_5_1_6_container' class='name_last' >\n                                                    <input type='text' name='input_1.6' id='input_5_1_6' value=''   aria-required='true'   placeholder='Last Name'  \/>\n                                                    <label for='input_5_1_6' >Apellidos<\/label>\n                                                <\/span>\n                            \n                        <\/div><\/li><li id=\"field_5_2\" class=\"gfield gfield_contains_required field_sublabel_below field_description_below gfield_visibility_visible\" ><label class='gfield_label' for='input_5_2' >TEL\u00c9FONO<span class=\"gfield_required\"><span class=\"gfield_required gfield_required_asterisk\">*<\/span><\/span><\/label><div class='ginput_container ginput_container_phone'><input name='input_2' id='input_5_2' type='text' value='' class='large'  placeholder='TEL\u00c9FONO' aria-required=\"true\" aria-invalid=\"false\"   \/><\/div><\/li><li id=\"field_5_3\" class=\"gfield field_sublabel_below field_description_below gfield_visibility_visible\" ><label class='gfield_label' for='input_5_3' >CORREO ELECTR\u00d3NICO<\/label><div class='ginput_container ginput_container_email'>\n                            <input name='input_3' id='input_5_3' type='text' value='' class='large'   placeholder='Email Address'  aria-invalid=\"false\"  \/>\n                        <\/div><\/li><li id=\"field_5_4\" class=\"gfield field_sublabel_below field_description_below gfield_visibility_visible\" ><label class='gfield_label' for='input_5_4' >Tell Us About Your Case<\/label><div class='ginput_container ginput_container_textarea'><textarea name='input_4' id='input_5_4' class='textarea medium'    placeholder='Provide us with a brief descroption of your case.'  aria-invalid=\"false\"   rows='10' cols='50'><\/textarea><\/div><\/li><li id=\"field_5_5\" class=\"gfield field_sublabel_below field_description_below gfield_visibility_visible\" ><label class='gfield_label' for='input_5_5' >CAPTCHA<\/label><div id='input_5_5' class='ginput_container ginput_recaptcha' data-sitekey='6LdclrQUAAAAACPOr7w7qUR_MW7i_8fGsgM9ahrr'  data-theme='light' data-tabindex='0'  data-badge=''><\/div><\/li><\/ul><\/div>\n        <div class='gform_footer top_label'> <input type='submit' id='gform_submit_button_5' class='gform_button button' value='Submit'  onclick='if(window[\"gf_submitting_5\"]){return false;}  window[\"gf_submitting_5\"]=true;  ' onkeypress='if( event.keyCode == 13 ){ if(window[\"gf_submitting_5\"]){return false;} window[\"gf_submitting_5\"]=true;  jQuery(\"#gform_5\").trigger(\"submit\",[true]); }' \/> \n            <input type='hidden' class='gform_hidden' name='is_submit_5' value='1' \/>\n            <input type='hidden' class='gform_hidden' name='gform_submit' value='5' \/>\n            \n            <input type='hidden' class='gform_hidden' name='gform_unique_id' value='' \/>\n            <input type='hidden' class='gform_hidden' name='state_5' value='WyJbXSIsIjQ0N2Q5YThjYTk3MDBhNThiZDljMWZhZTMwNGI0NGRiIl0=' \/>\n            <input type='hidden' class='gform_hidden' name='gform_target_page_number_5' id='gform_target_page_number_5' value='0' \/>\n            <input type='hidden' class='gform_hidden' name='gform_source_page_number_5' id='gform_source_page_number_5' value='1' \/>\n            <input type='hidden' name='gform_field_values' value='' \/>\n            \n        <\/div>\n                        <p style=\"display: none !important;\" class=\"akismet-fields-container\" data-prefix=\"ak_\"><label>&#916;<textarea name=\"ak_hp_textarea\" cols=\"45\" rows=\"8\" maxlength=\"100\"><\/textarea><\/label><input type=\"hidden\" id=\"ak_js_1\" name=\"ak_js\" value=\"185\"\/><script>document.getElementById( \"ak_js_1\" ).setAttribute( \"value\", ( new Date() ).getTime() );<\/script><\/p><\/form>\n                        <\/div><br \/>\n<iframe loading=\"lazy\" style=\"border: 0;\" src=\"https:\/\/www.google.com\/maps\/embed?pb=!1m14!1m8!1m3!1d12090.398978504862!2d-73.644727!3d40.748832!3m2!1i1024!2i768!4f13.1!3m3!1m2!1s0x0%3A0x13ff402ef85d4f3e!2sSiler+%26+Ingber+LLP!5e0!3m2!1sen!2sus!4v1514494829186\" width=\"1000\" height=\"400\" frameborder=\"0\" allowfullscreen=\"allowfullscreen\"><\/iframe><\/p>\n<p>Los abogados de Siler &amp; Inger regularmente tambi\u00e9n hacen presentaciones en p\u00fablico. No dudes en ponerte en contacto para hablar o <a href=\"https:\/\/staging.nylawnet.com\/contact\/request-a-speaker\/\">solicitar un orador.<\/a>.[\/vc_column_text][\/vc_column][\/vc_row]<\/p>\n","protected":false},"excerpt":{"rendered":"<p>[vc_row][vc_column width=\u00bb1\/1&#8243;][vc_column_text] Contacto para revisi\u00f3n de caso gratis Siler &amp; Ingber est\u00e1 aqu\u00ed para representar tus intereses. Llama a cualquier hora del d\u00eda o de la noche para una consulta gratuita de tus derechos legales. La oficina legal de Siler &amp; Ingber, LLP 301 Mineola Blvd. Mineola, NY 11501 1.516.294.2666 Consulta legal gratuita de casos&#8230;<\/p>\n","protected":false},"author":10,"featured_media":0,"parent":0,"menu_order":0,"comment_status":"closed","ping_status":"closed","template":"","meta":[],"_links":{"self":[{"href":"https:\/\/staging.nylawnet.com\/es\/wp-json\/wp\/v2\/pages\/12137\/"}],"collection":[{"href":"https:\/\/staging.nylawnet.com\/es\/wp-json\/wp\/v2\/pages\/"}],"about":[{"href":"https:\/\/staging.nylawnet.com\/es\/wp-json\/wp\/v2\/types\/page\/"}],"author":[{"embeddable":true,"href":"https:\/\/staging.nylawnet.com\/es\/wp-json\/wp\/v2\/users\/10\/"}],"replies":[{"embeddable":true,"href":"https:\/\/staging.nylawnet.com\/es\/wp-json\/wp\/v2\/comments\/?post=12137"}],"version-history":[{"count":1,"href":"https:\/\/staging.nylawnet.com\/es\/wp-json\/wp\/v2\/pages\/12137\/revisions\/"}],"predecessor-version":[{"id":13509,"href":"https:\/\/staging.nylawnet.com\/es\/wp-json\/wp\/v2\/pages\/12137\/revisions\/13509\/"}],"wp:attachment":[{"href":"https:\/\/staging.nylawnet.com\/es\/wp-json\/wp\/v2\/media\/?parent=12137"}],"curies":[{"name":"wp","href":"https:\/\/api.w.org\/{rel}","templated":true}]}}