{"id":12138,"date":"2019-02-22T20:23:44","date_gmt":"2019-02-22T20:23:44","guid":{"rendered":"https:\/\/staging.nylawnet.com\/?page_id=12138"},"modified":"2019-06-11T17:41:24","modified_gmt":"2019-06-11T17:41:24","slug":"long-island-osha-violation-lawyer","status":"publish","type":"page","link":"https:\/\/staging.nylawnet.com\/es\/long-island-construction-accident-lawyer\/long-island-osha-violation-lawyer\/","title":{"rendered":"Abogado experto en violaci\u00f3n de OSHA"},"content":{"rendered":"<p>[vc_row][vc_column][vc_column_text]<\/p>\n<h1><strong>Abogado experto en violaci\u00f3n de OSHA en Long Island<\/strong><\/h1>\n<blockquote><p><i><span style=\"font-weight: 400;\">Tu empleador est\u00e1 obligado a mantener condiciones de trabajo seguras para ti y tus colegas. Cuando eso no suceda, es posible que necesites la ayuda de un abogado especializado en violaciones de la ley OSHA de Long Island.<\/span><\/i><\/p><\/blockquote>\n<p><span style=\"font-weight: 400;\">La <\/span><a href=\"http:\/\/www.osha.com\/\" target=\"_blank\" rel=\"noopener noreferrer\"><span style=\"font-weight: 400;\">Administraci\u00f3n de Seguridad y Salud Ocupacional<\/span><\/a><span style=\"font-weight: 400;\"> (OSHA, por sus siglas en ingl\u00e9s) es una agencia federal que es responsable de establecer reglas y manejar asuntos relacionados con la salud y seguridad en el lugar de trabajo. Esta agencia tambi\u00e9n investiga las quejas de los empleados para determinar si se han violado las regulaciones. <\/span><\/p>\n<p><span style=\"font-weight: 400;\">Si has sido lesionado en el trabajo y sospechas que tu empleador sab\u00eda acerca de la violaci\u00f3n de OSHA que te caus\u00f3 da\u00f1o, pero no tom\u00f3 medidas para eliminarlo, es posible que puedas <\/span><a href=\"https:\/\/staging.nylawnet.com\/long-island-personal-injury-lawyer\/\"><span style=\"font-weight: 400;\">presentar una demanda por lesiones personales.<\/span><\/a><span style=\"font-weight: 400;\">. <\/span><\/p>\n<p><span style=\"font-weight: 400;\">Debido a que esta \u00e1rea de la ley puede ser complicada, es probable que desees contar con la ayuda de un abogado de Siler &#038; Ingber, LLP. Te pondremos en contacto con un abogado de Long Island experto en violaci\u00f3n de OSHA que tiene experiencia con este tipo de demandas y que investigar\u00e1 la seguridad en tu lugar de trabajo para asegurarnos de que recibas una compensaci\u00f3n justa. <\/span><\/p>\n<h2><strong>Derechos de los trabajadores bajo OSHA<\/strong><\/h2>\n<p><span style=\"font-weight: 400;\">Los empleados tienen derecho a trabajar en un entorno seguro, libre de peligros conocidos tanto para ellos como para sus compa\u00f1eros de trabajo. Los trabajadores tambi\u00e9n tienen derecho a hablar sin temor a represalias si ven una violaci\u00f3n de cualquier tipo. <\/span><\/p>\n<p><span style=\"font-weight: 400;\">Para <\/span><a href=\"https:\/\/staging.nylawnet.com\/long-island-workplace-injury-lawyer\/\"><span style=\"font-weight: 400;\">proteger a los trabajadores de las normas de trabajo inseguras<\/span><\/a><span style=\"font-weight: 400;\">, los empleadores deben tomar las siguientes medidas: <\/span><\/p>\n<ul>\n<li style=\"font-weight: 400;\"><span style=\"font-weight: 400;\">Proporcionar un lugar de trabajo libre de <\/span><a href=\"https:\/\/www.osha.gov\/dte\/grant_materials\/fy10\/sh-20839-10\/circle_chart.pdf\" target=\"_blank\" rel=\"noopener noreferrer\"><span style=\"font-weight: 400;\">riesgos para la salud y la seguridad<\/span><\/a><span style=\"font-weight: 400;\"> que puedan causar <\/span><a href=\"https:\/\/staging.nylawnet.com\/long-island-wrongful-death-lawyer\/\"><span style=\"font-weight: 400;\">la muerte<\/span><\/a><span style=\"font-weight: 400;\"> o lesiones graves.<\/span><\/li>\n<li style=\"font-weight: 400;\"><span style=\"font-weight: 400;\">Publicar un aviso de seguridad laboral de OSHA en el lugar de trabajo.<\/span><\/li>\n<li style=\"font-weight: 400;\"><span style=\"font-weight: 400;\">Mantenga un registro de las lesiones, muertes y exposiciones a materiales peligrosos.<\/span><\/li>\n<li style=\"font-weight: 400;\"><span style=\"font-weight: 400;\">Proporcionar entrenamiento de seguridad si es necesario<\/span><\/li>\n<\/ul>\n<p><span style=\"font-weight: 400;\">Si un empleador conoce un peligro en particular y no proporciona el equipo de protecci\u00f3n necesario para los trabajadores o si contin\u00faa obligando a los trabajadores a realizar tareas en un entorno inseguro, ese empleador puede ser considerado responsable por cualquier lesi\u00f3n que resulte. <\/span><\/p>\n<p><span style=\"font-weight: 400;\">Tu abogado de Long Island experto en violaci\u00f3n de OSHA investigar\u00e1 y reunir\u00e1 pruebas para ayudar a construir tu caso. La seguridad en el lugar de trabajo es fundamental, y si tu empleador se niega a abordar una violaci\u00f3n de OSHA, puede ser el momento de emprender una acci\u00f3n legal. <\/span><\/p>\n<h2><strong>Seeking Damages for a Long Island OSHA Violation Injury<\/strong><\/h2>\n<p><span style=\"font-weight: 400;\">Demostrar negligencia es clave en los casos de violaci\u00f3n de OSHA, pero tambi\u00e9n es valioso saber a qu\u00e9 tipo de compensaci\u00f3n tienes derecho. Trabajar con tus profesionales de la salud y con el abogado especialista experto en lesiones por violaci\u00f3n de la ley OSHA de Long Island te permitir\u00e1 determinar cu\u00e1nto tiempo te afectar\u00e1 tu lesi\u00f3n y qu\u00e9 tipos de atenci\u00f3n a largo plazo necesitar\u00e1s. <\/span><\/p>\n<p><span style=\"font-weight: 400;\">A continuaci\u00f3n, se detallan algunos de los tipos de da\u00f1os por los cuales puedes recuperar una indemnizaci\u00f3n en este tipo de casos de lesiones personales: <\/span><\/p>\n<ul>\n<li style=\"font-weight: 400;\"><span style=\"font-weight: 400;\">Facturas m\u00e9dicas pasadas, presentes y futuras relacionadas con tu lesi\u00f3n<\/span><\/li>\n<li style=\"font-weight: 400;\"><span style=\"font-weight: 400;\">P\u00e9rdida de ingresos o capacidad de trabajo.<br \/>\n<\/span><\/li>\n<li style=\"font-weight: 400;\"><span style=\"font-weight: 400;\">Traumatismo mental o emocional.<\/span><\/li>\n<li style=\"font-weight: 400;\"><span style=\"font-weight: 400;\">Reequipamiento de tu casa para acomodar tu lesi\u00f3n o discapacidad<\/span><\/li>\n<li style=\"font-weight: 400;\"><span style=\"font-weight: 400;\">Disminuci\u00f3n de la capacidad para disfrutar de tu vida.<\/span><\/li>\n<\/ul>\n<h2><strong>Con\u00e9ctate con un Abogado de Violaciones de OSHA en Long Island<\/strong><\/h2>\n<p><span style=\"font-weight: 400;\">Si te preocupa o has salido lesionado debido a un problema de seguridad en el lugar de trabajo, no dudes en ponerte en contacto con un abogado. Obtener representaci\u00f3n legal puede ayudarte a garantizar tu propia seguridad y la de tus colegas.<\/span><\/p>\n<p><span style=\"font-weight: 400;\">Para hablar con un abogado de Long Island experto en violaci\u00f3n de OSHA en <\/span><a href=\"https:\/\/staging.nylawnet.com\/\"><span style=\"font-weight: 400;\">Siler &amp; Ingber, LLP<\/span><\/a><span style=\"font-weight: 400;\">, ll\u00e1manos al <a href=\"tel:18777186079\">1-877-718-6079<\/a> o dir\u00edgete al final de la p\u00e1gina para completar nuestro formulario de contacto en l\u00ednea.<\/span><br \/>\n[\/vc_column_text][\/vc_column][\/vc_row]<\/p>\n","protected":false},"excerpt":{"rendered":"<p>[vc_row][vc_column][vc_column_text] Abogado experto en violaci\u00f3n de OSHA en Long Island Tu empleador est\u00e1 obligado a mantener condiciones de trabajo seguras para ti y tus colegas. Cuando eso no suceda, es posible que necesites la ayuda de un abogado especializado en violaciones de la ley OSHA de Long Island. La Administraci\u00f3n de Seguridad y Salud Ocupacional&#8230;<\/p>\n","protected":false},"author":10,"featured_media":0,"parent":12145,"menu_order":0,"comment_status":"closed","ping_status":"closed","template":"","meta":[],"_links":{"self":[{"href":"https:\/\/staging.nylawnet.com\/es\/wp-json\/wp\/v2\/pages\/12138\/"}],"collection":[{"href":"https:\/\/staging.nylawnet.com\/es\/wp-json\/wp\/v2\/pages\/"}],"about":[{"href":"https:\/\/staging.nylawnet.com\/es\/wp-json\/wp\/v2\/types\/page\/"}],"author":[{"embeddable":true,"href":"https:\/\/staging.nylawnet.com\/es\/wp-json\/wp\/v2\/users\/10\/"}],"replies":[{"embeddable":true,"href":"https:\/\/staging.nylawnet.com\/es\/wp-json\/wp\/v2\/comments\/?post=12138"}],"version-history":[{"count":0,"href":"https:\/\/staging.nylawnet.com\/es\/wp-json\/wp\/v2\/pages\/12138\/revisions\/"}],"up":[{"embeddable":true,"href":"https:\/\/staging.nylawnet.com\/es\/wp-json\/wp\/v2\/pages\/12145\/"}],"wp:attachment":[{"href":"https:\/\/staging.nylawnet.com\/es\/wp-json\/wp\/v2\/media\/?parent=12138"}],"curies":[{"name":"wp","href":"https:\/\/api.w.org\/{rel}","templated":true}]}}