{"id":12142,"date":"2019-02-24T05:53:04","date_gmt":"2019-02-24T05:53:04","guid":{"rendered":"https:\/\/staging.nylawnet.com\/?page_id=12142"},"modified":"2019-06-11T15:12:06","modified_gmt":"2019-06-11T15:12:06","slug":"long-island-wrongful-death-lawyer","status":"publish","type":"page","link":"https:\/\/staging.nylawnet.com\/es\/long-island-wrongful-death-lawyer\/","title":{"rendered":"Abogado experto en muerte injusta de Long Island"},"content":{"rendered":"<p>[vc_row][vc_column][vc_column_text]<\/p>\n<h1><strong>Abogado experto en muerte injusta de Long Island<\/strong><\/h1>\n<blockquote><p><i><span style=\"font-weight: 400;\">Si un accidente fatal te ha robado a un ser querido y alguien m\u00e1s tuvo la culpa, puedes buscar justicia y compensaci\u00f3n financiera con la ayuda de un abogado de Long Island.<\/span><\/i><\/p><\/blockquote>\n<p><span style=\"font-weight: 400;\">Perder a un ser querido puede ser una experiencia incre\u00edblemente dif\u00edcil para cualquier persona. Cuando tu ser querido muri\u00f3 como resultado de las acciones negligentes o intencionales de otra persona, el dolor de la p\u00e9rdida es a\u00fan m\u00e1s dif\u00edcil de soportar.<\/span><\/p>\n<p><span style=\"font-weight: 400;\">Una muerte por negligencia es una acci\u00f3n civil contra una parte por causar una muerte por conducta injusta. Hay muchas situaciones que pueden llevar a una muerte por negligencia: accidentes automovil\u00edsticos, acciones criminales, negligencia m\u00e9dica, productos defectuosos y m\u00e1s. Si tienes un familiar que ha sido v\u00edctima de muerte por negligencia, puede ser dif\u00edcil saber c\u00f3mo obtener justicia.<\/span><\/p>\n<p><span style=\"font-weight: 400;\">Un abogado de Siler &amp; Ingber, LLP experto en casos de homicidio culposo de Long Island te ayudar\u00e1 a responsabilizar a la parte negligente que contribuy\u00f3 a la muerte de tu ser querido y te otorgar\u00e1 la compensaci\u00f3n completa que mereces.<\/span><\/p>\n<h2><strong>Los accidentes fatales son muchos y variados<\/strong><\/h2>\n<p><span style=\"font-weight: 400;\">En una demanda por muerte injusta, los familiares sobrevivientes del fallecido buscan recuperar los da\u00f1os financieros para compensar las p\u00e9rdidas causadas por la muerte. A continuaci\u00f3n se muestran algunos ejemplos de situaciones en las que puede surgir un caso de muerte por negligencia<\/span><\/p>\n<ul>\n<li style=\"font-weight: 400;\"><a href=\"https:\/\/staging.nylawnet.com\/long-island-car-accident-lawyer\/\"><b>Accidentes automovil\u00edsticos<\/b><\/a><b> \u2013<\/b><span style=\"font-weight: 400;\">: si un conductor negligente causa un accidente automovil\u00edstico como consecuencia del exceso de velocidad, la bebida, la conducci\u00f3n distra\u00edda o cualquier otro comportamiento peligroso, y ese accidente provoca la muerte, los familiares de los fallecidos pueden demandar una indemnizaci\u00f3n. Hay m\u00e1s de un mill\u00f3n de muertes en veh\u00edculos motorizados cada a\u00f1o.<\/span><\/li>\n<li style=\"font-weight: 400;\"><a href=\"https:\/\/staging.nylawnet.com\/long-island-medical-malpractice-lawyer\/\"><b>Negligencia m\u00e9dica:<\/b><\/a><b> \u2013<\/b><span style=\"font-weight: 400;\"> cuando los profesionales m\u00e9dicos no cumplen con su deber de no causar da\u00f1o y, en cambio, tratan a los pacientes de manera imprudente o negligente, se pueden producir lesiones y lesiones fatales. <\/span><\/li>\n<li style=\"font-weight: 400;\"><b>Comportamiento criminal:<\/b><span style=\"font-weight: 400;\"> el comportamiento criminal que resulta en la muerte de un ser querido, como un robo que se volvi\u00f3 violento, causa que los familiares sobrevivientes presenten una demanda por muerte injusta.<\/span><\/li>\n<li style=\"font-weight: 400;\"><a href=\"https:\/\/staging.nylawnet.com\/long-island-product-liability-lawyer\/\"><b>Productos defectuosos:<\/b><\/a><b> \u2013<\/b><span style=\"font-weight: 400;\"> Los fabricantes de productos tienen la responsabilidad de fabricar productos seguros y de advertir a los consumidores de cualquier peligro potencial relacionado con el uso de un producto. Si tu ser querido muri\u00f3 como resultado de un producto defectuoso, podr\u00eda ser elegible para presentar una demanda por muerte injusta.<\/span><\/li>\n<\/ul>\n<h2><strong>\u00bfQui\u00e9n puede demandar por homicidio culposo en Nueva York?<\/strong><\/h2>\n<p><span style=\"font-weight: 400;\">En Nueva York, solo el representante personal, generalmente un ejecutor de testamentos, del patrimonio del fallecido puede presentar una demanda por muerte injusta. Tal caso ser\u00eda juzgado en una corte sustituta, la corte que maneja asuntos de sucesi\u00f3n en Nueva York. El representante debe probar los siguientes puntos, con los cuales un abogado de muerte indebida de Long Island de nuestra firma puede ayudarlo con:<\/span><\/p>\n<ul>\n<li style=\"font-weight: 400;\"><span style=\"font-weight: 400;\">El acusado actu\u00f3 negligentemente.<\/span><\/li>\n<li style=\"font-weight: 400;\"><span style=\"font-weight: 400;\">Este acto negligente o intencional condujo a la muerte de la v\u00edctima<\/span><\/li>\n<li style=\"font-weight: 400;\"><span style=\"font-weight: 400;\">El fallecido tiene dependientes sobrevivientes.<br \/>\n<\/span><\/li>\n<li style=\"font-weight: 400;\"><span style=\"font-weight: 400;\">Los dependientes han sufrido financieramente debido a la muerte de tu ser querido.<br \/>\n<\/span><\/li>\n<\/ul>\n<h2><strong>Compensaci\u00f3n disponible en una demanda por muerte injusta<\/strong><\/h2>\n<p><span style=\"font-weight: 400;\">Se pueden recuperar dos tipos de da\u00f1os en un caso de muerte por negligencia: las p\u00e9rdidas econ\u00f3micas del fallecido y el dolor y el sufrimiento experimentado por el fallecido antes de su muerte. <\/span><\/p>\n<p><span style=\"font-weight: 400;\">Por ejemplo, si un padre de dos hijos de cuarenta a\u00f1os muri\u00f3 como resultado de la negligencia de otra persona, un acuerdo de muerte por negligencia para sus dependientes podr\u00eda explicar su p\u00e9rdida de ingresos. Entonces, si planeaba jubilarse a la edad de sesenta y cinco a\u00f1os, un acuerdo podr\u00eda dar cuenta de veinticinco a\u00f1os de salarios perdidos.<\/span><\/p>\n<p><span style=\"font-weight: 400;\">Adem\u00e1s, los dependientes pueden ser elegibles para recuperar da\u00f1os que reflejan el dolor y el sufrimiento experimentado por el fallecido antes de fallecer. Si el padre de cuarenta a\u00f1os ten\u00eda que ser hospitalizado y recibi\u00f3 atenci\u00f3n m\u00e9dica intensiva antes de fallecer, un caso de muerte por negligencia podr\u00eda explicar los costos m\u00e9dicos acumulados durante su estad\u00eda en el hospital, as\u00ed como el sufrimiento que sufri\u00f3.<\/span><\/p>\n<p><span style=\"font-weight: 400;\">Tambi\u00e9n podemos buscar una compensaci\u00f3n por los gastos funerarios, la p\u00e9rdida de la crianza y la orientaci\u00f3n de los padres, y el inter\u00e9s en los da\u00f1os y perjuicios concedidos, seg\u00fan lo calculado a partir de la fecha de la muerte.<\/span><\/p>\n<h2><strong>Estatuto de Limitaciones por Muerte Injusta en Nueva York<\/strong><\/h2>\n<p><span style=\"font-weight: 400;\">Incluso en este momento dif\u00edcil, es importante buscar ayuda legal lo antes posible. El estatuto de limitaciones en casos de muerte por negligencia es de <\/span><a href=\"https:\/\/www.nycourts.gov\/courthelp\/GoingToCourt\/SOLchart.shtml\" target=\"_blank\" rel=\"noopener noreferrer\"><span style=\"font-weight: 400;\">dos a\u00f1os<\/span><\/a><span style=\"font-weight: 400;\"> a partir de la fecha de la muerte. Lo m\u00e1s probable es que las peticiones que se presenten despu\u00e9s de esta hora no se escuchen en el tribunal.<\/span><\/p>\n<p><span style=\"font-weight: 400;\">Tu abogado experto en muerte por negligencia en Long Island comprender\u00e1 que el per\u00edodo posterior a la muerte de un ser querido es un momento extremadamente dif\u00edcil. Es posible que tu mundo entero haya cambiado, y puede ser dif\u00edcil saber c\u00f3mo hacer responsables a las partes negligentes.<\/span><\/p>\n<h2><strong>P\u00f3nte en contacto con un abogado de accidentes fatales de Long Island<\/strong><\/h2>\n<p><span style=\"font-weight: 400;\">Un abogado de Long Island por homicidio culposo de <\/span><a href=\"https:\/\/staging.nylawnet.com\/\"><span style=\"font-weight: 400;\">Siler &amp; Ingber, LLP<\/span><\/a><span style=\"font-weight: 400;\"> trabajar\u00e1 para responsabilizar a las partes negligentes y conseguirte el acuerdo que tu familia merece. Ll\u00e1manos hoy al <a href=\"tel:18777186079\">1-877-718-6079<\/a>, o cont\u00e1ctanos a trav\u00e9s de nuestro formulario en l\u00ednea en esta p\u00e1gina para programar tu consulta gratuita.<\/span><br \/>\n[\/vc_column_text][\/vc_column][\/vc_row]<\/p>\n","protected":false},"excerpt":{"rendered":"<p>[vc_row][vc_column][vc_column_text] Abogado experto en muerte injusta de Long Island Si un accidente fatal te ha robado a un ser querido y alguien m\u00e1s tuvo la culpa, puedes buscar justicia y compensaci\u00f3n financiera con la ayuda de un abogado de Long Island. Perder a un ser querido puede ser una experiencia incre\u00edblemente dif\u00edcil para cualquier persona&#8230;.<\/p>\n","protected":false},"author":10,"featured_media":0,"parent":0,"menu_order":0,"comment_status":"closed","ping_status":"closed","template":"","meta":[],"_links":{"self":[{"href":"https:\/\/staging.nylawnet.com\/es\/wp-json\/wp\/v2\/pages\/12142\/"}],"collection":[{"href":"https:\/\/staging.nylawnet.com\/es\/wp-json\/wp\/v2\/pages\/"}],"about":[{"href":"https:\/\/staging.nylawnet.com\/es\/wp-json\/wp\/v2\/types\/page\/"}],"author":[{"embeddable":true,"href":"https:\/\/staging.nylawnet.com\/es\/wp-json\/wp\/v2\/users\/10\/"}],"replies":[{"embeddable":true,"href":"https:\/\/staging.nylawnet.com\/es\/wp-json\/wp\/v2\/comments\/?post=12142"}],"version-history":[{"count":1,"href":"https:\/\/staging.nylawnet.com\/es\/wp-json\/wp\/v2\/pages\/12142\/revisions\/"}],"predecessor-version":[{"id":13505,"href":"https:\/\/staging.nylawnet.com\/es\/wp-json\/wp\/v2\/pages\/12142\/revisions\/13505\/"}],"wp:attachment":[{"href":"https:\/\/staging.nylawnet.com\/es\/wp-json\/wp\/v2\/media\/?parent=12142"}],"curies":[{"name":"wp","href":"https:\/\/api.w.org\/{rel}","templated":true}]}}