{"id":12143,"date":"2019-02-24T06:26:12","date_gmt":"2019-02-24T06:26:12","guid":{"rendered":"https:\/\/staging.nylawnet.com\/?page_id=12143"},"modified":"2019-06-11T17:39:07","modified_gmt":"2019-06-11T17:39:07","slug":"long-island-truck-accident-lawyer","status":"publish","type":"page","link":"https:\/\/staging.nylawnet.com\/es\/long-island-truck-accident-lawyer\/","title":{"rendered":"Abogados Expertos En Accidentes De Cami\u00f3n"},"content":{"rendered":"<p>[vc_row][vc_column][vc_column_text]<\/p>\n<h1><strong>Abogados expertos en accidentes de camiones en Long Island<\/strong><\/h1>\n<blockquote><p><i><span style=\"font-weight: 400;\">Si has sido herido en un choque de cami\u00f3n, es casi seguro que est\u00e1s lidiando con lesiones y p\u00e9rdidas devastadoras. Averig\u00fca c\u00f3mo obtener una indemnizaci\u00f3n trabajando con un abogado experto en accidentes de camiones en Long Island.<\/span><\/i><\/p><\/blockquote>\n<p><span style=\"font-weight: 400;\">Un accidente con un cami\u00f3n de 18 ruedas o un cami\u00f3n semi puede ser una experiencia aterradora. Un cami\u00f3n comercial completamente cargado puede pesar 80,000 libras, lo que es m\u00e1s de diecis\u00e9is veces el peso del auto de pasajeros promedio. Cuando un cami\u00f3n grande como ese est\u00e1 involucrado en un accidente, puede tener  <\/span><a href=\"https:\/\/staging.nylawnet.com\/long-island-car-accident-lawyer\/\"><span style=\"font-weight: 400;\">consecuencias devastadoras para las personas en el veh\u00edculo m\u00e1s peque\u00f1o<\/span><\/a><span style=\"font-weight: 400;\">.<\/span><\/p>\n<p><span style=\"font-weight: 400;\">Puede ser dif\u00edcil saber qu\u00e9 hacer despu\u00e9s de un accidente de este tipo. La experiencia puede mejorar todo: Tus finanzas, habilidades f\u00edsicas y estado emocional por igual. Lo que es peor es que las compa\u00f1\u00edas de camiones a menudo tienen salvaguardas en forma de protecciones legales que pueden hacer que sea muy dif\u00edcil obtener el acuerdo que se te debe a los culpables.<\/span><\/p>\n<p><span style=\"font-weight: 400;\">Al trabajar con un aliado legal que entiende las protecciones de seguros de la compa\u00f1\u00eda de camiones, puede obtener un representante invaluable que luchar\u00e1 por tus derechos. Un abogado expertos en accidentes de camiones en Long Island con Siler &#038; Ingber, LLP tendr\u00e1s experiencia en hacer frente a las compa\u00f1\u00edas de camiones y en ganar.<\/span><\/p>\n<h2><strong>Estad\u00edsticas de accidentes de camiones en Long Island<\/strong><\/h2>\n<p><span style=\"font-weight: 400;\">Las estad\u00edsticas de accidentes de camiones en Long Island y en toda Nueva York indican una tendencia preocupante de p\u00e9rdidas potencialmente evitables. Un cami\u00f3n de 18 ruedas cargado puede pesar hasta 80,000 libras, creando un impacto potencialmente mortal incluso a bajas velocidades. Aqu\u00ed hay algunas estad\u00edsticas clave de accidentes de camiones en Nueva York que indican el riesgo presente para todos los conductores que comparten la carretera con camiones. Estas estad\u00edsticas provienen del Departamento de Veh\u00edculos Motorizados del Estado de Nueva York.<\/span><\/p>\n<ul>\n<li style=\"font-weight: 400;\"><span style=\"font-weight: 400;\">Seg\u00fan los datos de 2014, el 83 por ciento de todos los accidentes relacionados con camiones se deben a errores humanos.<\/span><\/li>\n<li style=\"font-weight: 400;\"><span style=\"font-weight: 400;\">Hubo 11,848 accidentes con camiones grandes en el estado en 2014. De ellos, hubo 74 muertes.<\/span><\/li>\n<li style=\"font-weight: 400;\"><span style=\"font-weight: 400;\">Un factor clave en los accidentes de camiones en Long Island es la falta de atenci\u00f3n del conductor o la distracci\u00f3n del conductor, causando la muerte de 7 personas en 2014 y 654 lesiones en 1,978 accidentes.<\/span><\/li>\n<li style=\"font-weight: 400;\"><span style=\"font-weight: 400;\">No ceder el paso caus\u00f3 la muerte de 12 personas y lesiones a 425 personas en 1, 176 incidentes.<\/span><\/li>\n<li style=\"font-weight: 400;\"><span style=\"font-weight: 400;\">El uso indebido de un carril fue la causa de 8 muertes y 260 lesiones en 1,094 accidentes que involucraban camiones grandes en Long Island y el \u00e1rea circundante.<\/span><\/li>\n<li style=\"font-weight: 400;\"><span style=\"font-weight: 400;\">De todos los incidentes relacionados con camiones, 344 se consideraron incidentes graves con p\u00e9rdidas o da\u00f1os humanos significativos.<\/span><\/li>\n<\/ul>\n<p><span style=\"font-weight: 400;\">En muchos de estos accidentes de camiones, el conductor es responsable de los errores que crearon la p\u00e9rdida humana o la p\u00e9rdida de propiedad de otro conductor. Algunos pueden ser el resultado de las presiones de la compa\u00f1\u00eda para operar largas horas sin dormir lo suficiente (o interrupciones entre turnos) o una gesti\u00f3n inadecuada del tiempo del conductor del cami\u00f3n detr\u00e1s del volante.<\/span><\/p>\n<h2><strong>\u00bfQu\u00e9 causa los accidentes de camiones en Long Island?<\/strong><\/h2>\n<p><span style=\"font-weight: 400;\">Las causas de los accidentes de camiones pueden ser mucho m\u00e1s dif\u00edciles de determinar de lo que podr\u00edas pensar. Esto se debe a que la industria del transporte involucra a una cadena de varias personas que, cuando act\u00faan de manera descuidada, pueden poner en riesgo a otros conductores.<\/span><\/p>\n<p><span style=\"font-weight: 400;\">Los siguientes son algunos ejemplos de partes que podr\u00edan ser responsables de los accidentes de 18 ruedas de Long Island:<\/span><\/p>\n<ul>\n<li style=\"font-weight: 400;\"><b>Conductores de camiones:<\/b><span style=\"font-weight: 400;\"> la mayor\u00eda de las veces, los conductores de camiones son responsables de los accidentes en los que est\u00e1n involucrados. Los conductores de camiones pueden causar accidentes al conducir con sue\u00f1o, distra\u00eddos o ebrios. Tambi\u00e9n pueden no cumplir con las leyes de tr\u00e1nsito. <\/span><\/li>\n<li style=\"font-weight: 400;\"><b>Compa\u00f1\u00edas de camiones:<\/b><span style=\"font-weight: 400;\"> la compa\u00f1\u00eda que posee o administra el cami\u00f3n involucrado en tu accidente puede ser responsable financieramente por tus lesiones bajo ciertas circunstancias. Por ejemplo, si la compa\u00f1\u00eda de camiones oblig\u00f3 al conductor del cami\u00f3n a conducir por un per\u00edodo de tiempo que excedi\u00f3 los reglamentos federales o estatales, es posible que puedas nombrar a la compa\u00f1\u00eda en tu reclamo de compensaci\u00f3n. <\/span><\/li>\n<li style=\"font-weight: 400;\"><b>Cargadores de carga:<\/b><span style=\"font-weight: 400;\"> la carga que se carga incorrectamente puede caer sobre la carretera o hacer que se vuelquen los remolques de 18 ruedas. Cuando eso sucede, otros conductores pueden naufragar como resultado. Si la persona que carg\u00f3 la carga actu\u00f3 de manera negligente, es posible que puedas responsabilizarlo. <\/span><\/li>\n<li style=\"font-weight: 400;\"><b>Fabricantes:<\/b><span style=\"font-weight: 400;\"> los fabricantes de todo tipo de productos tienen la obligaci\u00f3n de producir productos que sean seguros de usar. Esto incluye a los fabricantes de partes de camiones. Si, por ejemplo, los frenos del veh\u00edculo de 18 ruedas fallaron y causaron tu accidente en Long Island, es posible que puedas responsabilizar al fabricante de los frenos.<\/span><\/li>\n<li style=\"font-weight: 400;\"><b>Agencias gubernamentales:<\/b><span style=\"font-weight: 400;\"> este es un asunto dif\u00edcil, pero es m\u00e1s com\u00fan de lo que piensas. Esencialmente, las agencias gubernamentales son responsables de la seguridad de las v\u00edas p\u00fablicas en su jurisdicci\u00f3n. Si no mantuvieron la carretera libre de peligros y un peligro en la carretera caus\u00f3 el accidente de 18 ruedas que te lastim\u00f3, pueden ser responsables.<\/span><\/li>\n<\/ul>\n<h2><strong>Tipos de accidentes de camiones<\/strong><\/h2>\n<p><span style=\"font-weight: 400;\">Todos los accidentes de camiones son graves y pueden causar la muerte o lesiones graves a los involucrados. No todos los accidentes son iguales y hay varios tipos diferentes de accidentes de camiones.<\/span><\/p>\n<ul>\n<li style=\"font-weight: 400;\"><b>Cuchillo:<\/b><span style=\"font-weight: 400;\"> Esto sucede cuando un semi-cami\u00f3n est\u00e1 tirando de un remolque. El remolque, ya sea vac\u00edo o lleno de carga, puede comenzar a balancearse, haciendo que el conductor pierda el control. Cuando el veh\u00edculo se detiene, la cabina y el remolque est\u00e1n orientados en direcciones opuestas y tienen la apariencia de un cuchillo de gato. La posici\u00f3n hace imposible que la cabina se mueva.<\/span><\/li>\n<li style=\"font-weight: 400;\"><b>Rollover:<\/b><span style=\"font-weight: 400;\">\u00a0Esto es auto-descriptivo. Un accidente de cami\u00f3n volcado a menudo es causado por el desplazamiento de la carga cuando el cami\u00f3n est\u00e1 subiendo o bajando una pendiente. Tambi\u00e9n suceden cuando un neum\u00e1tico golpea el borde de la carretera, cuando el conductor gira demasiado bruscamente, viaja a una velocidad demasiado r\u00e1pida para las condiciones de la carretera, o por cualquier otra raz\u00f3n.<\/span><\/li>\n<li style=\"font-weight: 400;\"><b>Parte inferior:<\/b><span style=\"font-weight: 400;\"> cuando un cami\u00f3n se detiene repentinamente, es posible que el autom\u00f3vil o motocicleta que viaja detr\u00e1s no pueda detenerse a tiempo y, en cambio, ruede justo debajo del cami\u00f3n, de ah\u00ed el t\u00e9rmino inferior. Este tipo de accidente generalmente resulta en lesiones catastr\u00f3ficas o la muerte del conductor del autom\u00f3vil o motocicleta y la destrucci\u00f3n completa del veh\u00edculo.<\/span><\/li>\n<li><b>Escape de llanta:<\/b><span style=\"font-weight: 400;\"> el peso masivo de un cami\u00f3n hace que un accidente por explosi\u00f3n de llanta sea m\u00e1s peligroso que un accidente similar en un autom\u00f3vil. Es com\u00fan que ocurra un accidente de volcadura como resultado de una rotura de un neum\u00e1tico, ya que el conductor del cami\u00f3n a menudo perder\u00e1 el control del veh\u00edculo grande cuando se apague un neum\u00e1tico.<\/span><\/li>\n<\/ul>\n<h2><strong>Qui\u00e9n tiene la culpa de un accidente de cami\u00f3n<\/strong><\/h2>\n<p><span style=\"font-weight: 400;\">Cuando te comunicas con un abogado experto en accidentes de camiones de Long Island de nuestra firma, lo primero que debemos hacer es revisar todos los aspectos de tu caso para determinar qui\u00e9n tiene la culpa. Hay muchas personas involucradas en el mantenimiento, la operaci\u00f3n, la carga y la conducci\u00f3n de un veh\u00edculo de 18 ruedas y cualquiera de ellos podr\u00eda haber contribuido al choque.<\/span><\/p>\n<p><span style=\"font-weight: 400;\">Por ejemplo, una entidad puede ser propietaria del cami\u00f3n, otra parte puede ser responsable de cargar el cami\u00f3n y una organizaci\u00f3n separada podr\u00eda haber fabricado las piezas del cami\u00f3n. El conductor del cami\u00f3n es solo un factor en una operaci\u00f3n de varias personas \/ compa\u00f1\u00eda. Es necesario determinar cu\u00e1l de estas partes fue negligente para que pueda nombrarlas todas en tu reclamo por lesiones personales.<\/span><\/p>\n<h2><strong>Conductas de manejo que causan accidentes de camiones<\/strong><\/h2>\n<p><span style=\"font-weight: 400;\">Si el camionero tuvo la culpa de tu accidente, hay una serie de conductas de manejo peligrosas en las que \u00e9l o ella podr\u00eda haber participado y que llevaron al accidente. Estos incluyen los siguientes:<\/span><\/p>\n<ul>\n<li style=\"font-weight: 400;\"><b>Conducci\u00f3n distra\u00edda:<\/b><span style=\"font-weight: 400;\"> cualquier conductor distra\u00eddo es un peligro para todos los dem\u00e1s conductores en la carretera. Esto es especialmente cierto cuando un conductor est\u00e1 detr\u00e1s del volante de un cami\u00f3n industrial. Los comportamientos de conducci\u00f3n distra\u00eddos incluyen enviar mensajes de texto, comer o hacer cualquier otra cosa mientras se conduce.<\/span><\/li>\n<li style=\"font-weight: 400;\"><b> Conducci\u00f3n somnolienta:<\/b><span style=\"font-weight: 400;\"> la fatiga es un problema com\u00fan que experimentan los conductores de camiones. Muchas compa\u00f1\u00edas de camiones tienen sistemas de compensaci\u00f3n que recompensan a los conductores por viajar muchas millas con poco sue\u00f1o. Una violaci\u00f3n de las leyes federales que <\/span><a href=\"https:\/\/www.fmcsa.dot.gov\/regulations\/hours-of-service\" target=\"_blank\" rel=\"noopener noreferrer\"><span style=\"font-weight: 400;\">limitan las horas conducidas<\/span><\/a><span style=\"font-weight: 400;\"> sin descanso podr\u00eda implicar al camionero o la compa\u00f1\u00eda de camiones.<\/span><\/li>\n<li style=\"font-weight: 400;\"><b> Conducir en estado de ebriedad:<\/b><span style=\"font-weight: 400;\"> Conducir en estado de ebriedad o drogado es un comportamiento extremadamente negligente. Se vuelve a\u00fan m\u00e1s peligroso cuando un conductor est\u00e1 operando un veh\u00edculo masivo como un tractor-remolque.<\/span><\/li>\n<li style=\"font-weight: 400;\"><b>Aceleraci\u00f3n:<\/b><span style=\"font-weight: 400;\"> la velocidad excesiva est\u00e1 involucrada en un n\u00famero sustancial de accidentes fatales de camiones. Como esta es una elecci\u00f3n hecha por el conductor, puedes responsabilizarlo.<\/span><\/li>\n<li style=\"font-weight: 400;\"><b>Frenado incorrecto:<\/b><span style=\"font-weight: 400;\"> si un conductor de cami\u00f3n no aplica los frenos de manera oportuna, puede ocurrir un accidente de dos veh\u00edculos o una acumulaci\u00f3n de varios autom\u00f3viles<\/span><\/li>\n<li style=\"font-weight: 400;\"><b>Jackknifing:<\/b><span style=\"font-weight: 400;\"> este es a menudo el resultado de exceso de velocidad. Un veh\u00edculo de 18 ruedas que viaja a m\u00e1s de 55 mph es dif\u00edcil de detener; Si el conductor debe detenerse repentinamente, puede disparar y obstruir varios carriles de tr\u00e1fico.<\/span><\/li>\n<\/ul>\n<h3><strong>Tratar con el seguro de la compa\u00f1\u00eda de camiones<\/strong><\/h3>\n<p><span style=\"font-weight: 400;\">Despu\u00e9s de un accidente de cami\u00f3n, puede estar enfrentando una situaci\u00f3n extremadamente dif\u00edcil. Es posible que tengas un dolor f\u00edsico severo, est\u00e9 enfrentando monta\u00f1as de facturas de reparaci\u00f3n de autom\u00f3viles, o tal vez est\u00e9 lidiando con la lesi\u00f3n o la muerte de un ser querido. En tal estado, no est\u00e1 en posici\u00f3n de tomar decisiones que representen tus mejores intereses.<\/span><\/p>\n<p><span style=\"font-weight: 400;\">Desafortunadamente, este es precisamente el momento en que los abogados de una empresa de transporte o representantes de seguros intentar\u00e1n aprovechar tu situaci\u00f3n. Las compa\u00f1\u00edas de camiones tienen equipos de litigantes capacitados que son muy buenos en lo que hacen: proteger a la compa\u00f1\u00eda de camiones. <\/span><\/p>\n<p><span style=\"font-weight: 400;\">Los representantes del equipo de seguros de la compa\u00f1\u00eda de camiones a menudo acuden inmediatamente a la escena del accidente para tomar fotograf\u00edas y recopilar informes, todo con un objetivo en mente: desacreditar a la v\u00edctima y proteger las ganancias de la compa\u00f1\u00eda de camiones. De inmediato, se le puede pedir que firme una exenci\u00f3n dise\u00f1ada para reflejar los mejores intereses de la compa\u00f1\u00eda.<\/span><\/p>\n<p><span style=\"font-weight: 400;\">Tu abogado de accidentes de camiones en Long Island comprender\u00e1 las t\u00e1cticas de la compa\u00f1\u00eda de camiones y c\u00f3mo una aseguradora puede intentar aprovecharse de ti cuando te encuentras en una posici\u00f3n extremadamente vulnerable. Nuestra firma ste asegurar\u00e1 de que est\u00e9s bien representado y trabajar\u00e1 para obtener cada centavo que se te debe.<\/span><\/p>\n<h2><strong>El valor de un reclamo de accidente de cami\u00f3n<\/strong><\/h2>\n<p><span style=\"font-weight: 400;\">Inmediatamente despu\u00e9s de un accidente de cami\u00f3n, la compa\u00f1\u00eda de camiones puede ofrecerte un acuerdo. Si bien puede ser tentador aceptar un acuerdo de inmediato, tal oferta podr\u00eda cubrir tus da\u00f1os m\u00e1s obvios. En <a href=\"https:\/\/staging.nylawnet.com\">Siler &amp; Ingber, LLP<\/a> evaluamos el valor de cada caso y no buscamos resolver la primera oferta de la compa\u00f1\u00eda de seguros. En su lugar, preparamos todos los casos como si fueran a prueba, maximizando as\u00ed el resultado.<\/span><\/p>\n<p><span style=\"font-weight: 400;\">Un abogado de accidentes de camiones de Long Island de nuestra oficina sabr\u00e1 que los costos f\u00edsicos, emocionales y financieros pueden ser incre\u00edblemente elevados despu\u00e9s de una colisi\u00f3n, y que esos costos pueden seguir llegando. Trabajaremos con tu m\u00e9dico para tener en cuenta todas las formas en que has sido afectado negativamente por tus lesiones y por lo que has pasado:<\/span><\/p>\n<ul>\n<li style=\"font-weight: 400;\"><span style=\"font-weight: 400;\">Reparaci\u00f3n o reemplazo de autom\u00f3viles.<\/span><\/li>\n<li style=\"font-weight: 400;\"><span style=\"font-weight: 400;\">Facturas m\u00e9dicas actuales y futuras.<\/span><\/li>\n<li style=\"font-weight: 400;\"><span style=\"font-weight: 400;\">P\u00e9rdida de salarios y oportunidades de obtener ingresos.<\/span><\/li>\n<li style=\"font-weight: 400;\"><span style=\"font-weight: 400;\">Terapia f\u00edsica y emocional necesaria.<\/span><\/li>\n<li style=\"font-weight: 400;\"><span style=\"font-weight: 400;\">Dolor y sufrimiento<\/span><\/li>\n<li style=\"font-weight: 400;\"><span style=\"font-weight: 400;\">P\u00e9rdida de calidad de vida<\/span><\/li>\n<li style=\"font-weight: 400;\"><span style=\"font-weight: 400;\">Traumatismo emocional, como el trastorno de estr\u00e9s postraum\u00e1tico (TEPT)<\/span><\/li>\n<\/ul>\n<p><span style=\"font-weight: 400;\">Los efectos negativos de un accidente de cami\u00f3n comercial pueden ser duraderos y de gran alcance.Tu abogado experto en accidentes de camiones en Long Island comprender\u00e1 que despu\u00e9s de un choque, todo tu mundo puede volverse al rev\u00e9s. Cuando el accidente fue causado por un camionero o una compa\u00f1\u00eda de camiones y las partes responsables est\u00e1n m\u00e1s interesadas en proteger sus resultados finales que en obtener el acuerdo que mereces, se agrega insulto a la lesi\u00f3n.<\/span><\/p>\n<h2>Accidentes de Camiones, acuerdos y demandas<\/h2>\n<p><span style=\"font-weight: 400;\">Los accidentes de camiones en Long Island ocurren por varias razones. Cuando el conductor del cami\u00f3n o su compa\u00f1\u00eda es responsable de las p\u00e9rdidas que enfrenta otro conductor, esa v\u00edctima tiene la capacidad de presentar una demanda u obtener un acuerdo por lo que perdi\u00f3. Sin embargo, esta puede ser una situaci\u00f3n compleja porque muchos factores contribuyen a las p\u00e9rdidas en las que incurre el conductor.<\/span><\/p>\n<h3><strong>Compensaci\u00f3n por todas las perdidas<\/strong><\/h3>\n<p><span style=\"font-weight: 400;\">Ya sea un cami\u00f3n peque\u00f1o o un cami\u00f3n de 18 ruedas, el monto de cualquier acuerdo por accidente de cami\u00f3n en Long Island se relacionar\u00e1 espec\u00edficamente con las p\u00e9rdidas financieras reales que el individuo sufre. Ejemplos de estas p\u00e9rdidas incluyen lo siguiente:<\/span><\/p>\n<ul>\n<li style=\"font-weight: 400;\"><span style=\"font-weight: 400;\">Compensaci\u00f3n por p\u00e9rdida m\u00e9dica para todas las facturas m\u00e9dicas, hospitalizaciones y atenci\u00f3n m\u00e9dica a corto y largo plazo que el individuo necesita<\/span><\/li>\n<li style=\"font-weight: 400;\"><span style=\"font-weight: 400;\">Tiempo perdido en el trabajo o p\u00e9rdida de ingresos relacionada con el incidente<br \/>\n<\/span><\/li>\n<li style=\"font-weight: 400;\"><span style=\"font-weight: 400;\">Cualquier tipo de asesoramiento o atenci\u00f3n no m\u00e9dica que un paciente necesite para recuperarse del incidente, como la atenci\u00f3n quiropr\u00e1ctica o la atenci\u00f3n de acupunturistas.<br \/>\n<\/span><\/li>\n<li style=\"font-weight: 400;\"><span style=\"font-weight: 400;\">P\u00e9rdidas relacionadas con el dolor y el sufrimiento, incluida la p\u00e9rdida de la compa\u00f1\u00eda.<br \/>\n<\/span><\/li>\n<li style=\"font-weight: 400;\"><span style=\"font-weight: 400;\">Cualquier tipo de p\u00e9rdida relacionada con la capacidad del individuo para trabajar o la capacidad de regresar a la misma posici\u00f3n, como la p\u00e9rdida de una extremidad o incapacidad<br \/>\n<\/span><\/li>\n<li style=\"font-weight: 400;\"><span style=\"font-weight: 400;\">Muerte, debido al incidente, y p\u00e9rdidas que sufren los miembros de la familia como resultado de la p\u00e9rdida de un ser querido.<\/span><\/li>\n<li style=\"font-weight: 400;\"><span style=\"font-weight: 400;\">P\u00e9rdidas por da\u00f1os a la propiedad incluyendo da\u00f1os al veh\u00edculo.<br \/>\n<\/span><\/li>\n<\/ul>\n<p><span style=\"font-weight: 400;\">Debido a que los acuerdos de accidentes de camiones en Long Island pueden ser significativos, es esencial trabajar en estrecha colaboraci\u00f3n con un abogado para calcular todos los tipos de p\u00e9rdidas sufridas inmediatamente despu\u00e9s del incidente y en el largo plazo.<\/span><\/p>\n<h2><strong>Preguntas frecuentes sobre accidentes de camiones<\/strong><\/h2>\n<p><span style=\"font-weight: 400;\">Una cosa de la que no tienes que preocuparte es obtener las respuestas que necesitas para tus inquietudes. A continuaci\u00f3n, encontrar\u00e1s respuestas a algunas preguntas comunes. Comun\u00edcate con nuestra oficina para hablar con un abogado de accidentes de camiones de Long Island si deseas obtener informaci\u00f3n adicional.<\/span><\/p>\n<h3><strong>\u00bfPuede el propietario de la carga ser responsable en un accidente de cami\u00f3n comercial?<\/strong><\/h3>\n<p><span style=\"font-weight: 400;\">Es posible, pero ciertas condiciones deber\u00edan estar presentes. En general, la carga tendr\u00eda que ser peligrosa de alguna manera, por ejemplo, por ser inflamable o t\u00f3xica, y el transportista tendr\u00eda que haber sido informado de esto, evitando as\u00ed que tomen las precauciones adecuadas.<\/span><\/p>\n<h3><strong>\u00bfEs el camionero responsable si me lastimo por una carga perdida?<\/strong><\/h3>\n<p><span style=\"font-weight: 400;\">Sin duda, el camionero tiene la responsabilidad de asegurarse de que la carga est\u00e9 lista para el transporte antes de ponerse en camino. La compa\u00f1\u00eda que carg\u00f3 la carga tambi\u00e9n podr\u00eda tener la culpa, al igual que la compa\u00f1\u00eda que hizo las restricciones si fallaron debido a alg\u00fan tipo de defecto.<\/span><\/p>\n<h3><strong>\u00bfRecibir\u00e9 una compensaci\u00f3n si el camionero que me golpe\u00f3 fue arrestado por conducir en estado de ebriedad?<\/strong><\/h3>\n<p><span style=\"font-weight: 400;\">Si bien una condena por conducir en estado de ebriedad puede ayudarte a probar tu caso de compensaci\u00f3n, no te otorgar\u00e1 autom\u00e1ticamente el dinero que necesitas. Para eso, todav\u00eda deber\u00e1s presentar un reclamo contra el conductor de un cami\u00f3n comercial ebrio o su empleador.<\/span><\/p>\n<h2><strong>Abogados expertos en accidentes con camiones de 18 ruedas<\/strong><\/h2>\n<blockquote><p><i><span style=\"font-weight: 400;\">Las lesiones que sufres en un accidente de cami\u00f3n son m\u00e1s que suficientes para poner tu vida en espera. Recupera tu vida con la ayuda de un abogado especializado en accidentes de 18 ruedas de Long Island.<\/span><\/i><\/p><\/blockquote>\n<p><span style=\"font-weight: 400;\">Long Island ve su justa proporci\u00f3n de accidentes de camiones comerciales. Dado el tama\u00f1o masivo de estos veh\u00edculos, las lesiones asociadas casi siempre son graves, y los conductores de veh\u00edculos m\u00e1s peque\u00f1os suelen ser los que m\u00e1s sufren.<\/span><\/p>\n<p><span style=\"font-weight: 400;\">La dif\u00edcil verdad sobre los accidentes de camiones es que a menudo son culpa del camionero o de alguien m\u00e1s en la industria de camiones. Eso es injusto y desafortunado, pero puedes contraatacar.<\/span><\/p>\n<p><span style=\"font-weight: 400;\">Un abogado especializado en accidentes con camiones de 18 ruedas de Long Island puede ayudarte a obtener la compensaci\u00f3n que mereces despu\u00e9s de haber sido herido en un accidente de cami\u00f3n grande. Los abogados de Siler &#038; Ingber, LLP no dar\u00e1n marcha atr\u00e1s hasta que te resuelva tu reclamo de compensaci\u00f3n.<\/span><\/p>\n<h2><strong>P\u00f3nte en contacto con un abogado experto en accidentes de camiones de Long Island<\/strong><\/h2>\n<p><span style=\"font-weight: 400;\">El camino hacia la recuperaci\u00f3n puede parecer incre\u00edblemente largo, pero hay ayuda disponible. P\u00f3nte en contacto con un abogado experto en accidentes de camiones de Long Island con <\/span><a href=\"https:\/\/staging.nylawnet.com\/\"><span style=\"font-weight: 400;\">Siler &amp; Ingber, LLP<\/span><\/a><span style=\"font-weight: 400;\"> hoy. Para comenzar con una evaluaci\u00f3n gratuita de tu caso, llama al <a href=\"tel:18777186079\">1-877-718-6079<\/a> o usa el formulario de contacto en l\u00ednea que se encuentra en esta p\u00e1gina.<\/span>[\/vc_column_text][\/vc_column][\/vc_row][vc_row el_class=\u00bbhidethisrow\u00bb][vc_column width=\u00bb1\/1&#8243;][vc_column_text][fc id=&#8217;8&#8242; type=&#8217;popup&#8217; button_color=&#8217;#4488ee&#8217; font_color=&#8217;white&#8217;]Schedule A Free Consultation[\/fc][\/vc_column_text][\/vc_column][\/vc_row]<\/p>\n","protected":false},"excerpt":{"rendered":"<p>[vc_row][vc_column][vc_column_text] Abogados expertos en accidentes de camiones en Long Island Si has sido herido en un choque de cami\u00f3n, es casi seguro que est\u00e1s lidiando con lesiones y p\u00e9rdidas devastadoras. Averig\u00fca c\u00f3mo obtener una indemnizaci\u00f3n trabajando con un abogado experto en accidentes de camiones en Long Island. Un accidente con un cami\u00f3n de 18 ruedas&#8230;<\/p>\n","protected":false},"author":10,"featured_media":12144,"parent":0,"menu_order":0,"comment_status":"closed","ping_status":"closed","template":"","meta":[],"_links":{"self":[{"href":"https:\/\/staging.nylawnet.com\/es\/wp-json\/wp\/v2\/pages\/12143\/"}],"collection":[{"href":"https:\/\/staging.nylawnet.com\/es\/wp-json\/wp\/v2\/pages\/"}],"about":[{"href":"https:\/\/staging.nylawnet.com\/es\/wp-json\/wp\/v2\/types\/page\/"}],"author":[{"embeddable":true,"href":"https:\/\/staging.nylawnet.com\/es\/wp-json\/wp\/v2\/users\/10\/"}],"replies":[{"embeddable":true,"href":"https:\/\/staging.nylawnet.com\/es\/wp-json\/wp\/v2\/comments\/?post=12143"}],"version-history":[{"count":0,"href":"https:\/\/staging.nylawnet.com\/es\/wp-json\/wp\/v2\/pages\/12143\/revisions\/"}],"wp:featuredmedia":[{"embeddable":true,"href":"https:\/\/staging.nylawnet.com\/es\/wp-json\/wp\/v2\/media\/12144\/"}],"wp:attachment":[{"href":"https:\/\/staging.nylawnet.com\/es\/wp-json\/wp\/v2\/media\/?parent=12143"}],"curies":[{"name":"wp","href":"https:\/\/api.w.org\/{rel}","templated":true}]}}