{"id":12145,"date":"2019-02-24T06:57:08","date_gmt":"2019-02-24T06:57:08","guid":{"rendered":"https:\/\/staging.nylawnet.com\/?page_id=12145"},"modified":"2019-06-11T17:40:31","modified_gmt":"2019-06-11T17:40:31","slug":"long-island-construction-accident-lawyer","status":"publish","type":"page","link":"https:\/\/staging.nylawnet.com\/es\/long-island-construction-accident-lawyer\/","title":{"rendered":"Abogados expertos en accidentes de construcci\u00f3n"},"content":{"rendered":"<p>[vc_row][vc_column][vc_column_text]<\/p>\n<h1><strong>Abogados expertos en accidentes de construcci\u00f3n en Long Island<\/strong><\/h1>\n<blockquote><p><i><span style=\"font-weight: 400;\">Herirte mientras trabajas en una obra de construcci\u00f3n puede dejarte incapacitado para trabajar y con una serie de da\u00f1os y p\u00e9rdidas. Averig\u00fca si puede obtener m\u00e1s de lo que te ofrece la compensaci\u00f3n de los trabajadores consultando a un abogado experto en accidentes de construcci\u00f3n de Long Island. Dependemos de los trabajadores de la construcci\u00f3n para mantener nuestros edificios, carreteras y espacios p\u00fablicos seguros y funcionales. Estos trabajadores desempe\u00f1an un papel vital para garantizar que las personas puedan realizar sus tareas diarias sin ning\u00fan problema. Desafortunadamente, los trabajadores de la construcci\u00f3n con frecuencia son v\u00edctimas de accidentes de trabajo. <\/span><\/p>\n<p><span style=\"font-weight: 400;\">Los trabajadores de la construcci\u00f3n manejan regularmente herramientas potencialmente peligrosas y de alta potencia que pueden no funcionar siempre como se espera. Trabajan a alturas peligrosas en techos y en andamios. Los peligros diarios de un sitio de trabajo de construcci\u00f3n son simplemente parte del trabajo. Pero si algo sale mal, las consecuencias pueden ser devastadoras.<\/span><\/p>\n<p><span style=\"font-weight: 400;\">Si has sido lesionado en un accidente en el lugar de trabajo, puedes tener derecho a una compensaci\u00f3n financiera que va m\u00e1s all\u00e1 de la compensaci\u00f3n de los trabajadores. Un abogado de accidentes de construcci\u00f3n de Long Island con Siler &#038; Ingber, LLP revisar\u00e1 todos los detalles de tu caso y trabajar\u00e1 para obtener la compensaci\u00f3n justa y completa que mereces.<\/span><\/p>\n<h2><strong>Estad\u00edstica de Accidentes de Construcci\u00f3n<\/strong><\/h2>\n<p><span style=\"font-weight: 400;\">Los accidentes de construcci\u00f3n no son infrecuentes. La Administraci\u00f3n de Seguridad y Salud Ocupacional del Departamento de Trabajo de los Estados Unidos supervisa de cerca estos tipos de accidentes. Lo hacen para todas las lesiones, pero la industria de la construcci\u00f3n tiende a ser uno de los sectores m\u00e1s comunes de lesiones y muertes.<\/span><\/p>\n<p><span style=\"font-weight: 400;\">En 2016, 4,693 trabajadores participaron en alg\u00fan nivel de un accidente laboral. Esto est\u00e1 dentro de la industria privada en todos los sectores. Los accidentes de construcci\u00f3n representaron 991 de esos casos o el 21.1 por ciento de ellos. OSHA tambi\u00e9n dice que 1 de cada cinco muertes de trabajadores en 2016 estaba en el campo de la construcci\u00f3n.<\/span><\/p>\n<p><span style=\"font-weight: 400;\">La agencia proporciona un desglose de los accidentes de construcci\u00f3n por su causa. De las 991 lesiones de trabajadores en la construcci\u00f3n en 2016, las siguientes fueron las causas:<\/span><\/p>\n<ul>\n<li style=\"font-weight: 400;\"><span style=\"font-weight: 400;\">384 se <a href=\"https:\/\/staging.nylawnet.com\/long-island-construction-accident-lawyer\/falls\/\">relacionaron con ca\u00eddas<\/a>,  representando el 38.7 por ciento.<\/span><\/li>\n<li style=\"font-weight: 400;\"><span style=\"font-weight: 400;\">93 fueron golpeados por un objeto, lo que representa el 9,4 por ciento<\/span><\/li>\n<li style=\"font-weight: 400;\"><span style=\"font-weight: 400;\">82 fueron <a href=\"https:\/\/staging.nylawnet.com\/blog\/faulty-or-unsafe-construction-equipment-injuries\/\">electrocuciones<\/a>, que representaron el 8.3 por ciento.<\/span><\/li>\n<li style=\"font-weight: 400;\"><span style=\"font-weight: 400;\">72 fueron atrapados entre los accidentes o entre ellos, lo que representa un 7,3 por ciento.<br \/>\n<\/span><\/li>\n<\/ul>\n<p><span style=\"font-weight: 400;\">Estos son considerados los cuatro fatales. La agencia tambi\u00e9n se\u00f1ala que al eliminar estos incidentes de construcci\u00f3n espec\u00edficamente, podr\u00eda, en promedio, evitar que 631 trabajadores mueran cada a\u00f1o en los Estados Unidos.<\/span><\/p>\n<p><span style=\"font-weight: 400;\">Las razones m\u00e1s comunes de los accidentes de construcci\u00f3n incluyen:<\/span><\/p>\n<ul>\n<li style=\"font-weight: 400;\"><span style=\"font-weight: 400;\">Protecci\u00f3n inadecuada contra ca\u00eddas<\/span><\/li>\n<li style=\"font-weight: 400;\"><span style=\"font-weight: 400;\">Normas de comunicaciones peligrosas.<\/span><\/li>\n<li style=\"font-weight: 400;\"><a href=\"https:\/\/staging.nylawnet.com\/blog\/labor-law-240\/\"><span style=\"font-weight: 400;\">Riesgos de seguridad relacionados con los andamios.<\/span><\/a><\/li>\n<li style=\"font-weight: 400;\"><span style=\"font-weight: 400;\">Protecciones relacionadas con la respiraci\u00f3n.<\/span><\/li>\n<li style=\"font-weight: 400;\"><span style=\"font-weight: 400;\">Riesgos de escalera<\/span><\/li>\n<li style=\"font-weight: 400;\"><span style=\"font-weight: 400;\">Control de energ\u00eda peligrosa.<\/span><\/li>\n<li style=\"font-weight: 400;\"><span style=\"font-weight: 400;\">Camiones industriales en polvo.<\/span><\/li>\n<\/ul>\n<p><span style=\"font-weight: 400;\">Estos representan las infracciones m\u00e1s com\u00fanmente citadas de la agencia en sitios de construcci\u00f3n para empresas privadas. OSHA aplica multas a los empleadores que no siguen las pautas preestablecidas para minimizar los riesgos en el trabajo.<\/span><\/p>\n<h2><strong>Requisitos de seguridad del sitio de construcci\u00f3n<\/strong><\/h2>\n<p><span style=\"font-weight: 400;\">La Administraci\u00f3n de Seguridad y Salud Ocupacional (OSHA, por sus siglas en ingl\u00e9s) tiene requisitos para los trabajadores de la construcci\u00f3n y es espec\u00edfica para el sitio en cuanto al tipo de construcci\u00f3n y tareas que el trabajador est\u00e1 realizando. Los requisitos cubren todos los aspectos del sitio, incluido el funcionamiento del equipo y los veh\u00edculos, c\u00f3mo deben etiquetarse los productos qu\u00edmicos en una instalaci\u00f3n y c\u00f3mo se debe mantener la MSDS, as\u00ed como qu\u00e9 equipo de seguridad debe llevar un trabajador de la construcci\u00f3n en cada sitio tipo.<\/span><\/p>\n<p><span style=\"font-weight: 400;\">OSHA tiene estos requisitos para garantizar la seguridad de los trabajadores mientras est\u00e1n en el reloj. Los sitios de construcci\u00f3n pueden ser peligrosos, ya sea erigir un edificio, trabajar con una gr\u00faa o con un equipo de carreteras que repara las calles de la ciudad, cada uno presenta su propio conjunto de peligros.<\/span><\/p>\n<p><span style=\"font-weight: 400;\">Puedes encontrar una lista completa de las regulaciones de OSHA enumeradas por tipo de sitio en su sitio: <\/span><a href=\"https:\/\/www.osha.gov\/Publications\/OSHA3252\/3252.html\"><span style=\"font-weight: 400;\">Worker Safety Series &#8211; Construction.<\/span><\/a><span style=\"font-weight: 400;\">.<\/span><\/p>\n<p><span style=\"font-weight: 400;\">En la Ciudad de Nueva York, un proyecto de ley de seguridad de la construcci\u00f3n, ahora se convirti\u00f3 en ley como Ley Local 196 de 2017 en septiembre de 2017, que exige a todos los trabajadores y supervisores en los sitios de construcci\u00f3n de edificios obtener una capacitaci\u00f3n de seguridad obligatoria. Para el 1 de marzo de 2018, la mayor\u00eda de los trabajadores de la construcci\u00f3n deb\u00edan haber tomado y mostrar pruebas de 10 horas de capacitaci\u00f3n en seguridad.<\/span><\/p>\n<p><span style=\"font-weight: 400;\">Si el titular de un permiso (generalmente la empresa de construcci\u00f3n) no puede mostrar pruebas al Departamento de Edificios (DOB, por sus siglas en ingl\u00e9s) de que todos los trabajadores en el sitio han completado la capacitaci\u00f3n requerida, se emitir\u00e1 una multa de $ 5,000 por trabajador no capacitado para el titular del permiso, propietario del sitio, y el empleador del trabajador no entrenado.<\/span><\/p>\n<h2><strong>Lesiones en el lugar de trabajo<\/strong><\/h2>\n<p><span style=\"font-weight: 400;\">Incluso el trabajador m\u00e1s consciente de la seguridad puede ser v\u00edctima de un accidente de construcci\u00f3n. Algunos ejemplos de los accidentes en el trabajo que tu abogado de accidentes de construcci\u00f3n de Long Island podr\u00e1 ayudarte son los siguientes:<\/span><\/p>\n<ul>\n<li style=\"font-weight: 400;\"><b> Lesiones el\u00e9ctricas:<\/b><span style=\"font-weight: 400;\"> los trabajadores de la construcci\u00f3n a menudo est\u00e1n rodeados de l\u00edneas el\u00e9ctricas y cableado el\u00e9ctrico. Si estos sistemas el\u00e9ctricos no est\u00e1n bien mantenidos o no est\u00e1n claramente definidos, un trabajador corre un gran riesgo de sufrir lesiones en un accidente el\u00e9ctrico. <\/span><\/li>\n<li style=\"font-weight: 400;\"><b><a href=\"https:\/\/staging.nylawnet.com\/long-island-construction-accident-lawyer\/falls\/\">Ca\u00eddas:<\/a> \u2013<\/b><span style=\"font-weight: 400;\">  las ca\u00eddas son la causa principal de accidentes fatales en la construcci\u00f3n. En 2015, las ca\u00eddas fueron responsables de casi el <\/span><a href=\"https:\/\/www.osha.gov\/oshstats\/commonstats.html\" target=\"_blank\" rel=\"noopener noreferrer\"><span style=\"font-weight: 400;\">39 por ciento de todas las muertes por<\/span><\/a><span style=\"font-weight: 400;\">.<\/span><\/li>\n<li style=\"font-weight: 400;\"><b><a href=\"https:\/\/staging.nylawnet.com\/long-island-construction-accident-lawyer\/falls\/\">Accidentes de escaleras:<\/a><\/b><span style=\"font-weight: 400;\">  caerse de una escalera es uno de los tipos m\u00e1s comunes de accidentes de ca\u00eddas para los cuales un trabajador de la construcci\u00f3n est\u00e1 en riesgo. <\/span><a href=\"http:\/\/ehstoday.com\/nothing-easy-falling-off-ladder\" target=\"_blank\" rel=\"noopener noreferrer\"><span style=\"font-weight: 400;\">El veinte por ciento de las lesiones por ca\u00eddas involucran escaleras.<\/span><\/a><span style=\"font-weight: 400;\">.<\/span><\/li>\n<li style=\"font-weight: 400;\"><b>Escombros que caen:<\/b><span style=\"font-weight: 400;\"> los trabajadores a nivel del suelo deben estar constantemente atentos a los materiales que podr\u00edan caerse y causar lesiones, desde vigas de acero hasta clavos sueltos. Una lesi\u00f3n por la ca\u00edda de escombros puede ser catastr\u00f3fica y f\u00e1cilmente ocasionar una lesi\u00f3n cerebral traum\u00e1tica, una lesi\u00f3n en la columna o la muerte.<\/span><\/li>\n<li style=\"font-weight: 400;\"><b>Accidentes de <a href=\"https:\/\/staging.nylawnet.com\/long-island-construction-accident-lawyer\/forklift-accidents\/\">gr\u00faas y montacargas<\/a> :<\/b><span style=\"font-weight: 400;\"> la maquinaria pesada que no se mantiene adecuadamente o que funciona mal puede representar un peligro grave tanto para el operador como para los trabajadores en el \u00e1rea circundante.<\/span><\/li>\n<li style=\"font-weight: 400;\"><b>Quemaduras:<\/b><span style=\"font-weight: 400;\"> los trabajadores de la construcci\u00f3n a menudo corren el riesgo de sufrir una quemadura, ya sea por un problema el\u00e9ctrico, explosi\u00f3n, sustancias qu\u00edmicas o de otra fuente.<\/span><\/li>\n<li style=\"font-weight: 400;\"><b>Exposici\u00f3n a sustancias t\u00f3xicas:<\/b><span style=\"font-weight: 400;\"> los empleadores y los due\u00f1os de propiedades est\u00e1n obligados por ley a garantizar que los trabajadores de la construcci\u00f3n no est\u00e9n expuestos a cantidades peligrosas de sustancias qu\u00edmicas t\u00f3xicas, que pueden causar da\u00f1os internos y enfermedades. Las sustancias qu\u00edmicas peligrosas a las que puede estar expuesto un trabajador de la construcci\u00f3n incluyen plomo, asbesto, benceno y formaldeh\u00eddo.<\/span><\/li>\n<\/ul>\n<h2><strong>Ley del Trabajo de Nueva York: Secci\u00f3n 240<\/strong><\/h2>\n<p><a href=\"https:\/\/staging.nylawnet.com\/blog\/labor-law-240\/\"><span style=\"font-weight: 400;\">La Secci\u00f3n 240 de la Ley del Trabajo de Nueva York es una importante ley de compensaci\u00f3n para trabajadores en el estado. Es parte de un conjunto de leyes laborales dise\u00f1adas para proteger a los trabajadores en los sitios de construcci\u00f3n de estar involucrados en accidentes relacionados con la construcci\u00f3n. Esta secci\u00f3n en particular tiene que ver con ca\u00eddas desde lugares altos, una de las causas m\u00e1s comunes de accidentes en los sitios de trabajo.<\/span><\/p>\n<p><span style=\"font-weight: 400;\">La secci\u00f3n 240 indica que los trabajadores tienen derecho a la protecci\u00f3n contra ca\u00eddas cuando est\u00e1n trabajando en una elevaci\u00f3n elevada. Tambi\u00e9n incluye protecciones contra lesiones relacionadas con ca\u00eddas de objetos desde lugares altos..<\/span><\/p>\n<p><span style=\"font-weight: 400;\">M\u00e1s com\u00fanmente, la Secci\u00f3n 240 se conoce como la Ley de Andamios. Proporciona requisitos muy espec\u00edficos para los empleadores, incluida la gesti\u00f3n de proyectos, para proporcionar los pasos necesarios para garantizar la seguridad de un empleado mientras trabaja en el lugar de trabajo para cualquier tipo de trabajo relacionado con la construcci\u00f3n.<\/span><\/p>\n<p><span style=\"font-weight: 400;\">Se aplica a todas las partes, incluido el propietario del proyecto, el gerente del proyecto, el contratista general y el propietario del edificio. Deben usarse m\u00e9todos apropiados y aprobados por OSHA para evitar que los trabajadores de la construcci\u00f3n se caigan de lugares altos o sean golpeados por cualquier tipo de objetos que caigan. Si esto no se hace de acuerdo con las pautas de OSHA, el gerente del proyecto, el propietario o el contratista general pueden ser responsables de las lesiones sufridas por el empleado.<\/span><\/p>\n<p><span style=\"font-weight: 400;\">Esto incluye cualquier p\u00e9rdida financiera sufrida por el empleado como resultado de una falta de orientaci\u00f3n o protecci\u00f3n. Los empleadores no solo deben proporcionar las herramientas reales para que se produzcan estas protecciones, sino que tambi\u00e9n deben asegurarse de que todos los empleados las cumplan.<\/span><\/p>\n<h2><strong>\u00bfPuedo obtener m\u00e1s de lo que pagan los trabajadores por un accidente de construcci\u00f3n?<\/strong><\/h2>\n<p><span style=\"font-weight: 400;\">Muchos trabajadores de la construcci\u00f3n tienen la expectativa de que despu\u00e9s de una lesi\u00f3n en el lugar de trabajo, la \u00fanica manera de recibir ayuda monetaria es a trav\u00e9s de la compensaci\u00f3n de los trabajadores. Sin embargo, hay muchas situaciones en las que puedes demandar por tus lesiones y ser compensado m\u00e1s all\u00e1 de lo que proporciona la compensaci\u00f3n de los trabajadores.<\/span><\/p>\n<p><span style=\"font-weight: 400;\">Las situaciones en las que puede presentar una demanda por lesiones personales contra la parte negligente son las siguientes:<\/span><\/p>\n<ul>\n<li style=\"font-weight: 400;\"><span style=\"font-weight: 400;\">Te lesionaste debido a las acciones de un tercero: si un contratista fuera de tu empleador o un transe\u00fante caus\u00f3 el accidente, puedes responsabilizarlo.<\/span><\/li>\n<li style=\"font-weight: 400;\"><span style=\"font-weight: 400;\">Te lesionaste como resultado de la negligencia o malicia intencional de un empleador o compa\u00f1ero de trabajo: podr\u00edas presentar una demanda por lesiones personales contra la parte sumamente negligente.<\/span><\/li>\n<li style=\"font-weight: 400;\"><span style=\"font-weight: 400;\">Te lesionaste por un <\/span><a href=\"https:\/\/staging.nylawnet.com\/long-island-product-liability-lawyer\/\"><span style=\"font-weight: 400;\">producto defectuoso<\/span><\/a><span style=\"font-weight: 400;\">: un equipo de seguridad defectuoso o una maquinaria que cause lesiones puede significar que el fabricante del producto es responsable<\/span><\/li>\n<li style=\"font-weight: 400;\"><span style=\"font-weight: 400;\">Te lesionaste por la exposici\u00f3n a una sustancia t\u00f3xica: es posible que puedas presentar una demanda contra el fabricante de la sustancia.<\/span><\/li>\n<li style=\"font-weight: 400;\"><span style=\"font-weight: 400;\">Tu empleador no tiene seguro de compensaci\u00f3n para trabajadores: en este caso, puedes demandar a tu empleador en un tribunal civil.<\/span><\/li>\n<\/ul>\n<p><span style=\"font-weight: 400;\">Hay varias razones para buscar un acuerdo m\u00e1s all\u00e1 de lo que generalmente se otorga en la compensaci\u00f3n de los trabajadores. El pago de compensaci\u00f3n laboral por incapacidad temporal o permanente puede ser incre\u00edblemente bajo y no tener en cuenta factores intangibles como el dolor y el sufrimiento o la p\u00e9rdida de calidad de vida. Adem\u00e1s, la compensaci\u00f3n de los trabajadores no responsabiliza a los empleadores negligentes al hacerles pagar los da\u00f1os.<br \/>\n<span style=\"font-weight: 400;\">Cualquiera puede lesionarse en el trabajo y, por lo tanto, tener derecho a la compensaci\u00f3n laboral. Sin embargo, tu abogado experto en accidentes de construcci\u00f3n en Long Island trabajar\u00e1 para asegurarte de que si tu lesi\u00f3n califica para un reclamo por lesiones personales, ya sea contra el empleador, el fabricante del producto u otra persona, recibir\u00e1s cada centavo que se te debe.<\/span><\/p>\n<h2><strong>Violaciones de OSHA y tu reclamo<\/strong><\/h2>\n<p><span style=\"font-weight: 400;\">Si has sido lesionado en un accidente de construcci\u00f3n, hay muchas personas y entidades que podr\u00edan ser responsables. En cualquier proyecto dado, hay varias personas involucradas: un contratista general, subcontratistas, arquitectos, ingenieros, el propietario, proveedores de materiales y m\u00e1s. <\/span><\/p>\n<p><span style=\"font-weight: 400;\">La Administraci\u00f3n de Seguridad y Salud Ocupacional (OSHA)  <a href=\"https:\/\/staging.nylawnet.com\/blog\/nyc-construction-worker-safety\/\">tiene normas que rigen la seguridad de los lugares de trabajo<\/a>, incluidos los sitios de construcci\u00f3n. OSHA tiene regulaciones para todos los aspectos de la industria de la construcci\u00f3n, incluidos los andamios, la protecci\u00f3n contra ca\u00eddas, la construcci\u00f3n de acero, la demolici\u00f3n y las escaleras, solo para mencionar algunos.<\/span><\/p>\n<p><span style=\"font-weight: 400;\">Cualquier violaci\u00f3n de OSHA u otras normas aceptadas de la industria puede hacer que un empleador sea responsable en un accidente de construcci\u00f3n. Un empleador podr\u00eda ser responsable debido a una acci\u00f3n u omisi\u00f3n, ya sea actuando de una manera que podr\u00eda causar un da\u00f1o al trabajador (como la necesidad de exposici\u00f3n a sustancias qu\u00edmicas no seguras), o el incumplimiento de las tareas clave del trabajo (como la capacitaci\u00f3n adecuada de los empleados).<\/span><\/p>\n<h2><strong>Obt\u00e9n todo lo que te debes<\/strong><\/h2>\n<p><span style=\"font-weight: 400;\">Las reclamaciones de compensaci\u00f3n de trabajadores generalmente no son exhaustivas y no responsabilizan a las partes negligentes por sus comportamientos. Tu abogado experto en accidentes de construcci\u00f3n en Long Island trabajar\u00e1 para obtener un acuerdo que represente todas las dificultades que puede enfrentar despu\u00e9s de tu lesi\u00f3n, incluidos los siguientes da\u00f1os:<\/span><\/p>\n<ul>\n<li style=\"font-weight: 400;\"><span style=\"font-weight: 400;\">Facturas m\u00e9dicas actuales y futuras.<\/span><\/li>\n<li style=\"font-weight: 400;\"><span style=\"font-weight: 400;\">CCosto del equipo de movilidad y medicaci\u00f3n.<\/span><\/li>\n<li style=\"font-weight: 400;\"><span style=\"font-weight: 400;\">Los salarios perdidos y la capacidad de generar ingresos<\/span><\/li>\n<li style=\"font-weight: 400;\"><span style=\"font-weight: 400;\">Terapia f\u00edsica y emocional.<\/span><\/li>\n<li style=\"font-weight: 400;\"><span style=\"font-weight: 400;\">Modificaciones en el hogar o veh\u00edculo para acomodar una nueva discapacidad<\/span><\/li>\n<li style=\"font-weight: 400;\"><a href=\"https:\/\/staging.nylawnet.com\/blog\/pain-and-suffering-compensation\/\"><span style=\"font-weight: 400;\">Dolor y sufrimiento<\/span><\/a><\/li>\n<li style=\"font-weight: 400;\"><span style=\"font-weight: 400;\"><a href=\"https:\/\/staging.nylawnet.com\/blog\/emotional-distress-lawsuit\/\">Angustia emocional<\/a> y desfiguraci\u00f3n permanente.<\/span><\/li>\n<li style=\"font-weight: 400;\"><span style=\"font-weight: 400;\">P\u00e9rdida del disfrute de la vida<br \/>\n<\/span><\/li>\n<\/ul>\n<h2><strong>Preguntas frecuentes sobre accidentes de construcci\u00f3n<br \/>\n<\/strong><\/h2>\n<p><span style=\"font-weight: 400;\">Las lesiones en el trabajo provocan situaciones confusas y estresantes. Hemos proporcionado algunas respuestas a preguntas comunes aqu\u00ed, pero un abogado de accidentes de construcci\u00f3n de Long Island de nuestra firma estar\u00e1 encantado de proporcionarte informaci\u00f3n adicional relacionada con tu situaci\u00f3n espec\u00edfica.<\/span><\/p>\n<h3><strong>\u00bfPuedo obtener una compensaci\u00f3n laboral si presento una demanda por lesiones personales?<br \/>\n<\/strong><\/h3>\n<p><span style=\"font-weight: 400;\">S\u00cd, los dos son complementarios m\u00e1s que mutuamente excluyentes. Debes presentar tu reclamo de compensaci\u00f3n del trabajador inmediatamente para que puedas comenzar a recibir beneficios de inmediato. Cualquier cosa que no est\u00e9 cubierta por la compensaci\u00f3n de los trabajadores se puede incluir en tu reclamo por lesiones personales.<\/span><\/p>\n<h3><strong>\u00bfC\u00f3mo demuestro que mi empleador me puso en peligro conscientemente?<br \/>\n<\/strong><\/h3>\n<p><span style=\"font-weight: 400;\">Si tu empleador tiene un historial de violaciones de OSHA, ser\u00e1 un gran paso para probar tu caso, especialmente si alguna de las violaciones tuvo que ver con las circunstancias en las que resultaste herido.<\/span><\/p>\n<h3><strong>\u00bfC\u00f3mo me compensan si un autom\u00f3vil me atropell\u00f3 mientras realizaba trabajos en la carretera?<br \/>\n<\/strong><\/h3>\n<p><span style=\"font-weight: 400;\">Es probable que tengas un caso muy fuerte contra el conductor que te golpe\u00f3, especialmente si usaba un chaleco naranja o si el conductor estaba acelerando. Podr\u00e1s perseguir los da\u00f1os del conductor, que probablemente provendr\u00e1n de tu p\u00f3liza de seguro de autom\u00f3vil.<\/span><\/p>\n<h4><strong>P\u00f3nte en contacto con un abogado experto en lesiones de la construcci\u00f3n de Long Island<br \/>\n<\/strong><\/h4>\n<p><span style=\"font-weight: 400;\">Si has sido lesionado en un accidente de construcci\u00f3n debido a una negligencia deliberada o por el descuido de un tercero, mereces m\u00e1s que solo la compensaci\u00f3n de los trabajadores. Un abogado experto en accidentes de construcci\u00f3n en Long Island de <\/span><a href=\"https:\/\/staging.nylawnet.com\/\"><span style=\"font-weight: 400;\">Siler &amp; Ingber, LLP<\/span><\/a><span style=\"font-weight: 400;\"> trabajar\u00e1 para responsabilizar a la parte negligente. Programa tu consulta gratuita hoy llamando al <a href=\"tel:18777186079\">1-877-718-6079<\/a> o utilizando el formulario en l\u00ednea en esta p\u00e1gina.<\/span><\/p>\n<p>&nbsp;<\/p>\n<p>Informaci\u00f3n relacionada<\/p>\n<ul>\n<li><a href=\"https:\/\/staging.nylawnet.com\/blog\/labor-law-241\/\">Ley Laboral de Nueva York 241<br \/>\n<\/a><\/li>\n<li><a href=\"https:\/\/staging.nylawnet.com\/blog\/labor-law-200\/\">Ley Laboral de Nueva York 200<br \/>\n<\/a><\/li>\n<\/ul>\n<p>[\/vc_column_text][\/vc_column][\/vc_row][vc_row el_class=\u00bbhidethisrow\u00bb][vc_column width=\u00bb1\/1&#8243;][vc_column_text][fc id=&#8217;8&#8242; type=&#8217;popup&#8217; button_color=&#8217;#4488ee&#8217; font_color=&#8217;white&#8217;]Schedule A Free Consultation[\/fc]<\/p>\n<p>[\/vc_column_text][\/vc_column][\/vc_row]<\/p>\n","protected":false},"excerpt":{"rendered":"<p>[vc_row][vc_column][vc_column_text] Abogados expertos en accidentes de construcci\u00f3n en Long Island Herirte mientras trabajas en una obra de construcci\u00f3n puede dejarte incapacitado para trabajar y con una serie de da\u00f1os y p\u00e9rdidas. Averig\u00fca si puede obtener m\u00e1s de lo que te ofrece la compensaci\u00f3n de los trabajadores consultando a un abogado experto en accidentes de construcci\u00f3n&#8230;<\/p>\n","protected":false},"author":10,"featured_media":0,"parent":0,"menu_order":0,"comment_status":"closed","ping_status":"closed","template":"","meta":[],"_links":{"self":[{"href":"https:\/\/staging.nylawnet.com\/es\/wp-json\/wp\/v2\/pages\/12145\/"}],"collection":[{"href":"https:\/\/staging.nylawnet.com\/es\/wp-json\/wp\/v2\/pages\/"}],"about":[{"href":"https:\/\/staging.nylawnet.com\/es\/wp-json\/wp\/v2\/types\/page\/"}],"author":[{"embeddable":true,"href":"https:\/\/staging.nylawnet.com\/es\/wp-json\/wp\/v2\/users\/10\/"}],"replies":[{"embeddable":true,"href":"https:\/\/staging.nylawnet.com\/es\/wp-json\/wp\/v2\/comments\/?post=12145"}],"version-history":[{"count":0,"href":"https:\/\/staging.nylawnet.com\/es\/wp-json\/wp\/v2\/pages\/12145\/revisions\/"}],"wp:attachment":[{"href":"https:\/\/staging.nylawnet.com\/es\/wp-json\/wp\/v2\/media\/?parent=12145"}],"curies":[{"name":"wp","href":"https:\/\/api.w.org\/{rel}","templated":true}]}}