{"id":12190,"date":"2019-02-24T09:26:14","date_gmt":"2019-02-24T09:26:14","guid":{"rendered":"https:\/\/staging.nylawnet.com\/?page_id=12190"},"modified":"2019-06-11T15:18:44","modified_gmt":"2019-06-11T15:18:44","slug":"case-results","status":"publish","type":"page","link":"https:\/\/staging.nylawnet.com\/es\/case-results\/","title":{"rendered":"Resultados"},"content":{"rendered":"<p>[vc_row el_class=\u00bbsettlement-1 settlement-inner\u00bb][vc_column width=\u00bb1\/1&#8243;][vc_column_text]<\/p>\n<h1 style=\"text-align: center;\"><span style=\"color: #cc0000;\">$<\/span><span style=\"color: #000000;\">10,000,000<\/span><\/h1>\n<h2 style=\"text-align: center;\"><span style=\"color: #000000;\">Ambulancia de accidentes y remolques \/ camiones<\/span><\/h2>\n<p style=\"text-align: center;\">Una pasajera de 35 a\u00f1os <a href=\"https:\/\/staging.nylawnet.com\/blog\/emergency-vehicle-accidents\/\">en una ambulancia<\/a> fue golpeada por un cami\u00f3n de 18 ruedas que result\u00f3 en la p\u00e9rdida de dos extremidades.<\/p>\n<p>[\/vc_column_text][\/vc_column][\/vc_row][vc_row el_class=\u00bbsettlement-2 settlement-inner\u00bb][vc_column width=\u00bb1\/1&#8243;][vc_column_text]<\/p>\n<h1 style=\"text-align: center;\"><span style=\"color: #cc0000;\">$5<\/span><span style=\"color: #000000;\">,994,450<\/span><\/h1>\n<h2 style=\"text-align: center;\"><span style=\"color: #000000;\">Lesiones en el trabajo<\/span><\/h2>\n<p style=\"text-align: center;\">Un lavador a presi\u00f3n masculino de 58 a\u00f1os estaba en un lugar de trabajo donde comenz\u00f3 a descender por una escalera, la escalera se movi\u00f3 causando que nuestro cliente se cayera. Nuestro cliente se someti\u00f3 a una cirug\u00eda de columna vertebral y se emiti\u00f3 un veredicto de $ 6 millones de d\u00f3lares.<\/p>\n<p>[\/vc_column_text][\/vc_column][\/vc_row][vc_row el_class=\u00bbsettlement-3 settlement-inner\u00bb][vc_column width=\u00bb1\/1&#8243;][vc_column_text]<\/p>\n<h1 style=\"text-align: center;\"><span style=\"color: #cc0000;\">$<\/span><span style=\"color: #000000;\">3,100,000<\/span><\/h1>\n<h2 style=\"text-align: center;\"><span style=\"color: #000000;\">Accidente automovilistico<br \/>\n<\/span><\/h2>\n<p style=\"text-align: center;\">Una mujer de 47 a\u00f1os conduc\u00eda a su casa cuando un veh\u00edculo comercial detuvo su auto. Ella requiri\u00f3 un procedimiento quir\u00fargico de fusi\u00f3n lumbar.<\/p>\n<p>[\/vc_column_text][\/vc_column][\/vc_row][vc_row el_class=\u00bbsettlement-4 settlement-inner\u00bb][vc_column width=\u00bb1\/1&#8243;][vc_column_text]<\/p>\n<h1 style=\"text-align: center;\"><span style=\"color: #cc0000;\">$<span style=\"color: #000000;\">2<\/span><\/span><span style=\"color: #000000;\">,500,000<\/span><\/h1>\n<h2 style=\"text-align: center;\"><span style=\"color: #000000;\">Accidente de trabajo (construcci\u00f3n)<\/span><\/h2>\n<p style=\"text-align: center;\">Un trabajador de sexo masculino salvadore\u00f1o indocumentado de 48 a\u00f1os sufri\u00f3 lesiones catastr\u00f3ficas debido a la ca\u00edda desde una altura en el trabajo. El acuerdo fue por su atenci\u00f3n m\u00e9dica y la p\u00e9rdida de ingresos debido a sus discapacidades por la ca\u00edda.<\/p>\n<p>[\/vc_column_text][\/vc_column][\/vc_row][vc_row el_class=\u00bbsettlement-5 settlement-inner\u00bb][vc_column width=\u00bb1\/1&#8243;][vc_column_text]<\/p>\n<h1 style=\"text-align: center;\"><span style=\"color: #cc0000;\">$<span style=\"color: #000000;\">2<\/span><\/span><span style=\"color: #000000;\">,250,000<\/span><\/h1>\n<h2 style=\"text-align: center;\"><span style=\"color: #000000;\">Accidente de autob\u00fas<\/span><\/h2>\n<p style=\"text-align: center;\">Un vendedor masculino de 72 a\u00f1os paseaba a su perro en el cruce de una intersecci\u00f3n en la ciudad de Nueva York cuando un autob\u00fas que daba vuelta a la izquierda golpe\u00f3 a nuestro cliente. Nuestro cliente requiri\u00f3 numerosas cirug\u00edas de pierna. En v\u00edsperas del juicio, el caso se resolvi\u00f3 contra la ciudad de Nueva York.<\/p>\n<p>[\/vc_column_text][\/vc_column][\/vc_row][vc_row el_class=\u00bbsettlement-6 settlement-inner\u00bb][vc_column width=\u00bb1\/1&#8243;][vc_column_text]<\/p>\n<h1 style=\"text-align: center;\"><span style=\"color: #cc0000;\">$<span style=\"color: #000000;\">2,000,000<\/span><\/span><\/h1>\n<h2 style=\"text-align: center;\"><span style=\"color: #000000;\">Golpe En Accidente Trasero<\/span><\/h2>\n<p style=\"text-align: center;\">Un hombre de 55 a\u00f1os de edad fue retrasado en una se\u00f1al de alto en el condado de Suffolk. Ten\u00eda una hernia de disco en el cuello que requer\u00eda cirug\u00eda cervical.<\/p>\n<p>[\/vc_column_text][\/vc_column][\/vc_row][vc_row el_class=\u00bbsettlement-7 settlement-inner\u00bb][vc_column width=\u00bb1\/1&#8243;][vc_column_text]<\/p>\n<h1 style=\"text-align: center;\"><span style=\"color: #cc0000;\">$<span style=\"color: #000000;\">1,100,000<\/span><\/span><\/h1>\n<h2 style=\"text-align: center;\"><span style=\"color: #000000;\">Lesiones Laborales (Construcci\u00f3n)<\/span><\/h2>\n<p style=\"text-align: center;\">Un hombre de 64 a\u00f1os fue golpeado por un transpaleta mientras trabajaba. Nuestro cliente sufri\u00f3 un menisco roto que requiri\u00f3 cirug\u00eda de rodilla y una hernia de disco lumbar. El caso se resolvi\u00f3 en el juicio en el condado de Kings.<\/p>\n<p>[\/vc_column_text][\/vc_column][\/vc_row][vc_row el_class=\u00bbsettlement-8 settlement-inner\u00bb][vc_column width=\u00bb1\/1&#8243;][vc_column_text]<\/p>\n<h1 style=\"text-align: center;\"><span style=\"color: #cc0000;\">$<\/span><span style=\"color: #000000;\">925,000<\/span><\/h1>\n<h2 style=\"text-align: center;\"><span style=\"color: #000000;\">Accidente automovilistico<\/span><\/h2>\n<p style=\"text-align: center;\">Una mujer de 23 a\u00f1os en un pasajero del condado de Nassau en un accidente automovil\u00edstico sufri\u00f3 una hernia de disco que result\u00f3 en una cirug\u00eda lumbar.<\/p>\n<p>[\/vc_column_text][\/vc_column][\/vc_row][vc_row el_class=\u00bbsettlement-9 settlement-inner\u00bb][vc_column width=\u00bb1\/1&#8243;][vc_column_text]<\/p>\n<h1 style=\"text-align: center;\"><span style=\"color: #cc0000;\">$<\/span><span style=\"color: #000000;\">725,000<\/span><\/h1>\n<h2 style=\"text-align: center;\"><span style=\"color: #000000;\">Peat\u00f3n atropellado<\/span><\/h2>\n<p style=\"text-align: center;\">Un var\u00f3n de 75 a\u00f1os en la ciudad de Nueva York se someti\u00f3 a m\u00faltiples cirug\u00edas de piernas debido a ser atropellado por un veh\u00edculo motorizado mientras cruzaba la calle de camino a un espect\u00e1culo de Broadway.<\/p>\n<p>[\/vc_column_text][\/vc_column][\/vc_row][vc_row el_class=\u00bbsettlement-10 settlement-inner\u00bb][vc_column width=\u00bb1\/1&#8243;][vc_column_text]<\/p>\n<h1 style=\"text-align: center;\"><span style=\"color: #cc0000;\">$<\/span><span style=\"color: #000000;\">700,000<\/span><\/h1>\n<h2 style=\"text-align: center;\"><span style=\"color: #000000;\">Accidente automovilistico<\/span><\/h2>\n<p style=\"text-align: center;\">Una mujer sufri\u00f3 queraduras en una intersecci\u00f3n y varias personas en el veh\u00edculo sufrieron lesiones por latigazo. Nuestro cliente sufri\u00f3 otras lesiones graves que resultaron en un acuerdo de $ 700K.<\/p>\n<p>[\/vc_column_text][\/vc_column][\/vc_row][vc_row el_class=\u00bbsettlement-11 settlement-inner\u00bb][vc_column width=\u00bb1\/1&#8243;][vc_column_text]<\/p>\n<h1 style=\"text-align: center;\"><span style=\"color: #cc0000;\">$<span style=\"color: #000000;\">7<\/span><\/span><span style=\"color: #000000;\">00,000<\/span><\/h1>\n<h2 style=\"text-align: center;\"><span style=\"color: #000000;\">Ca\u00edda de cajas en supermercado <\/span><\/h2>\n<p style=\"text-align: center;\">Un cliente de un supermercado result\u00f3 herido cuando buscaba un art\u00edculo en el estante de la tienda cuando las cajas pesadas y mal colocadas en un nivel superior ca\u00edan sobre ella. La mujer sufri\u00f3 lesiones no mortales y recibi\u00f3 un veredicto de $ 700K.<\/p>\n<p>[\/vc_column_text][\/vc_column][\/vc_row][vc_row el_class=\u00bbsettlement-12 settlement-inner\u00bb][vc_column width=\u00bb1\/1&#8243;][vc_column_text]<\/p>\n<h1 style=\"text-align: center;\"><span style=\"color: #cc0000;\">$<\/span><span style=\"color: #000000;\">675,000<\/span><\/h1>\n<h2 style=\"text-align: center;\"><span style=\"color: #000000;\">Resbal\u00f3n y ca\u00edda<\/span><\/h2>\n<p style=\"text-align: center;\">Nuestro cliente se hab\u00eda tropezado y ca\u00eddo en el pavimento de la acera agrietado y dislocado fuera de una tienda de conveniencia. El impacto en el cuerpo en el accidente de resbalones y ca\u00eddas caus\u00f3 fracturas en las v\u00e9rtebras. Un acuerdo de $ 675K fue recuperado.<\/p>\n<p>[\/vc_column_text][\/vc_column][\/vc_row][vc_row el_class=\u00bbsettlement-13 settlement-inner\u00bb][vc_column width=\u00bb1\/1&#8243;][vc_column_text]<\/p>\n<h1 style=\"text-align: center;\"><span style=\"color: #cc0000;\">$<\/span><span style=\"color: #000000;\">650,000<\/span><\/h1>\n<h2 style=\"text-align: center;\"><span style=\"color: #000000;\">Resbal\u00f3n y ca\u00edda (cubierta de hielo) <\/span><\/h2>\n<p style=\"text-align: center;\">Un hombre anciano que viv\u00eda en el hotel Pines Motor Lodge en el condado de Nassau se resbal\u00f3 y cay\u00f3 al hielo en el estacionamiento, lo que le hizo golpear la cabeza. Los acusados argumentaron que nuestro cliente estaba intoxicado. Las lesiones del demandante fueron consistentes con un trauma en la cabeza y una p\u00e9rdida de memoria postraum\u00e1tica. Caso resuelto en el juicio.<\/p>\n<p>[\/vc_column_text][\/vc_column][\/vc_row][vc_row el_class=\u00bbsettlement-14 settlement-inner\u00bb][vc_column width=\u00bb1\/1&#8243;][vc_column_text]<\/p>\n<h1 style=\"text-align: center;\"><span style=\"color: #cc0000;\">$<\/span><span style=\"color: #000000;\">600,000<\/span><\/h1>\n<h2 style=\"text-align: center;\"><span style=\"color: #000000;\">Da\u00f1o a la propiedad<\/span><\/h2>\n<p style=\"text-align: center;\">Un veh\u00edculo sufri\u00f3 da\u00f1os a la propiedad debido a clavos para techos encontrados en su propiedad. La video vigilancia mostr\u00f3 que los contratistas no limpiaron despu\u00e9s de rehacer el techo de los clientes. Caso resuelto antes del juicio por $ 600,000.<\/p>\n<p>[\/vc_column_text][\/vc_column][\/vc_row][vc_row el_class=\u00bbsettlement-15 settlement-inner\u00bb][vc_column width=\u00bb1\/1&#8243;][vc_column_text]<\/p>\n<h1 style=\"text-align: center;\"><span style=\"color: #cc0000;\">$<\/span><span style=\"color: #000000;\">505,000<\/span><\/h1>\n<h2 style=\"text-align: center;\"><span style=\"color: #000000;\">Mordida de perro<\/span><\/h2>\n<p style=\"text-align: center;\">Una ni\u00f1a entr\u00f3 en la propiedad del due\u00f1o del perro para acariciar al perro. El perro atac\u00f3 la cara del ni\u00f1o. Como resultado, el cliente sufri\u00f3 una desfiguraci\u00f3n facial que requiri\u00f3 cirug\u00eda pl\u00e1stica. El caso resuelto en exceso de la p\u00f3liza de seguro.<\/p>\n<p>[\/vc_column_text][\/vc_column][\/vc_row][vc_row el_class=\u00bbsettlement-16 settlement-inner\u00bb][vc_column width=\u00bb1\/1&#8243;][vc_column_text]<\/p>\n<h1 style=\"text-align: center;\"><span style=\"color: #cc0000;\">$<\/span><span style=\"color: #000000;\">375,000<\/span><\/h1>\n<h2 style=\"text-align: center;\"><span style=\"color: #000000;\">Peat\u00f3n atropellado<\/span><\/h2>\n<p style=\"text-align: center;\">Recuperamos $ 370,000 en un arreglo para nuestro cliente jubilado de 87 a\u00f1os que caminaba en un estacionamiento de un peque\u00f1o centro comercial cuando el conductor acusado retrocedi\u00f3 hacia nuestro cliente y la tir\u00f3 al suelo.<\/p>\n<p>[\/vc_column_text][\/vc_column][\/vc_row][vc_row el_class=\u00bbsettlement-17 settlement-inner\u00bb][vc_column width=\u00bb1\/1&#8243;][vc_column_text]<\/p>\n<h1 style=\"text-align: center;\"><span style=\"color: #cc0000;\">$<\/span><span style=\"color: #000000;\">350,000<\/span><\/h1>\n<h2 style=\"text-align: center;\"><span style=\"color: #000000;\">Envenenamiento por mon\u00f3xido de carbono<\/span><\/h2>\n<p style=\"text-align: center;\">El cliente desarroll\u00f3 fiebre y la radiograf\u00eda de t\u00f3rax mostr\u00f3 opacidades en el lado derecho debido a un detector de mon\u00f3xido de carbono defectuoso.<\/p>\n<p>[\/vc_column_text][\/vc_column][\/vc_row][vc_row el_class=\u00bbsettlement-18 settlement-inner\u00bb][vc_column width=\u00bb1\/1&#8243;][vc_column_text]<\/p>\n<h1 style=\"text-align: center;\"><span style=\"color: #cc0000;\">$<\/span><span style=\"color: #000000;\">300,000<\/span><\/h1>\n<h2 style=\"text-align: center;\"><span style=\"color: #000000;\">Neum\u00e1tico defectuoso<\/span><\/h2>\n<p style=\"text-align: center;\">Nuestro cliente sufri\u00f3 un accidente de explosi\u00f3n debido a que se le ajust\u00f3 el tipo incorrecto de neum\u00e1ticos, se present\u00f3 una reclamaci\u00f3n v\u00e1lida contra el taller de negligencia y se recuperaron $ 300,000.<\/p>\n<p>[\/vc_column_text][\/vc_column][\/vc_row][vc_row el_class=\u00bbsettlement-19 settlement-inner\u00bb][vc_column width=\u00bb1\/1&#8243;][vc_column_text]<\/p>\n<h1 style=\"text-align: center;\"><span style=\"color: #cc0000;\">$<\/span><span style=\"color: #000000;\">250,000<\/span><\/h1>\n<h2 style=\"text-align: center;\"><span style=\"color: #000000;\">Accidente de camion<\/span><\/h2>\n<p style=\"text-align: center;\">Nuestro cliente sufri\u00f3 una fractura de clav\u00edcula y un tobillo roto. Despu\u00e9s de que nuestros abogados llevaron a la compa\u00f1\u00eda de camiones a los tribunales, nuestro cliente fue premiado tanto por sus lesiones como por los da\u00f1os y perjuicios que sufri\u00f3 como resultado de la velocidad del remolque del tractor.\/p&gt;<br \/>\n[\/vc_column_text][\/vc_column][\/vc_row][vc_row el_class=\u00bbsettlement-20 settlement-inner\u00bb][vc_column width=\u00bb1\/1&#8243;][vc_column_text]<\/p>\n<h1 style=\"text-align: center;\"><span style=\"color: #cc0000;\">$<\/span><span style=\"color: #000000;\">225,000<\/span><\/h1>\n<h2 style=\"text-align: center;\"><span style=\"color: #000000;\">Mujer mayor cae<\/span><\/h2>\n<p style=\"text-align: center;\">Una anciana resbal\u00f3 y cay\u00f3 en un camino helado fuera de una tienda de comestibles. Las lesiones no fueron potencialmente mortales y pudimos recuperar un acuerdo de $ 225,000.<\/p>\n<p>[\/vc_column_text][\/vc_column][\/vc_row][vc_row el_class=\u00bbsettlement-21 settlement-inner\u00bb][vc_column width=\u00bb1\/1&#8243;][vc_column_text]<\/p>\n<h1 style=\"text-align: center;\"><span style=\"color: #cc0000;\">$<\/span><span style=\"color: #000000;\">195,000<\/span><\/h1>\n<h2 style=\"text-align: center;\"><span style=\"color: #000000;\">Quemaduras laser<\/span><\/h2>\n<p style=\"text-align: center;\">Una mujer de 37 a\u00f1os sufri\u00f3 quemaduras faciales mientras se somet\u00eda a una depilaci\u00f3n l\u00e1ser. Afortunadamente las cicatrices se curaron, pero pudimos asegurar el resultado.<\/p>\n<p>[\/vc_column_text][\/vc_column][\/vc_row][vc_row el_class=\u00bbsettlement-22 settlement-inner\u00bb][vc_column width=\u00bb1\/1&#8243;][vc_column_text]<\/p>\n<h1 style=\"text-align: center;\"><span style=\"color: #cc0000;\">$<\/span><span style=\"color: #000000;\">125,000<\/span><\/h1>\n<h2 style=\"text-align: center;\"><span style=\"color: #000000;\">Negligencia en hogares de ancianos<\/span><\/h2>\n<p style=\"text-align: center;\">Una mujer de 73 a\u00f1os en un asilo de ancianos recibi\u00f3 un acuerdo de $ 125,000 por haberse ca\u00eddo del inodoro cuando se supon\u00eda que deb\u00eda ser supervisada.<\/p>\n<p>[\/vc_column_text][\/vc_column][\/vc_row]<\/p>\n","protected":false},"excerpt":{"rendered":"<p>[vc_row el_class=\u00bbsettlement-1 settlement-inner\u00bb][vc_column width=\u00bb1\/1&#8243;][vc_column_text] $10,000,000 Ambulancia de accidentes y remolques \/ camiones Una pasajera de 35 a\u00f1os en una ambulancia fue golpeada por un cami\u00f3n de 18 ruedas que result\u00f3 en la p\u00e9rdida de dos extremidades. [\/vc_column_text][\/vc_column][\/vc_row][vc_row el_class=\u00bbsettlement-2 settlement-inner\u00bb][vc_column width=\u00bb1\/1&#8243;][vc_column_text] $5,994,450 Lesiones en el trabajo Un lavador a presi\u00f3n masculino de 58 a\u00f1os estaba en&#8230;<\/p>\n","protected":false},"author":10,"featured_media":0,"parent":0,"menu_order":0,"comment_status":"closed","ping_status":"closed","template":"templates\/template-full-width.php","meta":[],"_links":{"self":[{"href":"https:\/\/staging.nylawnet.com\/es\/wp-json\/wp\/v2\/pages\/12190\/"}],"collection":[{"href":"https:\/\/staging.nylawnet.com\/es\/wp-json\/wp\/v2\/pages\/"}],"about":[{"href":"https:\/\/staging.nylawnet.com\/es\/wp-json\/wp\/v2\/types\/page\/"}],"author":[{"embeddable":true,"href":"https:\/\/staging.nylawnet.com\/es\/wp-json\/wp\/v2\/users\/10\/"}],"replies":[{"embeddable":true,"href":"https:\/\/staging.nylawnet.com\/es\/wp-json\/wp\/v2\/comments\/?post=12190"}],"version-history":[{"count":1,"href":"https:\/\/staging.nylawnet.com\/es\/wp-json\/wp\/v2\/pages\/12190\/revisions\/"}],"predecessor-version":[{"id":13510,"href":"https:\/\/staging.nylawnet.com\/es\/wp-json\/wp\/v2\/pages\/12190\/revisions\/13510\/"}],"wp:attachment":[{"href":"https:\/\/staging.nylawnet.com\/es\/wp-json\/wp\/v2\/media\/?parent=12190"}],"curies":[{"name":"wp","href":"https:\/\/api.w.org\/{rel}","templated":true}]}}